{"id":12111,"date":"2025-04-27T08:06:55","date_gmt":"2025-04-27T08:06:55","guid":{"rendered":"https:\/\/www.colorflyprinting.com\/?post_type=product&#038;p=12111"},"modified":"2025-12-02T06:47:41","modified_gmt":"2025-12-02T06:47:41","slug":"high-quality-ghana-student-note-1-exercise-book","status":"publish","type":"product","link":"https:\/\/www.colorflyprinting.com\/de\/produkt\/hochwertiges-ghana-student-note-1-ubungsheft\/","title":{"rendered":"Hochwertiges Ghana Student Note 1 \u00dcbungsheft"},"content":{"rendered":"<div class=\"J_module\">\n<div id=\"ali-anchor-AliMagic-2t54mc\" class=\"magic-0\" data-section=\"AliMagic-2t54mc\" data-section-title=\"Product Description\" data-spm-anchor-id=\"a2700.details-description.0.i0.3424w877w877Wa\"><\/div>\n<\/div>\n<div class=\"J_module\">\n<div class=\"ife-detail-decorate-table\">\n<table class=\"has-title hight-light-first-column all magic-1\">\n<tbody>\n<tr>\n<td colspan=\"1\" rowspan=\"1\">\n<div class=\"magic-2\">Produktname<\/div>\n<\/td>\n<td colspan=\"5\" rowspan=\"1\">\n<div class=\"magic-3\">\n<div data-spm-anchor-id=\"0.0.0.i3.59844f05Z16MVb\">Heft<\/div>\n<\/div>\n<\/td>\n<\/tr>\n<tr>\n<td colspan=\"1\" rowspan=\"1\">\n<div class=\"magic-2\">Seiten<\/div>\n<\/td>\n<td colspan=\"5\" rowspan=\"1\">\n<div class=\"magic-3\">\n<div data-spm-anchor-id=\"0.0.0.i13.59844f05Z16MVb\">40 Blatt \/ individuell<\/div>\n<\/div>\n<\/td>\n<\/tr>\n<tr>\n<td colspan=\"1\" rowspan=\"1\">\n<div class=\"magic-2\">Gr\u00f6\u00dfe<\/div>\n<\/td>\n<td colspan=\"5\" rowspan=\"1\">\n<div class=\"magic-3\">A4 \/ A5 \/ 21*29,7 cm \/ 14,8*21 cm \/16,5*21,5 cm \/<b data-spm-anchor-id=\"a2700.siteadmin.0.i9.7dbcac40hV6uRY\">\u00a0<\/b><span data-spm-anchor-id=\"a2700.siteadmin.0.i9.7dbcac40hV6uRY\"><b data-spm-anchor-id=\"a2700.siteadmin.0.i2.2c2cac408m8z7C\">18*24cm<\/b>\u00a0<\/span>\/<b>individuell<\/b><\/div>\n<\/td>\n<\/tr>\n<tr>\n<td colspan=\"1\" rowspan=\"1\">\n<div class=\"magic-2\">Bezugsmaterial<\/div>\n<\/td>\n<td colspan=\"5\" rowspan=\"1\">\n<div class=\"magic-3\"><span data-spm-anchor-id=\"a2700.siteadmin.0.i3.2c2cac408m8z7C\">Offsetpapier<\/span>\/\u00a0<span data-spm-anchor-id=\"a2700.siteadmin.0.i5.3695ac409PucPs\"><b>Elfenbeinkarton<\/b>\u00a0<\/span>\/ PP \/ 2mm Graukarton<\/div>\n<\/td>\n<\/tr>\n<tr>\n<td colspan=\"1\" rowspan=\"1\">\n<div class=\"magic-2\">Covergestaltung<\/div>\n<\/td>\n<td colspan=\"5\" rowspan=\"1\">\n<div class=\"magic-8\">Akzeptieren Sie Ihr Logo und Design mit Vollfarbdruck<\/div>\n<\/td>\n<\/tr>\n<tr>\n<td colspan=\"1\" rowspan=\"1\">\n<div class=\"magic-2\">Innen bedruckt<\/div>\n<\/td>\n<td colspan=\"5\" rowspan=\"1\">\n<div class=\"magic-8\"><b>Lineatur (Einzellinie)<\/b>\u00a0\/\u00a0<span class=\"magic-11\" data-spm-anchor-id=\"a2700.siteadmin.0.i7.5090ac40bUufpA\">Franz\u00f6sische Linie<\/span>\u00a0\/ Arabische Linie \/<b>\u00a0<\/b><span data-spm-anchor-id=\"a2700.siteadmin.0.i11.7dbcac40hV6uRY\">Kariert\u00a0<\/span>\/\u00a0<span data-spm-anchor-id=\"a2700.siteadmin.0.i6.2c2cac408m8z7C\">Doppellinie<\/span>\/ 4 Zeilen Englisch<\/div>\n<\/td>\n<\/tr>\n<tr>\n<td colspan=\"1\" rowspan=\"1\">\n<div class=\"magic-2\">Innenpapier GSM<\/div>\n<\/td>\n<td colspan=\"5\" rowspan=\"1\">\n<div class=\"magic-8\">55 \/\u00a0<b>60<\/b>\u00a0\/ 70 \/ 80 g\/m\u00b2<\/div>\n<\/td>\n<\/tr>\n<tr>\n<td colspan=\"1\" rowspan=\"1\">\n<div class=\"magic-2\">Verwendung<\/div>\n<\/td>\n<td colspan=\"5\" rowspan=\"1\">\n<div class=\"magic-8\">Schule \/ B\u00fcro \/ Geschenk<\/div>\n<\/td>\n<\/tr>\n<tr>\n<td colspan=\"1\" rowspan=\"1\">\n<div class=\"magic-2\">Verpackung<\/div>\n<\/td>\n<td colspan=\"5\" rowspan=\"1\">\n<div class=\"magic-8\">Schrumpfbeutel &amp; Standard-Exportkarton<\/div>\n<\/td>\n<\/tr>\n<tr>\n<td colspan=\"1\" rowspan=\"1\">\n<div class=\"magic-2\">HS-Code<\/div>\n<\/td>\n<td colspan=\"5\" rowspan=\"1\">\n<div class=\"magic-8\">\n<div class=\"magic-14\" data-spm-anchor-id=\"0.0.0.i72.59844f058KU4GW\">48202000<\/div>\n<\/div>\n<\/td>\n<\/tr>\n<tr>\n<td colspan=\"1\" rowspan=\"1\">\n<div class=\"magic-2\">Beispielzeit<\/div>\n<\/td>\n<td colspan=\"5\" rowspan=\"1\">\n<div class=\"magic-8\">Das Muster ist kostenlos und wird Ihnen innerhalb eines Tages nach Best\u00e4tigung der Spezifikationen zugesandt.<\/div>\n<\/td>\n<\/tr>\n<tr>\n<td colspan=\"1\" rowspan=\"1\">\n<div class=\"magic-2\">Lieferdetails<\/div>\n<\/td>\n<td colspan=\"5\" rowspan=\"1\">\n<div class=\"magic-8\">Etwa 25 Tage nach Eingang Ihrer Anzahlung.<\/div>\n<\/td>\n<\/tr>\n<\/tbody>\n<\/table>\n<\/div>\n<\/div>\n<div class=\"J_module\">\n<div class=\"detail-decorate-json-renderer-container\">\n<div class=\"magic-15\">\n<div class=\"magic-16\">\n<div class=\"magic-17\">\n<div class=\"magic-18\"><b><\/b><b>NOTIZ<\/b>: Wir sind ein professioneller Hersteller von Notizb\u00fcchern und Schulheften.<\/p>\n<div>Hier steht Ihnen eine gro\u00dfe Auswahl an Notizb\u00fcchern zur Verf\u00fcgung.<br \/>\nF\u00fcr alle oben genannten Spezifikationen akzeptieren wir individuelle Anpassungen.<\/div>\n<\/div>\n<\/div>\n<\/div>\n<\/div>\n<\/div>\n<\/div>","protected":false},"excerpt":{"rendered":"<p>Hochwertiges ghanaisches Sch\u00fclerheft (Note 1) \u2013 ideal zum Schreiben, Notizen machen und f\u00fcr die Schule. Langlebig, erschwinglich und speziell f\u00fcr Sch\u00fcler in Ghana konzipiert. Gro\u00dfpackung erh\u00e4ltlich.<\/p>\n<p><strong>Anbieter:<\/strong> Farbfliegendruck<br \/>\n<strong>Bindung:<\/strong>Sattelheftung, Klammerheftung<br \/>\n<strong>Gr\u00f6\u00dfe:<\/strong> 18*24 cm oder individuell<br \/>\n<strong>Typ:<\/strong>F\u00fcllpapiere<br \/>\n<strong>Bezugsmaterial<\/strong>\uff1aSoftcover<br \/>\n<strong>Drucken:<\/strong>4c Offsetdruck<br \/>\n<strong>Bl\u00e4tter:<\/strong> 40 Blatt \/ individuell<br \/>\n<strong>Verpackung:<\/strong> Normale Verpackung (Schrumpfbeutel und Karton) oder auf Kundenwunsch<br \/>\n<strong>Logo:<\/strong>Akzeptieren Sie ein individuelles Logo<br \/>\n<strong>Mindestbestellmenge:<\/strong> 10000 St\u00fcck<br \/>\n<strong>OEM:<\/strong> Ja<\/p>\n<p>&nbsp;<\/p>\n<h2>Unser Service<\/h2>\n<p>\u00dcber 13 Jahre Direktverkauf durch den Hersteller<br \/>\nOEM-Serviceunterst\u00fctzung<br \/>\nUnterst\u00fctzung f\u00fcr benutzerdefinierte Pakete<\/p>","protected":false},"featured_media":12112,"comment_status":"open","ping_status":"closed","template":"","meta":[],"product_brand":[],"product_cat":[21,495],"product_tag":[229,578],"class_list":{"0":"post-12111","1":"product","2":"type-product","3":"status-publish","4":"has-post-thumbnail","6":"product_cat-exercise-book","7":"product_cat-soft-cover-exercise-book","8":"product_tag-exercise-book","9":"product_tag-ghana-student-note-1-exercise-book","11":"first","12":"instock","13":"featured","14":"shipping-taxable","15":"product-type-simple"},"yoast_head":"<!-- This site is optimized with the Yoast SEO Premium plugin v23.9 (Yoast SEO v25.2) - https:\/\/yoast.com\/wordpress\/plugins\/seo\/ -->\n<title>High Quality Ghana Student Note 1 Exercise Book<\/title>\n<meta name=\"description\" content=\"High-quality Ghana student note 1 exercise book, perfect for writing, note-taking, and schoolwork. Durable, affordable, and designed for students in Ghana. Available in bulk.\" \/>\n<meta name=\"robots\" content=\"index, follow, max-snippet:-1, max-image-preview:large, max-video-preview:-1\" \/>\n<link rel=\"canonical\" href=\"https:\/\/www.colorflyprinting.com\/de\/produkt\/hochwertiges-ghana-student-note-1-ubungsheft\/\" \/>\n<meta property=\"og:locale\" content=\"de_DE\" \/>\n<meta property=\"og:type\" content=\"article\" \/>\n<meta property=\"og:title\" content=\"High Quality Ghana Student Note 1 Exercise Book\" \/>\n<meta property=\"og:description\" content=\"High-quality Ghana student note 1 exercise book, perfect for writing, note-taking, and schoolwork. Durable, affordable, and designed for students in Ghana. Available in bulk.\" \/>\n<meta property=\"og:url\" content=\"https:\/\/www.colorflyprinting.com\/de\/produkt\/hochwertiges-ghana-student-note-1-ubungsheft\/\" \/>\n<meta property=\"og:site_name\" content=\"colorflyprinting\" \/>\n<meta property=\"article:modified_time\" content=\"2025-12-02T06:47:41+00:00\" \/>\n<meta property=\"og:image\" content=\"https:\/\/www.colorflyprinting.com\/wp-content\/uploads\/2025\/04\/Main-01-4.jpg\" \/>\n\t<meta property=\"og:image:width\" content=\"800\" \/>\n\t<meta property=\"og:image:height\" content=\"800\" \/>\n\t<meta property=\"og:image:type\" content=\"image\/jpeg\" \/>\n<meta name=\"twitter:card\" content=\"summary_large_image\" \/>\n<meta name=\"twitter:label1\" content=\"Gesch\u00e4tzte Lesezeit\" \/>\n\t<meta name=\"twitter:data1\" content=\"1\u00a0Minute\" \/>\n<script type=\"application\/ld+json\" class=\"yoast-schema-graph\">{\"@context\":\"https:\/\/schema.org\",\"@graph\":[{\"@type\":\"WebPage\",\"@id\":\"https:\/\/www.colorflyprinting.com\/product\/high-quality-ghana-student-note-1-exercise-book\/\",\"url\":\"https:\/\/www.colorflyprinting.com\/product\/high-quality-ghana-student-note-1-exercise-book\/\",\"name\":\"High Quality Ghana Student Note 1 Exercise Book\",\"isPartOf\":{\"@id\":\"https:\/\/www.colorflyprinting.com\/#website\"},\"primaryImageOfPage\":{\"@id\":\"https:\/\/www.colorflyprinting.com\/product\/high-quality-ghana-student-note-1-exercise-book\/#primaryimage\"},\"image\":{\"@id\":\"https:\/\/www.colorflyprinting.com\/product\/high-quality-ghana-student-note-1-exercise-book\/#primaryimage\"},\"thumbnailUrl\":\"https:\/\/www.colorflyprinting.com\/wp-content\/uploads\/2025\/04\/Main-01-4.jpg\",\"datePublished\":\"2025-04-27T08:06:55+00:00\",\"dateModified\":\"2025-12-02T06:47:41+00:00\",\"description\":\"High-quality Ghana student note 1 exercise book, perfect for writing, note-taking, and schoolwork. Durable, affordable, and designed for students in Ghana. Available in bulk.\",\"breadcrumb\":{\"@id\":\"https:\/\/www.colorflyprinting.com\/product\/high-quality-ghana-student-note-1-exercise-book\/#breadcrumb\"},\"inLanguage\":\"de\",\"potentialAction\":[{\"@type\":\"ReadAction\",\"target\":[\"https:\/\/www.colorflyprinting.com\/product\/high-quality-ghana-student-note-1-exercise-book\/\"]}]},{\"@type\":\"ImageObject\",\"inLanguage\":\"de\",\"@id\":\"https:\/\/www.colorflyprinting.com\/product\/high-quality-ghana-student-note-1-exercise-book\/#primaryimage\",\"url\":\"https:\/\/www.colorflyprinting.com\/wp-content\/uploads\/2025\/04\/Main-01-4.jpg\",\"contentUrl\":\"https:\/\/www.colorflyprinting.com\/wp-content\/uploads\/2025\/04\/Main-01-4.jpg\",\"width\":800,\"height\":800},{\"@type\":\"BreadcrumbList\",\"@id\":\"https:\/\/www.colorflyprinting.com\/product\/high-quality-ghana-student-note-1-exercise-book\/#breadcrumb\",\"itemListElement\":[{\"@type\":\"ListItem\",\"position\":1,\"name\":\"Home\",\"item\":\"https:\/\/www.colorflyprinting.com\/\"},{\"@type\":\"ListItem\",\"position\":2,\"name\":\"Product\",\"item\":\"https:\/\/www.colorflyprinting.com\/shop\/\"},{\"@type\":\"ListItem\",\"position\":3,\"name\":\"High Quality Ghana Student Note 1 Exercise Book\"}]},{\"@type\":\"WebSite\",\"@id\":\"https:\/\/www.colorflyprinting.com\/#website\",\"url\":\"https:\/\/www.colorflyprinting.com\/\",\"name\":\"Hefei Colorfly Stationery Co.,Ltd.\",\"description\":\"\",\"publisher\":{\"@id\":\"https:\/\/www.colorflyprinting.com\/#organization\"},\"potentialAction\":[{\"@type\":\"SearchAction\",\"target\":{\"@type\":\"EntryPoint\",\"urlTemplate\":\"https:\/\/www.colorflyprinting.com\/?s={search_term_string}\"},\"query-input\":{\"@type\":\"PropertyValueSpecification\",\"valueRequired\":true,\"valueName\":\"search_term_string\"}}],\"inLanguage\":\"de\"},{\"@type\":\"Organization\",\"@id\":\"https:\/\/www.colorflyprinting.com\/#organization\",\"name\":\"Hefei Colorfly Stationery Co.,Ltd.\",\"url\":\"https:\/\/www.colorflyprinting.com\/\",\"logo\":{\"@type\":\"ImageObject\",\"inLanguage\":\"de\",\"@id\":\"https:\/\/www.colorflyprinting.com\/#\/schema\/logo\/image\/\",\"url\":\"https:\/\/www.colorflyprinting.com\/wp-content\/uploads\/2025\/04\/d167665f943610681229e2f4307b9df.jpg\",\"contentUrl\":\"https:\/\/www.colorflyprinting.com\/wp-content\/uploads\/2025\/04\/d167665f943610681229e2f4307b9df.jpg\",\"width\":780,\"height\":780,\"caption\":\"Hefei Colorfly Stationery Co.,Ltd.\"},\"image\":{\"@id\":\"https:\/\/www.colorflyprinting.com\/#\/schema\/logo\/image\/\"}}]}<\/script>\n<!-- \/ Yoast SEO Premium plugin. -->","yoast_head_json":{"title":"High Quality Ghana Student Note 1 Exercise Book","description":"High-quality Ghana student note 1 exercise book, perfect for writing, note-taking, and schoolwork. Durable, affordable, and designed for students in Ghana. Available in bulk.","robots":{"index":"index","follow":"follow","max-snippet":"max-snippet:-1","max-image-preview":"max-image-preview:large","max-video-preview":"max-video-preview:-1"},"canonical":"https:\/\/www.colorflyprinting.com\/de\/produkt\/hochwertiges-ghana-student-note-1-ubungsheft\/","og_locale":"de_DE","og_type":"article","og_title":"High Quality Ghana Student Note 1 Exercise Book","og_description":"High-quality Ghana student note 1 exercise book, perfect for writing, note-taking, and schoolwork. Durable, affordable, and designed for students in Ghana. Available in bulk.","og_url":"https:\/\/www.colorflyprinting.com\/de\/produkt\/hochwertiges-ghana-student-note-1-ubungsheft\/","og_site_name":"colorflyprinting","article_modified_time":"2025-12-02T06:47:41+00:00","og_image":[{"width":800,"height":800,"url":"https:\/\/www.colorflyprinting.com\/wp-content\/uploads\/2025\/04\/Main-01-4.jpg","type":"image\/jpeg"}],"twitter_card":"summary_large_image","twitter_misc":{"Gesch\u00e4tzte Lesezeit":"1\u00a0Minute"},"schema":{"@context":"https:\/\/schema.org","@graph":[{"@type":"WebPage","@id":"https:\/\/www.colorflyprinting.com\/product\/high-quality-ghana-student-note-1-exercise-book\/","url":"https:\/\/www.colorflyprinting.com\/product\/high-quality-ghana-student-note-1-exercise-book\/","name":"High Quality Ghana Student Note 1 Exercise Book","isPartOf":{"@id":"https:\/\/www.colorflyprinting.com\/#website"},"primaryImageOfPage":{"@id":"https:\/\/www.colorflyprinting.com\/product\/high-quality-ghana-student-note-1-exercise-book\/#primaryimage"},"image":{"@id":"https:\/\/www.colorflyprinting.com\/product\/high-quality-ghana-student-note-1-exercise-book\/#primaryimage"},"thumbnailUrl":"https:\/\/www.colorflyprinting.com\/wp-content\/uploads\/2025\/04\/Main-01-4.jpg","datePublished":"2025-04-27T08:06:55+00:00","dateModified":"2025-12-02T06:47:41+00:00","description":"High-quality Ghana student note 1 exercise book, perfect for writing, note-taking, and schoolwork. Durable, affordable, and designed for students in Ghana. Available in bulk.","breadcrumb":{"@id":"https:\/\/www.colorflyprinting.com\/product\/high-quality-ghana-student-note-1-exercise-book\/#breadcrumb"},"inLanguage":"de","potentialAction":[{"@type":"ReadAction","target":["https:\/\/www.colorflyprinting.com\/product\/high-quality-ghana-student-note-1-exercise-book\/"]}]},{"@type":"ImageObject","inLanguage":"de","@id":"https:\/\/www.colorflyprinting.com\/product\/high-quality-ghana-student-note-1-exercise-book\/#primaryimage","url":"https:\/\/www.colorflyprinting.com\/wp-content\/uploads\/2025\/04\/Main-01-4.jpg","contentUrl":"https:\/\/www.colorflyprinting.com\/wp-content\/uploads\/2025\/04\/Main-01-4.jpg","width":800,"height":800},{"@type":"BreadcrumbList","@id":"https:\/\/www.colorflyprinting.com\/product\/high-quality-ghana-student-note-1-exercise-book\/#breadcrumb","itemListElement":[{"@type":"ListItem","position":1,"name":"Home","item":"https:\/\/www.colorflyprinting.com\/"},{"@type":"ListItem","position":2,"name":"Product","item":"https:\/\/www.colorflyprinting.com\/shop\/"},{"@type":"ListItem","position":3,"name":"High Quality Ghana Student Note 1 Exercise Book"}]},{"@type":"WebSite","@id":"https:\/\/www.colorflyprinting.com\/#website","url":"https:\/\/www.colorflyprinting.com\/","name":"Hefei Colorfly Stationery Co.,Ltd.","description":"","publisher":{"@id":"https:\/\/www.colorflyprinting.com\/#organization"},"potentialAction":[{"@type":"SearchAction","target":{"@type":"EntryPoint","urlTemplate":"https:\/\/www.colorflyprinting.com\/?s={search_term_string}"},"query-input":{"@type":"PropertyValueSpecification","valueRequired":true,"valueName":"search_term_string"}}],"inLanguage":"de"},{"@type":"Organization","@id":"https:\/\/www.colorflyprinting.com\/#organization","name":"Hefei Colorfly Stationery Co.,Ltd.","url":"https:\/\/www.colorflyprinting.com\/","logo":{"@type":"ImageObject","inLanguage":"de","@id":"https:\/\/www.colorflyprinting.com\/#\/schema\/logo\/image\/","url":"https:\/\/www.colorflyprinting.com\/wp-content\/uploads\/2025\/04\/d167665f943610681229e2f4307b9df.jpg","contentUrl":"https:\/\/www.colorflyprinting.com\/wp-content\/uploads\/2025\/04\/d167665f943610681229e2f4307b9df.jpg","width":780,"height":780,"caption":"Hefei Colorfly Stationery Co.,Ltd."},"image":{"@id":"https:\/\/www.colorflyprinting.com\/#\/schema\/logo\/image\/"}}]}},"_links":{"self":[{"href":"https:\/\/www.colorflyprinting.com\/de\/wp-json\/wp\/v2\/product\/12111","targetHints":{"allow":["GET"]}}],"collection":[{"href":"https:\/\/www.colorflyprinting.com\/de\/wp-json\/wp\/v2\/product"}],"about":[{"href":"https:\/\/www.colorflyprinting.com\/de\/wp-json\/wp\/v2\/types\/product"}],"replies":[{"embeddable":true,"href":"https:\/\/www.colorflyprinting.com\/de\/wp-json\/wp\/v2\/comments?post=12111"}],"wp:featuredmedia":[{"embeddable":true,"href":"https:\/\/www.colorflyprinting.com\/de\/wp-json\/wp\/v2\/media\/12112"}],"wp:attachment":[{"href":"https:\/\/www.colorflyprinting.com\/de\/wp-json\/wp\/v2\/media?parent=12111"}],"wp:term":[{"taxonomy":"product_brand","embeddable":true,"href":"https:\/\/www.colorflyprinting.com\/de\/wp-json\/wp\/v2\/product_brand?post=12111"},{"taxonomy":"product_cat","embeddable":true,"href":"https:\/\/www.colorflyprinting.com\/de\/wp-json\/wp\/v2\/product_cat?post=12111"},{"taxonomy":"product_tag","embeddable":true,"href":"https:\/\/www.colorflyprinting.com\/de\/wp-json\/wp\/v2\/product_tag?post=12111"}],"curies":[{"name":"wp","href":"https:\/\/api.w.org\/{rel}","templated":true}]}}