{"id":12073,"date":"2025-04-27T06:17:13","date_gmt":"2025-04-27T06:17:13","guid":{"rendered":"https:\/\/www.colorflyprinting.com\/?post_type=product&#038;p=12073"},"modified":"2025-05-12T05:38:25","modified_gmt":"2025-05-12T05:38:25","slug":"cheap-school-supplies-custom-print-288-pages-hardcover-notebook","status":"publish","type":"product","link":"https:\/\/www.colorflyprinting.com\/de\/produkt\/gunstiges-schulmaterial-individuell-bedrucktes-288-seitiges-hardcover-notizbuch\/","title":{"rendered":"G\u00fcnstige Schulmaterialien Individuell bedrucktes Hardcover-Notizbuch mit 288 Seiten"},"content":{"rendered":"<h2 id=\"key-attributes\" class=\"att-title\" data-spm-anchor-id=\"a2700.details.0.i75.a5ed78fbVb4Uf8\">Schl\u00fcsselattribute<\/h2>\n<ul>\n<li><strong>Artikelname<\/strong>: G\u00fcnstige Schulmaterialien, individuell bedrucktes Hardcover-Notizbuch mit 288 Seiten<\/li>\n<li><strong>Bindung<\/strong>: N\u00e4hen Bindung<\/li>\n<li><strong>Gr\u00f6\u00dfe:<\/strong> A5<\/li>\n<li><strong>Typ<\/strong>:Heft<\/li>\n<li><strong>Bezugsmaterial<\/strong>:Papier<\/li>\n<li><strong>Drucken<\/strong>:4c Offsetdruck<\/li>\n<li><strong>Logo<\/strong>\uff1aAngepasst<\/li>\n<li><strong>Innendruck:<\/strong>franz\u00f6sische Linie<\/li>\n<li><strong>Probe:<\/strong>Verf\u00fcgbar<\/li>\n<li><strong>Farbe:<\/strong>Benutzerdefinierte Farbe<\/li>\n<li><strong>Verwenden:<\/strong>Werbung\\Gesch\u00e4ft\\Schule\\B\u00fcro<\/li>\n<\/ul>\n<h2 class=\"id-mb-6 id-text-[20px] id-font-bold id-text-[#222]\" data-spm-anchor-id=\"a2700.details.0.i95.a5ed78fbVb4Uf8\">Anpassungsoptionen<\/h2>\n<ol>\n<li><span class=\"id-mr-1\" data-spm-anchor-id=\"a2700.details.0.i92.548c1c9dQsR9fS\">Individuelles Logo<\/span><span class=\"id-text-[#767676]\">\u00a0(Mindestbestellmenge: 10.000 St\u00fcck)<\/span><\/li>\n<li><span class=\"id-mr-1\">Kundenspezifische Verpackungen<\/span><span class=\"id-text-[#767676]\"> (Mindestbestellmenge: 10.000 St\u00fcck)<\/span><\/li>\n<li><span class=\"id-mr-1\">Grafische Anpassung<\/span><span class=\"id-text-[#767676]\"> (Mindestbestellmenge: 10.000 St\u00fcck)<\/span><\/li>\n<\/ol>","protected":false},"excerpt":{"rendered":"<p>Sichern Sie sich g\u00fcnstige Schulmaterialien mit unserem individuell bedruckten 288-seitigen Hardcover-Notizbuch. Dieses robuste und stilvolle Notizbuch ist ideal f\u00fcr Sch\u00fcler und eignet sich perfekt zum Schreiben, Notieren und Tagebuchschreiben. Erh\u00e4ltlich in Gro\u00dfpackungen f\u00fcr Schule, B\u00fcro und Privatgebrauch. Gestalten Sie Ihr Notizbuch noch heute!<\/p>","protected":false},"featured_media":12075,"comment_status":"open","ping_status":"closed","template":"","meta":[],"product_brand":[],"product_cat":[449],"product_tag":[573,465],"class_list":{"0":"post-12073","1":"product","2":"type-product","3":"status-publish","4":"has-post-thumbnail","6":"product_cat-hardcover-notebook","7":"product_tag-a5-exercise-book","8":"product_tag-cheap-hardcover-notebook","10":"first","11":"instock","12":"featured","13":"shipping-taxable","14":"product-type-simple"},"yoast_head":"<!-- This site is optimized with the Yoast SEO Premium plugin v23.9 (Yoast SEO v25.2) - https:\/\/yoast.com\/wordpress\/plugins\/seo\/ -->\n<title>Cheap School Supplies Custom Print 288 Pages Hardcover Notebook<\/title>\n<meta name=\"description\" content=\"Get affordable school supplies with our custom-printed 288-page hardcover notebook. Ideal for students, this durable and stylish notebook is perfect for writing, note-taking, and journaling.\" \/>\n<meta name=\"robots\" content=\"index, follow, max-snippet:-1, max-image-preview:large, max-video-preview:-1\" \/>\n<link rel=\"canonical\" href=\"https:\/\/www.colorflyprinting.com\/de\/produkt\/gunstiges-schulmaterial-individuell-bedrucktes-288-seitiges-hardcover-notizbuch\/\" \/>\n<meta property=\"og:locale\" content=\"de_DE\" \/>\n<meta property=\"og:type\" content=\"article\" \/>\n<meta property=\"og:title\" content=\"Cheap School Supplies Custom Print 288 Pages Hardcover Notebook\" \/>\n<meta property=\"og:description\" content=\"Get affordable school supplies with our custom-printed 288-page hardcover notebook. Ideal for students, this durable and stylish notebook is perfect for writing, note-taking, and journaling.\" \/>\n<meta property=\"og:url\" content=\"https:\/\/www.colorflyprinting.com\/de\/produkt\/gunstiges-schulmaterial-individuell-bedrucktes-288-seitiges-hardcover-notizbuch\/\" \/>\n<meta property=\"og:site_name\" content=\"colorflyprinting\" \/>\n<meta property=\"article:modified_time\" content=\"2025-05-12T05:38:25+00:00\" \/>\n<meta property=\"og:image\" content=\"https:\/\/www.colorflyprinting.com\/wp-content\/uploads\/2025\/04\/Main-03-1.jpg\" \/>\n\t<meta property=\"og:image:width\" content=\"800\" \/>\n\t<meta property=\"og:image:height\" content=\"800\" \/>\n\t<meta property=\"og:image:type\" content=\"image\/jpeg\" \/>\n<meta name=\"twitter:card\" content=\"summary_large_image\" \/>\n<script type=\"application\/ld+json\" class=\"yoast-schema-graph\">{\"@context\":\"https:\/\/schema.org\",\"@graph\":[{\"@type\":\"WebPage\",\"@id\":\"https:\/\/www.colorflyprinting.com\/product\/cheap-school-supplies-custom-print-288-pages-hardcover-notebook\/\",\"url\":\"https:\/\/www.colorflyprinting.com\/product\/cheap-school-supplies-custom-print-288-pages-hardcover-notebook\/\",\"name\":\"Cheap School Supplies Custom Print 288 Pages Hardcover Notebook\",\"isPartOf\":{\"@id\":\"https:\/\/www.colorflyprinting.com\/#website\"},\"primaryImageOfPage\":{\"@id\":\"https:\/\/www.colorflyprinting.com\/product\/cheap-school-supplies-custom-print-288-pages-hardcover-notebook\/#primaryimage\"},\"image\":{\"@id\":\"https:\/\/www.colorflyprinting.com\/product\/cheap-school-supplies-custom-print-288-pages-hardcover-notebook\/#primaryimage\"},\"thumbnailUrl\":\"https:\/\/www.colorflyprinting.com\/wp-content\/uploads\/2025\/04\/Main-03-1.jpg\",\"datePublished\":\"2025-04-27T06:17:13+00:00\",\"dateModified\":\"2025-05-12T05:38:25+00:00\",\"description\":\"Get affordable school supplies with our custom-printed 288-page hardcover notebook. Ideal for students, this durable and stylish notebook is perfect for writing, note-taking, and journaling.\",\"breadcrumb\":{\"@id\":\"https:\/\/www.colorflyprinting.com\/product\/cheap-school-supplies-custom-print-288-pages-hardcover-notebook\/#breadcrumb\"},\"inLanguage\":\"de\",\"potentialAction\":[{\"@type\":\"ReadAction\",\"target\":[\"https:\/\/www.colorflyprinting.com\/product\/cheap-school-supplies-custom-print-288-pages-hardcover-notebook\/\"]}]},{\"@type\":\"ImageObject\",\"inLanguage\":\"de\",\"@id\":\"https:\/\/www.colorflyprinting.com\/product\/cheap-school-supplies-custom-print-288-pages-hardcover-notebook\/#primaryimage\",\"url\":\"https:\/\/www.colorflyprinting.com\/wp-content\/uploads\/2025\/04\/Main-03-1.jpg\",\"contentUrl\":\"https:\/\/www.colorflyprinting.com\/wp-content\/uploads\/2025\/04\/Main-03-1.jpg\",\"width\":800,\"height\":800},{\"@type\":\"BreadcrumbList\",\"@id\":\"https:\/\/www.colorflyprinting.com\/product\/cheap-school-supplies-custom-print-288-pages-hardcover-notebook\/#breadcrumb\",\"itemListElement\":[{\"@type\":\"ListItem\",\"position\":1,\"name\":\"Home\",\"item\":\"https:\/\/www.colorflyprinting.com\/\"},{\"@type\":\"ListItem\",\"position\":2,\"name\":\"Product\",\"item\":\"https:\/\/www.colorflyprinting.com\/shop\/\"},{\"@type\":\"ListItem\",\"position\":3,\"name\":\"Cheap School Supplies Custom Print 288 Pages Hardcover Notebook\"}]},{\"@type\":\"WebSite\",\"@id\":\"https:\/\/www.colorflyprinting.com\/#website\",\"url\":\"https:\/\/www.colorflyprinting.com\/\",\"name\":\"Hefei Colorfly Stationery Co.,Ltd.\",\"description\":\"\",\"publisher\":{\"@id\":\"https:\/\/www.colorflyprinting.com\/#organization\"},\"potentialAction\":[{\"@type\":\"SearchAction\",\"target\":{\"@type\":\"EntryPoint\",\"urlTemplate\":\"https:\/\/www.colorflyprinting.com\/?s={search_term_string}\"},\"query-input\":{\"@type\":\"PropertyValueSpecification\",\"valueRequired\":true,\"valueName\":\"search_term_string\"}}],\"inLanguage\":\"de\"},{\"@type\":\"Organization\",\"@id\":\"https:\/\/www.colorflyprinting.com\/#organization\",\"name\":\"Hefei Colorfly Stationery Co.,Ltd.\",\"url\":\"https:\/\/www.colorflyprinting.com\/\",\"logo\":{\"@type\":\"ImageObject\",\"inLanguage\":\"de\",\"@id\":\"https:\/\/www.colorflyprinting.com\/#\/schema\/logo\/image\/\",\"url\":\"https:\/\/www.colorflyprinting.com\/wp-content\/uploads\/2025\/04\/d167665f943610681229e2f4307b9df.jpg\",\"contentUrl\":\"https:\/\/www.colorflyprinting.com\/wp-content\/uploads\/2025\/04\/d167665f943610681229e2f4307b9df.jpg\",\"width\":780,\"height\":780,\"caption\":\"Hefei Colorfly Stationery Co.,Ltd.\"},\"image\":{\"@id\":\"https:\/\/www.colorflyprinting.com\/#\/schema\/logo\/image\/\"}}]}<\/script>\n<!-- \/ Yoast SEO Premium plugin. -->","yoast_head_json":{"title":"Cheap School Supplies Custom Print 288 Pages Hardcover Notebook","description":"Get affordable school supplies with our custom-printed 288-page hardcover notebook. Ideal for students, this durable and stylish notebook is perfect for writing, note-taking, and journaling.","robots":{"index":"index","follow":"follow","max-snippet":"max-snippet:-1","max-image-preview":"max-image-preview:large","max-video-preview":"max-video-preview:-1"},"canonical":"https:\/\/www.colorflyprinting.com\/de\/produkt\/gunstiges-schulmaterial-individuell-bedrucktes-288-seitiges-hardcover-notizbuch\/","og_locale":"de_DE","og_type":"article","og_title":"Cheap School Supplies Custom Print 288 Pages Hardcover Notebook","og_description":"Get affordable school supplies with our custom-printed 288-page hardcover notebook. Ideal for students, this durable and stylish notebook is perfect for writing, note-taking, and journaling.","og_url":"https:\/\/www.colorflyprinting.com\/de\/produkt\/gunstiges-schulmaterial-individuell-bedrucktes-288-seitiges-hardcover-notizbuch\/","og_site_name":"colorflyprinting","article_modified_time":"2025-05-12T05:38:25+00:00","og_image":[{"width":800,"height":800,"url":"https:\/\/www.colorflyprinting.com\/wp-content\/uploads\/2025\/04\/Main-03-1.jpg","type":"image\/jpeg"}],"twitter_card":"summary_large_image","schema":{"@context":"https:\/\/schema.org","@graph":[{"@type":"WebPage","@id":"https:\/\/www.colorflyprinting.com\/product\/cheap-school-supplies-custom-print-288-pages-hardcover-notebook\/","url":"https:\/\/www.colorflyprinting.com\/product\/cheap-school-supplies-custom-print-288-pages-hardcover-notebook\/","name":"Cheap School Supplies Custom Print 288 Pages Hardcover Notebook","isPartOf":{"@id":"https:\/\/www.colorflyprinting.com\/#website"},"primaryImageOfPage":{"@id":"https:\/\/www.colorflyprinting.com\/product\/cheap-school-supplies-custom-print-288-pages-hardcover-notebook\/#primaryimage"},"image":{"@id":"https:\/\/www.colorflyprinting.com\/product\/cheap-school-supplies-custom-print-288-pages-hardcover-notebook\/#primaryimage"},"thumbnailUrl":"https:\/\/www.colorflyprinting.com\/wp-content\/uploads\/2025\/04\/Main-03-1.jpg","datePublished":"2025-04-27T06:17:13+00:00","dateModified":"2025-05-12T05:38:25+00:00","description":"Get affordable school supplies with our custom-printed 288-page hardcover notebook. Ideal for students, this durable and stylish notebook is perfect for writing, note-taking, and journaling.","breadcrumb":{"@id":"https:\/\/www.colorflyprinting.com\/product\/cheap-school-supplies-custom-print-288-pages-hardcover-notebook\/#breadcrumb"},"inLanguage":"de","potentialAction":[{"@type":"ReadAction","target":["https:\/\/www.colorflyprinting.com\/product\/cheap-school-supplies-custom-print-288-pages-hardcover-notebook\/"]}]},{"@type":"ImageObject","inLanguage":"de","@id":"https:\/\/www.colorflyprinting.com\/product\/cheap-school-supplies-custom-print-288-pages-hardcover-notebook\/#primaryimage","url":"https:\/\/www.colorflyprinting.com\/wp-content\/uploads\/2025\/04\/Main-03-1.jpg","contentUrl":"https:\/\/www.colorflyprinting.com\/wp-content\/uploads\/2025\/04\/Main-03-1.jpg","width":800,"height":800},{"@type":"BreadcrumbList","@id":"https:\/\/www.colorflyprinting.com\/product\/cheap-school-supplies-custom-print-288-pages-hardcover-notebook\/#breadcrumb","itemListElement":[{"@type":"ListItem","position":1,"name":"Home","item":"https:\/\/www.colorflyprinting.com\/"},{"@type":"ListItem","position":2,"name":"Product","item":"https:\/\/www.colorflyprinting.com\/shop\/"},{"@type":"ListItem","position":3,"name":"Cheap School Supplies Custom Print 288 Pages Hardcover Notebook"}]},{"@type":"WebSite","@id":"https:\/\/www.colorflyprinting.com\/#website","url":"https:\/\/www.colorflyprinting.com\/","name":"Hefei Colorfly Stationery Co.,Ltd.","description":"","publisher":{"@id":"https:\/\/www.colorflyprinting.com\/#organization"},"potentialAction":[{"@type":"SearchAction","target":{"@type":"EntryPoint","urlTemplate":"https:\/\/www.colorflyprinting.com\/?s={search_term_string}"},"query-input":{"@type":"PropertyValueSpecification","valueRequired":true,"valueName":"search_term_string"}}],"inLanguage":"de"},{"@type":"Organization","@id":"https:\/\/www.colorflyprinting.com\/#organization","name":"Hefei Colorfly Stationery Co.,Ltd.","url":"https:\/\/www.colorflyprinting.com\/","logo":{"@type":"ImageObject","inLanguage":"de","@id":"https:\/\/www.colorflyprinting.com\/#\/schema\/logo\/image\/","url":"https:\/\/www.colorflyprinting.com\/wp-content\/uploads\/2025\/04\/d167665f943610681229e2f4307b9df.jpg","contentUrl":"https:\/\/www.colorflyprinting.com\/wp-content\/uploads\/2025\/04\/d167665f943610681229e2f4307b9df.jpg","width":780,"height":780,"caption":"Hefei Colorfly Stationery Co.,Ltd."},"image":{"@id":"https:\/\/www.colorflyprinting.com\/#\/schema\/logo\/image\/"}}]}},"_links":{"self":[{"href":"https:\/\/www.colorflyprinting.com\/de\/wp-json\/wp\/v2\/product\/12073","targetHints":{"allow":["GET"]}}],"collection":[{"href":"https:\/\/www.colorflyprinting.com\/de\/wp-json\/wp\/v2\/product"}],"about":[{"href":"https:\/\/www.colorflyprinting.com\/de\/wp-json\/wp\/v2\/types\/product"}],"replies":[{"embeddable":true,"href":"https:\/\/www.colorflyprinting.com\/de\/wp-json\/wp\/v2\/comments?post=12073"}],"wp:featuredmedia":[{"embeddable":true,"href":"https:\/\/www.colorflyprinting.com\/de\/wp-json\/wp\/v2\/media\/12075"}],"wp:attachment":[{"href":"https:\/\/www.colorflyprinting.com\/de\/wp-json\/wp\/v2\/media?parent=12073"}],"wp:term":[{"taxonomy":"product_brand","embeddable":true,"href":"https:\/\/www.colorflyprinting.com\/de\/wp-json\/wp\/v2\/product_brand?post=12073"},{"taxonomy":"product_cat","embeddable":true,"href":"https:\/\/www.colorflyprinting.com\/de\/wp-json\/wp\/v2\/product_cat?post=12073"},{"taxonomy":"product_tag","embeddable":true,"href":"https:\/\/www.colorflyprinting.com\/de\/wp-json\/wp\/v2\/product_tag?post=12073"}],"curies":[{"name":"wp","href":"https:\/\/api.w.org\/{rel}","templated":true}]}}