{"id":12064,"date":"2025-04-27T04:05:05","date_gmt":"2025-04-27T04:05:05","guid":{"rendered":"https:\/\/www.colorflyprinting.com\/?post_type=product&#038;p=12064"},"modified":"2025-05-12T05:38:26","modified_gmt":"2025-05-12T05:38:26","slug":"colorflyprinting-school-copybook-80-pages-exercise-notebook","status":"publish","type":"product","link":"https:\/\/www.colorflyprinting.com\/de\/produkt\/colorflyprinting-schulheft-80-seiten-ubungsheft\/","title":{"rendered":"Colorflyprinting Schulheft 80 Seiten \u00dcbungsheft"},"content":{"rendered":"<p id=\"key-attributes\" class=\"att-title\" data-spm-anchor-id=\"a2700.details.0.i75.a5ed78fbVb4Uf8\"><strong>Das 80-seitige Schulheft von Colorflyprinting ist ideal f\u00fcr Sch\u00fcler. Dieses robuste \u00dcbungsheft eignet sich ideal zum Schreiben, Zeichnen und Notizen machen. Es verbessert die Handschrift und organisiert Schularbeiten. Erh\u00e4ltlich in Gro\u00dfpackungen f\u00fcr Schulen und B\u00fcros \u2013 hochwertig und g\u00fcnstig.<\/strong><\/p>\n<ul>\n<li><strong>Artikelname<\/strong>: Individuell gestaltetes Classmate-\u00dcbungsheft aus Elfenbeinkarton<\/li>\n<li><strong>Anbieter:<\/strong> Farbfliegendruck<\/li>\n<li><strong>Bindung<\/strong>\uff1aSattelheftung, Klammerheftung<\/li>\n<li><strong>Gr\u00f6\u00dfe:<\/strong> 17*22 cm oder individuell<\/li>\n<li><strong>Typ<\/strong>:Heft<\/li>\n<li><strong>Bezugsmaterial<\/strong>:Papier<\/li>\n<li><strong>Drucken<\/strong>:4c Offsetdruck<\/li>\n<li><strong>Bl\u00e4tter: <\/strong>80 Blatt oder individuell<\/li>\n<li><strong>Verpackung:<\/strong> 10 St\u00fcck\/Opp-Beutel<\/li>\n<li><strong>Logo<\/strong>: Akzeptieren Sie ein individuelles Logo<\/li>\n<li><strong>Mindestbestellmenge<\/strong>: 50000 St\u00fcck<\/li>\n<li><strong>OEM:<\/strong> Ja<\/li>\n<li><strong>Innendruck:<\/strong>Angepasstes Inneres Akzeptabel<\/li>\n<\/ul>\n<p>&nbsp;<\/p>\n<h2>Anpassungsoptionen<\/h2>\n<ol>\n<li><span class=\"id-mr-1\">Individuelles Logo<\/span><span class=\"id-text-[#767676]\">\u00a0(Mindestbestellmenge: 50.000 St\u00fcck)<\/span><\/li>\n<li><span class=\"id-mr-1\">Kundenspezifische Verpackungen<\/span><span class=\"id-text-[#767676]\">\u00a0(Mindestbestellmenge: 50.000 St\u00fcck)<\/span><\/li>\n<li><span class=\"id-mr-1\">Grafische Anpassung<\/span><span class=\"id-text-[#767676]\">\u00a0(Mindestbestellmenge: 50.000 St\u00fcck)<\/span><\/li>\n<\/ol>\n<p>&nbsp;<\/p>\n<p><strong>Unser Service<\/strong><\/p>\n<ul>\n<li>\u00dcber 13 Jahre Direktverkauf durch den Hersteller<\/li>\n<li>OEM-Serviceunterst\u00fctzung<\/li>\n<li>Unterst\u00fctzung f\u00fcr benutzerdefinierte Pakete<\/li>\n<\/ul>","protected":false},"excerpt":{"rendered":"<p>80-seitiges Schul\u00fcbungsheft \u2013 Robustes und stilvolles Heft f\u00fcr Sch\u00fcler, ideal zum Schreiben, Zeichnen und Notizen machen.<\/p>","protected":false},"featured_media":12071,"comment_status":"open","ping_status":"closed","template":"","meta":[],"product_brand":[],"product_cat":[21,495],"product_tag":[],"class_list":{"0":"post-12064","1":"product","2":"type-product","3":"status-publish","4":"has-post-thumbnail","6":"product_cat-exercise-book","7":"product_cat-soft-cover-exercise-book","9":"first","10":"instock","11":"featured","12":"shipping-taxable","13":"product-type-simple"},"yoast_head":"<!-- This site is optimized with the Yoast SEO Premium plugin v23.9 (Yoast SEO v25.2) - https:\/\/yoast.com\/wordpress\/plugins\/seo\/ -->\n<title>Colorflyprinting School Copybook 80 Pages Exercise Notebook<\/title>\n<meta name=\"description\" content=\"Colorflyprinting 80-page school copybook, ideal for writing, drawing, and note-taking. Durable, stylish, and perfect for students, available in bulk for schools.\" \/>\n<meta name=\"robots\" content=\"index, follow, max-snippet:-1, max-image-preview:large, max-video-preview:-1\" \/>\n<link rel=\"canonical\" href=\"https:\/\/www.colorflyprinting.com\/de\/produkt\/colorflyprinting-schulheft-80-seiten-ubungsheft\/\" \/>\n<meta property=\"og:locale\" content=\"de_DE\" \/>\n<meta property=\"og:type\" content=\"article\" \/>\n<meta property=\"og:title\" content=\"Colorflyprinting School Copybook 80 Pages Exercise Notebook\" \/>\n<meta property=\"og:description\" content=\"Colorflyprinting 80-page school copybook, ideal for writing, drawing, and note-taking. Durable, stylish, and perfect for students, available in bulk for schools.\" \/>\n<meta property=\"og:url\" content=\"https:\/\/www.colorflyprinting.com\/de\/produkt\/colorflyprinting-schulheft-80-seiten-ubungsheft\/\" \/>\n<meta property=\"og:site_name\" content=\"colorflyprinting\" \/>\n<meta property=\"article:modified_time\" content=\"2025-05-12T05:38:26+00:00\" \/>\n<meta property=\"og:image\" content=\"https:\/\/www.colorflyprinting.com\/wp-content\/uploads\/2025\/04\/Main-01.jpg\" \/>\n\t<meta property=\"og:image:width\" content=\"800\" \/>\n\t<meta property=\"og:image:height\" content=\"800\" \/>\n\t<meta property=\"og:image:type\" content=\"image\/jpeg\" \/>\n<meta name=\"twitter:card\" content=\"summary_large_image\" \/>\n<meta name=\"twitter:label1\" content=\"Gesch\u00e4tzte Lesezeit\" \/>\n\t<meta name=\"twitter:data1\" content=\"1\u00a0Minute\" \/>\n<script type=\"application\/ld+json\" class=\"yoast-schema-graph\">{\"@context\":\"https:\/\/schema.org\",\"@graph\":[{\"@type\":\"WebPage\",\"@id\":\"https:\/\/www.colorflyprinting.com\/product\/colorflyprinting-school-copybook-80-pages-exercise-notebook\/\",\"url\":\"https:\/\/www.colorflyprinting.com\/product\/colorflyprinting-school-copybook-80-pages-exercise-notebook\/\",\"name\":\"Colorflyprinting School Copybook 80 Pages Exercise Notebook\",\"isPartOf\":{\"@id\":\"https:\/\/www.colorflyprinting.com\/#website\"},\"primaryImageOfPage\":{\"@id\":\"https:\/\/www.colorflyprinting.com\/product\/colorflyprinting-school-copybook-80-pages-exercise-notebook\/#primaryimage\"},\"image\":{\"@id\":\"https:\/\/www.colorflyprinting.com\/product\/colorflyprinting-school-copybook-80-pages-exercise-notebook\/#primaryimage\"},\"thumbnailUrl\":\"https:\/\/www.colorflyprinting.com\/wp-content\/uploads\/2025\/04\/Main-01.jpg\",\"datePublished\":\"2025-04-27T04:05:05+00:00\",\"dateModified\":\"2025-05-12T05:38:26+00:00\",\"description\":\"Colorflyprinting 80-page school copybook, ideal for writing, drawing, and note-taking. Durable, stylish, and perfect for students, available in bulk for schools.\",\"breadcrumb\":{\"@id\":\"https:\/\/www.colorflyprinting.com\/product\/colorflyprinting-school-copybook-80-pages-exercise-notebook\/#breadcrumb\"},\"inLanguage\":\"de\",\"potentialAction\":[{\"@type\":\"ReadAction\",\"target\":[\"https:\/\/www.colorflyprinting.com\/product\/colorflyprinting-school-copybook-80-pages-exercise-notebook\/\"]}]},{\"@type\":\"ImageObject\",\"inLanguage\":\"de\",\"@id\":\"https:\/\/www.colorflyprinting.com\/product\/colorflyprinting-school-copybook-80-pages-exercise-notebook\/#primaryimage\",\"url\":\"https:\/\/www.colorflyprinting.com\/wp-content\/uploads\/2025\/04\/Main-01.jpg\",\"contentUrl\":\"https:\/\/www.colorflyprinting.com\/wp-content\/uploads\/2025\/04\/Main-01.jpg\",\"width\":800,\"height\":800},{\"@type\":\"BreadcrumbList\",\"@id\":\"https:\/\/www.colorflyprinting.com\/product\/colorflyprinting-school-copybook-80-pages-exercise-notebook\/#breadcrumb\",\"itemListElement\":[{\"@type\":\"ListItem\",\"position\":1,\"name\":\"Home\",\"item\":\"https:\/\/www.colorflyprinting.com\/\"},{\"@type\":\"ListItem\",\"position\":2,\"name\":\"Product\",\"item\":\"https:\/\/www.colorflyprinting.com\/shop\/\"},{\"@type\":\"ListItem\",\"position\":3,\"name\":\"Colorflyprinting School Copybook 80 Pages Exercise Notebook\"}]},{\"@type\":\"WebSite\",\"@id\":\"https:\/\/www.colorflyprinting.com\/#website\",\"url\":\"https:\/\/www.colorflyprinting.com\/\",\"name\":\"Hefei Colorfly Stationery Co.,Ltd.\",\"description\":\"\",\"publisher\":{\"@id\":\"https:\/\/www.colorflyprinting.com\/#organization\"},\"potentialAction\":[{\"@type\":\"SearchAction\",\"target\":{\"@type\":\"EntryPoint\",\"urlTemplate\":\"https:\/\/www.colorflyprinting.com\/?s={search_term_string}\"},\"query-input\":{\"@type\":\"PropertyValueSpecification\",\"valueRequired\":true,\"valueName\":\"search_term_string\"}}],\"inLanguage\":\"de\"},{\"@type\":\"Organization\",\"@id\":\"https:\/\/www.colorflyprinting.com\/#organization\",\"name\":\"Hefei Colorfly Stationery Co.,Ltd.\",\"url\":\"https:\/\/www.colorflyprinting.com\/\",\"logo\":{\"@type\":\"ImageObject\",\"inLanguage\":\"de\",\"@id\":\"https:\/\/www.colorflyprinting.com\/#\/schema\/logo\/image\/\",\"url\":\"https:\/\/www.colorflyprinting.com\/wp-content\/uploads\/2025\/04\/d167665f943610681229e2f4307b9df.jpg\",\"contentUrl\":\"https:\/\/www.colorflyprinting.com\/wp-content\/uploads\/2025\/04\/d167665f943610681229e2f4307b9df.jpg\",\"width\":780,\"height\":780,\"caption\":\"Hefei Colorfly Stationery Co.,Ltd.\"},\"image\":{\"@id\":\"https:\/\/www.colorflyprinting.com\/#\/schema\/logo\/image\/\"}}]}<\/script>\n<!-- \/ Yoast SEO Premium plugin. -->","yoast_head_json":{"title":"Colorflyprinting School Copybook 80 Pages Exercise Notebook","description":"Colorflyprinting 80-page school copybook, ideal for writing, drawing, and note-taking. Durable, stylish, and perfect for students, available in bulk for schools.","robots":{"index":"index","follow":"follow","max-snippet":"max-snippet:-1","max-image-preview":"max-image-preview:large","max-video-preview":"max-video-preview:-1"},"canonical":"https:\/\/www.colorflyprinting.com\/de\/produkt\/colorflyprinting-schulheft-80-seiten-ubungsheft\/","og_locale":"de_DE","og_type":"article","og_title":"Colorflyprinting School Copybook 80 Pages Exercise Notebook","og_description":"Colorflyprinting 80-page school copybook, ideal for writing, drawing, and note-taking. Durable, stylish, and perfect for students, available in bulk for schools.","og_url":"https:\/\/www.colorflyprinting.com\/de\/produkt\/colorflyprinting-schulheft-80-seiten-ubungsheft\/","og_site_name":"colorflyprinting","article_modified_time":"2025-05-12T05:38:26+00:00","og_image":[{"width":800,"height":800,"url":"https:\/\/www.colorflyprinting.com\/wp-content\/uploads\/2025\/04\/Main-01.jpg","type":"image\/jpeg"}],"twitter_card":"summary_large_image","twitter_misc":{"Gesch\u00e4tzte Lesezeit":"1\u00a0Minute"},"schema":{"@context":"https:\/\/schema.org","@graph":[{"@type":"WebPage","@id":"https:\/\/www.colorflyprinting.com\/product\/colorflyprinting-school-copybook-80-pages-exercise-notebook\/","url":"https:\/\/www.colorflyprinting.com\/product\/colorflyprinting-school-copybook-80-pages-exercise-notebook\/","name":"Colorflyprinting School Copybook 80 Pages Exercise Notebook","isPartOf":{"@id":"https:\/\/www.colorflyprinting.com\/#website"},"primaryImageOfPage":{"@id":"https:\/\/www.colorflyprinting.com\/product\/colorflyprinting-school-copybook-80-pages-exercise-notebook\/#primaryimage"},"image":{"@id":"https:\/\/www.colorflyprinting.com\/product\/colorflyprinting-school-copybook-80-pages-exercise-notebook\/#primaryimage"},"thumbnailUrl":"https:\/\/www.colorflyprinting.com\/wp-content\/uploads\/2025\/04\/Main-01.jpg","datePublished":"2025-04-27T04:05:05+00:00","dateModified":"2025-05-12T05:38:26+00:00","description":"Colorflyprinting 80-page school copybook, ideal for writing, drawing, and note-taking. Durable, stylish, and perfect for students, available in bulk for schools.","breadcrumb":{"@id":"https:\/\/www.colorflyprinting.com\/product\/colorflyprinting-school-copybook-80-pages-exercise-notebook\/#breadcrumb"},"inLanguage":"de","potentialAction":[{"@type":"ReadAction","target":["https:\/\/www.colorflyprinting.com\/product\/colorflyprinting-school-copybook-80-pages-exercise-notebook\/"]}]},{"@type":"ImageObject","inLanguage":"de","@id":"https:\/\/www.colorflyprinting.com\/product\/colorflyprinting-school-copybook-80-pages-exercise-notebook\/#primaryimage","url":"https:\/\/www.colorflyprinting.com\/wp-content\/uploads\/2025\/04\/Main-01.jpg","contentUrl":"https:\/\/www.colorflyprinting.com\/wp-content\/uploads\/2025\/04\/Main-01.jpg","width":800,"height":800},{"@type":"BreadcrumbList","@id":"https:\/\/www.colorflyprinting.com\/product\/colorflyprinting-school-copybook-80-pages-exercise-notebook\/#breadcrumb","itemListElement":[{"@type":"ListItem","position":1,"name":"Home","item":"https:\/\/www.colorflyprinting.com\/"},{"@type":"ListItem","position":2,"name":"Product","item":"https:\/\/www.colorflyprinting.com\/shop\/"},{"@type":"ListItem","position":3,"name":"Colorflyprinting School Copybook 80 Pages Exercise Notebook"}]},{"@type":"WebSite","@id":"https:\/\/www.colorflyprinting.com\/#website","url":"https:\/\/www.colorflyprinting.com\/","name":"Hefei Colorfly Stationery Co.,Ltd.","description":"","publisher":{"@id":"https:\/\/www.colorflyprinting.com\/#organization"},"potentialAction":[{"@type":"SearchAction","target":{"@type":"EntryPoint","urlTemplate":"https:\/\/www.colorflyprinting.com\/?s={search_term_string}"},"query-input":{"@type":"PropertyValueSpecification","valueRequired":true,"valueName":"search_term_string"}}],"inLanguage":"de"},{"@type":"Organization","@id":"https:\/\/www.colorflyprinting.com\/#organization","name":"Hefei Colorfly Stationery Co.,Ltd.","url":"https:\/\/www.colorflyprinting.com\/","logo":{"@type":"ImageObject","inLanguage":"de","@id":"https:\/\/www.colorflyprinting.com\/#\/schema\/logo\/image\/","url":"https:\/\/www.colorflyprinting.com\/wp-content\/uploads\/2025\/04\/d167665f943610681229e2f4307b9df.jpg","contentUrl":"https:\/\/www.colorflyprinting.com\/wp-content\/uploads\/2025\/04\/d167665f943610681229e2f4307b9df.jpg","width":780,"height":780,"caption":"Hefei Colorfly Stationery Co.,Ltd."},"image":{"@id":"https:\/\/www.colorflyprinting.com\/#\/schema\/logo\/image\/"}}]}},"_links":{"self":[{"href":"https:\/\/www.colorflyprinting.com\/de\/wp-json\/wp\/v2\/product\/12064","targetHints":{"allow":["GET"]}}],"collection":[{"href":"https:\/\/www.colorflyprinting.com\/de\/wp-json\/wp\/v2\/product"}],"about":[{"href":"https:\/\/www.colorflyprinting.com\/de\/wp-json\/wp\/v2\/types\/product"}],"replies":[{"embeddable":true,"href":"https:\/\/www.colorflyprinting.com\/de\/wp-json\/wp\/v2\/comments?post=12064"}],"wp:featuredmedia":[{"embeddable":true,"href":"https:\/\/www.colorflyprinting.com\/de\/wp-json\/wp\/v2\/media\/12071"}],"wp:attachment":[{"href":"https:\/\/www.colorflyprinting.com\/de\/wp-json\/wp\/v2\/media?parent=12064"}],"wp:term":[{"taxonomy":"product_brand","embeddable":true,"href":"https:\/\/www.colorflyprinting.com\/de\/wp-json\/wp\/v2\/product_brand?post=12064"},{"taxonomy":"product_cat","embeddable":true,"href":"https:\/\/www.colorflyprinting.com\/de\/wp-json\/wp\/v2\/product_cat?post=12064"},{"taxonomy":"product_tag","embeddable":true,"href":"https:\/\/www.colorflyprinting.com\/de\/wp-json\/wp\/v2\/product_tag?post=12064"}],"curies":[{"name":"wp","href":"https:\/\/api.w.org\/{rel}","templated":true}]}}