{"id":11508,"date":"2025-04-22T01:23:20","date_gmt":"2025-04-22T01:23:20","guid":{"rendered":"https:\/\/www.colorflyprinting.com\/?post_type=product&#038;p=11508"},"modified":"2025-04-29T01:39:32","modified_gmt":"2025-04-29T01:39:32","slug":"factory-price-french-line-exercise-book-lined-exercise-book-2021-french-line-exercise-book-for-students-writing","status":"publish","type":"product","link":"https:\/\/www.colorflyprinting.com\/de\/produkt\/fabrikpreis-franzosisches-linien-ubungsbuch-liniertes-ubungsbuch-2021-franzosisches-linien-ubungsbuch-fur-schuler\/","title":{"rendered":"Fabrikpreis Franz\u00f6sisch Line \u00dcbungsbuch Liniertes \u00dcbungsbuch"},"content":{"rendered":"<div class=\"text\">\n<p>Produktbeschreibung<\/p>\n<p>Artikelname: Notizbuch<\/p>\n<p>Bezug: PU<br \/>\nGr\u00f6\u00dfe: 19\u00d724,7cm<\/p>\n<p>Bindung: Klebebindung (Spiralbindung)<\/p>\n<p>Seiten: 48\/96\/192 Seiten<\/p>\n<p>Mindestbestellmenge: 5000<\/p>\n<p>Alle oben genannten Spezifikationen k\u00f6nnen individuell angepasst werden. Wenn wir mit Ihnen zusammenarbeiten, k\u00f6nnen Sie unseren individuellen Service in Anspruch nehmen.<\/p>\n<p>&nbsp;<\/p>\n<p>H\u00e4ufig gestellte Fragen<\/p>\n<p>1. \u00dcber den Preis:<br \/>\nDer Preis ist verhandelbar. Er kann je nach Menge oder Paket angepasst werden. Bitte teilen Sie uns bei Ihrer Anfrage die gew\u00fcnschte Menge mit.<\/p>\n<p>2. \u00dcber die Probe:<br \/>\nF\u00fcr Standardprodukte, die wir t\u00e4glich herstellen, ist das Muster kostenlos, aber die Luftfracht wird abgeholt oder Sie bezahlen uns das Porto im Voraus. Bitte haben Sie daf\u00fcr Verst\u00e4ndnis. F\u00fcr die Herstellung neuer Muster fallen Geb\u00fchren an. Lassen Sie uns das bitte n\u00e4her besprechen.<\/p>\n<p>3. \u00dcber MOQ:<br \/>\nWenn wir das Produkt vollst\u00e4ndig auf Lager haben, ist die Mindestbestellmenge gering. Andernfalls betr\u00e4gt die Mindestbestellmenge 20.000\/50.000\/100.000 St\u00fcck usw. Auch gemischte Artikel passen in einen 20-Fu\u00df-Container. Dies h\u00e4ngt von der Art des Produkts ab und ist verhandelbar. Wir m\u00f6chten Ihr Problem so gut wie m\u00f6glich l\u00f6sen.<\/p>\n<p>4. \u00dcber OEM:<br \/>\nWir besitzen eine Fabrik in China und helfen gerne bei der Gestaltung des Produktlogos und des Barcodes, solange die Auftragsqualit\u00e4t der Mindestbestellmenge entspricht.<\/p>\n<p>5. \u00dcber das Paket:<br \/>\nDie meisten unserer Produkte sind in einer Standardverpackung erh\u00e4ltlich, basierend auf unseren Erfahrungen auf dem Markt. Wir ber\u00fccksichtigen jedoch immer die Bed\u00fcrfnisse unserer Kunden und bieten n\u00fctzliche Empfehlungen als Referenz.<\/p>\n<\/div>","protected":false},"excerpt":{"rendered":"<ul class=\"ptab-list clearfix\">\n<li>Produktherkunft:\n<p>Anhui<\/li>\n<li>Marke:\n<p>Farbfliege<\/li>\n<li>Artikelnummer:\n<p>S-1222<\/li>\n<li>Hafen:\n<p>Wuhan\/ Shanghai \/ Qiandao \/ Yiwu<\/li>\n<li>Farbe:\n<p>benutzerdefinierte Farbe<\/li>\n<li>Vorlaufzeit:\n<p>25-30 Tage<\/li>\n<li>Zahlung:\n<p>30% TT als Anzahlung, die Restzahlung a<\/li>\n<li>Mindestbestellmenge:\n<p>5000<\/li>\n<li>Typ:\n<p>Notizbuch<\/li>\n<li>Gr\u00f6\u00dfe:\n<p>A5<\/li>\n<li>Bindung:\n<p>Klammerheftung<\/li>\n<li>Seitenanzahl:\n<p>48p<\/li>\n<li>Innendruck:\n<p>Brauch<\/li>\n<li>Coverdruck:\n<p>benutzerdefinierte Farbe<\/li>\n<\/ul>","protected":false},"featured_media":11532,"comment_status":"open","ping_status":"closed","template":"","meta":[],"product_brand":[],"product_cat":[21,495],"product_tag":[362,430],"class_list":{"0":"post-11508","1":"product","2":"type-product","3":"status-publish","4":"has-post-thumbnail","6":"product_cat-exercise-book","7":"product_cat-soft-cover-exercise-book","8":"product_tag-bulk-composition-book","9":"product_tag-french-line-exercise-book-lined-exercise-book","11":"first","12":"instock","13":"shipping-taxable","14":"product-type-simple"},"yoast_head":"<!-- This site is optimized with the Yoast SEO Premium plugin v23.9 (Yoast SEO v25.2) - https:\/\/yoast.com\/wordpress\/plugins\/seo\/ -->\n<title>Factory Price French Line Exercise Book Lined Exercise Book<\/title>\n<meta name=\"description\" content=\"Affordable factory-priced French line exercise books with lined pages, perfect for writing, note-taking, and schoolwork. Durable and available in bulk for schools and offices.\" \/>\n<meta name=\"robots\" content=\"index, follow, max-snippet:-1, max-image-preview:large, max-video-preview:-1\" \/>\n<link rel=\"canonical\" href=\"https:\/\/www.colorflyprinting.com\/de\/produkt\/fabrikpreis-franzosisches-linien-ubungsbuch-liniertes-ubungsbuch-2021-franzosisches-linien-ubungsbuch-fur-schuler\/\" \/>\n<meta property=\"og:locale\" content=\"de_DE\" \/>\n<meta property=\"og:type\" content=\"article\" \/>\n<meta property=\"og:title\" content=\"Factory Price French Line Exercise Book Lined Exercise Book\" \/>\n<meta property=\"og:description\" content=\"Affordable factory-priced French line exercise books with lined pages, perfect for writing, note-taking, and schoolwork. Durable and available in bulk for schools and offices.\" \/>\n<meta property=\"og:url\" content=\"https:\/\/www.colorflyprinting.com\/de\/produkt\/fabrikpreis-franzosisches-linien-ubungsbuch-liniertes-ubungsbuch-2021-franzosisches-linien-ubungsbuch-fur-schuler\/\" \/>\n<meta property=\"og:site_name\" content=\"colorflyprinting\" \/>\n<meta property=\"article:modified_time\" content=\"2025-04-29T01:39:32+00:00\" \/>\n<meta property=\"og:image\" content=\"https:\/\/www.colorflyprinting.com\/wp-content\/uploads\/2025\/04\/8a4a7aa3283434aac4031ce119a1a6c1_medium-1.jpg\" \/>\n\t<meta property=\"og:image:width\" content=\"550\" \/>\n\t<meta property=\"og:image:height\" content=\"550\" \/>\n\t<meta property=\"og:image:type\" content=\"image\/jpeg\" \/>\n<meta name=\"twitter:card\" content=\"summary_large_image\" \/>\n<meta name=\"twitter:label1\" content=\"Gesch\u00e4tzte Lesezeit\" \/>\n\t<meta name=\"twitter:data1\" content=\"1\u00a0Minute\" \/>\n<script type=\"application\/ld+json\" class=\"yoast-schema-graph\">{\"@context\":\"https:\/\/schema.org\",\"@graph\":[{\"@type\":\"WebPage\",\"@id\":\"https:\/\/www.colorflyprinting.com\/product\/factory-price-french-line-exercise-book-lined-exercise-book-2021-french-line-exercise-book-for-students-writing\/\",\"url\":\"https:\/\/www.colorflyprinting.com\/product\/factory-price-french-line-exercise-book-lined-exercise-book-2021-french-line-exercise-book-for-students-writing\/\",\"name\":\"Factory Price French Line Exercise Book Lined Exercise Book\",\"isPartOf\":{\"@id\":\"https:\/\/www.colorflyprinting.com\/#website\"},\"primaryImageOfPage\":{\"@id\":\"https:\/\/www.colorflyprinting.com\/product\/factory-price-french-line-exercise-book-lined-exercise-book-2021-french-line-exercise-book-for-students-writing\/#primaryimage\"},\"image\":{\"@id\":\"https:\/\/www.colorflyprinting.com\/product\/factory-price-french-line-exercise-book-lined-exercise-book-2021-french-line-exercise-book-for-students-writing\/#primaryimage\"},\"thumbnailUrl\":\"https:\/\/www.colorflyprinting.com\/wp-content\/uploads\/2025\/04\/8a4a7aa3283434aac4031ce119a1a6c1_medium-1.jpg\",\"datePublished\":\"2025-04-22T01:23:20+00:00\",\"dateModified\":\"2025-04-29T01:39:32+00:00\",\"description\":\"Affordable factory-priced French line exercise books with lined pages, perfect for writing, note-taking, and schoolwork. Durable and available in bulk for schools and offices.\",\"breadcrumb\":{\"@id\":\"https:\/\/www.colorflyprinting.com\/product\/factory-price-french-line-exercise-book-lined-exercise-book-2021-french-line-exercise-book-for-students-writing\/#breadcrumb\"},\"inLanguage\":\"de\",\"potentialAction\":[{\"@type\":\"ReadAction\",\"target\":[\"https:\/\/www.colorflyprinting.com\/product\/factory-price-french-line-exercise-book-lined-exercise-book-2021-french-line-exercise-book-for-students-writing\/\"]}]},{\"@type\":\"ImageObject\",\"inLanguage\":\"de\",\"@id\":\"https:\/\/www.colorflyprinting.com\/product\/factory-price-french-line-exercise-book-lined-exercise-book-2021-french-line-exercise-book-for-students-writing\/#primaryimage\",\"url\":\"https:\/\/www.colorflyprinting.com\/wp-content\/uploads\/2025\/04\/8a4a7aa3283434aac4031ce119a1a6c1_medium-1.jpg\",\"contentUrl\":\"https:\/\/www.colorflyprinting.com\/wp-content\/uploads\/2025\/04\/8a4a7aa3283434aac4031ce119a1a6c1_medium-1.jpg\",\"width\":550,\"height\":550},{\"@type\":\"BreadcrumbList\",\"@id\":\"https:\/\/www.colorflyprinting.com\/product\/factory-price-french-line-exercise-book-lined-exercise-book-2021-french-line-exercise-book-for-students-writing\/#breadcrumb\",\"itemListElement\":[{\"@type\":\"ListItem\",\"position\":1,\"name\":\"Home\",\"item\":\"https:\/\/www.colorflyprinting.com\/\"},{\"@type\":\"ListItem\",\"position\":2,\"name\":\"Product\",\"item\":\"https:\/\/www.colorflyprinting.com\/shop\/\"},{\"@type\":\"ListItem\",\"position\":3,\"name\":\"Factory Price French Line Exercise Book Lined Exercise Book\"}]},{\"@type\":\"WebSite\",\"@id\":\"https:\/\/www.colorflyprinting.com\/#website\",\"url\":\"https:\/\/www.colorflyprinting.com\/\",\"name\":\"Hefei Colorfly Stationery Co.,Ltd.\",\"description\":\"\",\"publisher\":{\"@id\":\"https:\/\/www.colorflyprinting.com\/#organization\"},\"potentialAction\":[{\"@type\":\"SearchAction\",\"target\":{\"@type\":\"EntryPoint\",\"urlTemplate\":\"https:\/\/www.colorflyprinting.com\/?s={search_term_string}\"},\"query-input\":{\"@type\":\"PropertyValueSpecification\",\"valueRequired\":true,\"valueName\":\"search_term_string\"}}],\"inLanguage\":\"de\"},{\"@type\":\"Organization\",\"@id\":\"https:\/\/www.colorflyprinting.com\/#organization\",\"name\":\"Hefei Colorfly Stationery Co.,Ltd.\",\"url\":\"https:\/\/www.colorflyprinting.com\/\",\"logo\":{\"@type\":\"ImageObject\",\"inLanguage\":\"de\",\"@id\":\"https:\/\/www.colorflyprinting.com\/#\/schema\/logo\/image\/\",\"url\":\"https:\/\/www.colorflyprinting.com\/wp-content\/uploads\/2025\/04\/d167665f943610681229e2f4307b9df.jpg\",\"contentUrl\":\"https:\/\/www.colorflyprinting.com\/wp-content\/uploads\/2025\/04\/d167665f943610681229e2f4307b9df.jpg\",\"width\":780,\"height\":780,\"caption\":\"Hefei Colorfly Stationery Co.,Ltd.\"},\"image\":{\"@id\":\"https:\/\/www.colorflyprinting.com\/#\/schema\/logo\/image\/\"}}]}<\/script>\n<!-- \/ Yoast SEO Premium plugin. -->","yoast_head_json":{"title":"Factory Price French Line Exercise Book Lined Exercise Book","description":"Affordable factory-priced French line exercise books with lined pages, perfect for writing, note-taking, and schoolwork. Durable and available in bulk for schools and offices.","robots":{"index":"index","follow":"follow","max-snippet":"max-snippet:-1","max-image-preview":"max-image-preview:large","max-video-preview":"max-video-preview:-1"},"canonical":"https:\/\/www.colorflyprinting.com\/de\/produkt\/fabrikpreis-franzosisches-linien-ubungsbuch-liniertes-ubungsbuch-2021-franzosisches-linien-ubungsbuch-fur-schuler\/","og_locale":"de_DE","og_type":"article","og_title":"Factory Price French Line Exercise Book Lined Exercise Book","og_description":"Affordable factory-priced French line exercise books with lined pages, perfect for writing, note-taking, and schoolwork. Durable and available in bulk for schools and offices.","og_url":"https:\/\/www.colorflyprinting.com\/de\/produkt\/fabrikpreis-franzosisches-linien-ubungsbuch-liniertes-ubungsbuch-2021-franzosisches-linien-ubungsbuch-fur-schuler\/","og_site_name":"colorflyprinting","article_modified_time":"2025-04-29T01:39:32+00:00","og_image":[{"width":550,"height":550,"url":"https:\/\/www.colorflyprinting.com\/wp-content\/uploads\/2025\/04\/8a4a7aa3283434aac4031ce119a1a6c1_medium-1.jpg","type":"image\/jpeg"}],"twitter_card":"summary_large_image","twitter_misc":{"Gesch\u00e4tzte Lesezeit":"1\u00a0Minute"},"schema":{"@context":"https:\/\/schema.org","@graph":[{"@type":"WebPage","@id":"https:\/\/www.colorflyprinting.com\/product\/factory-price-french-line-exercise-book-lined-exercise-book-2021-french-line-exercise-book-for-students-writing\/","url":"https:\/\/www.colorflyprinting.com\/product\/factory-price-french-line-exercise-book-lined-exercise-book-2021-french-line-exercise-book-for-students-writing\/","name":"Factory Price French Line Exercise Book Lined Exercise Book","isPartOf":{"@id":"https:\/\/www.colorflyprinting.com\/#website"},"primaryImageOfPage":{"@id":"https:\/\/www.colorflyprinting.com\/product\/factory-price-french-line-exercise-book-lined-exercise-book-2021-french-line-exercise-book-for-students-writing\/#primaryimage"},"image":{"@id":"https:\/\/www.colorflyprinting.com\/product\/factory-price-french-line-exercise-book-lined-exercise-book-2021-french-line-exercise-book-for-students-writing\/#primaryimage"},"thumbnailUrl":"https:\/\/www.colorflyprinting.com\/wp-content\/uploads\/2025\/04\/8a4a7aa3283434aac4031ce119a1a6c1_medium-1.jpg","datePublished":"2025-04-22T01:23:20+00:00","dateModified":"2025-04-29T01:39:32+00:00","description":"Affordable factory-priced French line exercise books with lined pages, perfect for writing, note-taking, and schoolwork. Durable and available in bulk for schools and offices.","breadcrumb":{"@id":"https:\/\/www.colorflyprinting.com\/product\/factory-price-french-line-exercise-book-lined-exercise-book-2021-french-line-exercise-book-for-students-writing\/#breadcrumb"},"inLanguage":"de","potentialAction":[{"@type":"ReadAction","target":["https:\/\/www.colorflyprinting.com\/product\/factory-price-french-line-exercise-book-lined-exercise-book-2021-french-line-exercise-book-for-students-writing\/"]}]},{"@type":"ImageObject","inLanguage":"de","@id":"https:\/\/www.colorflyprinting.com\/product\/factory-price-french-line-exercise-book-lined-exercise-book-2021-french-line-exercise-book-for-students-writing\/#primaryimage","url":"https:\/\/www.colorflyprinting.com\/wp-content\/uploads\/2025\/04\/8a4a7aa3283434aac4031ce119a1a6c1_medium-1.jpg","contentUrl":"https:\/\/www.colorflyprinting.com\/wp-content\/uploads\/2025\/04\/8a4a7aa3283434aac4031ce119a1a6c1_medium-1.jpg","width":550,"height":550},{"@type":"BreadcrumbList","@id":"https:\/\/www.colorflyprinting.com\/product\/factory-price-french-line-exercise-book-lined-exercise-book-2021-french-line-exercise-book-for-students-writing\/#breadcrumb","itemListElement":[{"@type":"ListItem","position":1,"name":"Home","item":"https:\/\/www.colorflyprinting.com\/"},{"@type":"ListItem","position":2,"name":"Product","item":"https:\/\/www.colorflyprinting.com\/shop\/"},{"@type":"ListItem","position":3,"name":"Factory Price French Line Exercise Book Lined Exercise Book"}]},{"@type":"WebSite","@id":"https:\/\/www.colorflyprinting.com\/#website","url":"https:\/\/www.colorflyprinting.com\/","name":"Hefei Colorfly Stationery Co.,Ltd.","description":"","publisher":{"@id":"https:\/\/www.colorflyprinting.com\/#organization"},"potentialAction":[{"@type":"SearchAction","target":{"@type":"EntryPoint","urlTemplate":"https:\/\/www.colorflyprinting.com\/?s={search_term_string}"},"query-input":{"@type":"PropertyValueSpecification","valueRequired":true,"valueName":"search_term_string"}}],"inLanguage":"de"},{"@type":"Organization","@id":"https:\/\/www.colorflyprinting.com\/#organization","name":"Hefei Colorfly Stationery Co.,Ltd.","url":"https:\/\/www.colorflyprinting.com\/","logo":{"@type":"ImageObject","inLanguage":"de","@id":"https:\/\/www.colorflyprinting.com\/#\/schema\/logo\/image\/","url":"https:\/\/www.colorflyprinting.com\/wp-content\/uploads\/2025\/04\/d167665f943610681229e2f4307b9df.jpg","contentUrl":"https:\/\/www.colorflyprinting.com\/wp-content\/uploads\/2025\/04\/d167665f943610681229e2f4307b9df.jpg","width":780,"height":780,"caption":"Hefei Colorfly Stationery Co.,Ltd."},"image":{"@id":"https:\/\/www.colorflyprinting.com\/#\/schema\/logo\/image\/"}}]}},"_links":{"self":[{"href":"https:\/\/www.colorflyprinting.com\/de\/wp-json\/wp\/v2\/product\/11508","targetHints":{"allow":["GET"]}}],"collection":[{"href":"https:\/\/www.colorflyprinting.com\/de\/wp-json\/wp\/v2\/product"}],"about":[{"href":"https:\/\/www.colorflyprinting.com\/de\/wp-json\/wp\/v2\/types\/product"}],"replies":[{"embeddable":true,"href":"https:\/\/www.colorflyprinting.com\/de\/wp-json\/wp\/v2\/comments?post=11508"}],"wp:featuredmedia":[{"embeddable":true,"href":"https:\/\/www.colorflyprinting.com\/de\/wp-json\/wp\/v2\/media\/11532"}],"wp:attachment":[{"href":"https:\/\/www.colorflyprinting.com\/de\/wp-json\/wp\/v2\/media?parent=11508"}],"wp:term":[{"taxonomy":"product_brand","embeddable":true,"href":"https:\/\/www.colorflyprinting.com\/de\/wp-json\/wp\/v2\/product_brand?post=11508"},{"taxonomy":"product_cat","embeddable":true,"href":"https:\/\/www.colorflyprinting.com\/de\/wp-json\/wp\/v2\/product_cat?post=11508"},{"taxonomy":"product_tag","embeddable":true,"href":"https:\/\/www.colorflyprinting.com\/de\/wp-json\/wp\/v2\/product_tag?post=11508"}],"curies":[{"name":"wp","href":"https:\/\/api.w.org\/{rel}","templated":true}]}}