{"id":11472,"date":"2025-04-22T01:22:57","date_gmt":"2025-04-22T01:22:57","guid":{"rendered":"https:\/\/www.colorflyprinting.com\/?post_type=product&#038;p=11472"},"modified":"2025-04-22T01:23:33","modified_gmt":"2025-04-22T01:23:33","slug":"cheap-2-quire-feintmargin-sewn-binding-a4-school-counter-book-for-students","status":"publish","type":"product","link":"https:\/\/www.colorflyprinting.com\/de\/produkt\/gunstiges-2-lagiges-feinrandheft-mit-fadenheftung-a4-schulheft-fur-schuler\/","title":{"rendered":"G\u00fcnstiges 2-Quer-Feinstich- und Randheftung im A4-Format f\u00fcr die Schule"},"content":{"rendered":"<div class=\"text\">\n<p>\n\tProduktbeschreibung&nbsp;\n<\/p>\n<p>\n\tArtikelbezeichnung: Hardcover-Notizbuch\n<\/p>\n<p>\n\t&nbsp;Bezug: PU<br \/>\nGr\u00f6\u00dfe: 19\u00d724,7cm\n<\/p>\n<p>\n\tBindung: Klebebindung\n<\/p>\n<p>\n\tSeiten: 96\/192 Seiten\n<\/p>\n<p>\n\tMindestbestellmenge: 5000\n<\/p>\n<p>\n\tAlle oben genannten Spezifikationen k\u00f6nnen individuell angepasst werden. Wenn wir mit Ihnen zusammenarbeiten, k\u00f6nnen Sie unseren individuellen Service in Anspruch nehmen.&nbsp;\n<\/p>\n<p>\n\t\n<\/p>\n<p>\n\t&nbsp;H\u00e4ufig gestellte Fragen&nbsp;\n<\/p>\n<p>\n\t1. \u00dcber den Preis:<br \/>\nDer Preis ist verhandelbar. Er kann je nach Menge oder Paket angepasst werden. Bitte teilen Sie uns bei Ihrer Anfrage die gew\u00fcnschte Menge mit.&nbsp;\n<\/p>\n<p>\n\t2. \u00dcber die Probe:<br \/>\nF\u00fcr Standardprodukte, die wir t\u00e4glich herstellen, ist das Muster kostenlos, aber die Luftfracht wird abgeholt oder Sie bezahlen uns das Porto im Voraus. Bitte haben Sie daf\u00fcr Verst\u00e4ndnis. F\u00fcr die Herstellung neuer Muster fallen Geb\u00fchren an. Lassen Sie uns das bitte n\u00e4her besprechen.&nbsp;\n<\/p>\n<p>\n\t3. \u00dcber MOQ:<br \/>\nWenn wir das Produkt vollst\u00e4ndig auf Lager haben, ist die Mindestbestellmenge gering. Andernfalls betr\u00e4gt die Mindestbestellmenge 20.000\/50.000\/100.000 St\u00fcck usw. Auch gemischte Artikel passen in einen 20-Fu\u00df-Container. Dies h\u00e4ngt von der Art des Produkts ab und ist verhandelbar. Wir m\u00f6chten Ihr Problem so gut wie m\u00f6glich l\u00f6sen.&nbsp;\n<\/p>\n<p>\n\t4. \u00dcber OEM:<br \/>\nWir besitzen eine Fabrik in China und helfen gerne bei der Gestaltung des Produktlogos und des Barcodes, solange die Auftragsqualit\u00e4t der Mindestbestellmenge entspricht.&nbsp;\n<\/p>\n<p>\n\t5. \u00dcber das Paket:<br \/>\nDie meisten unserer Produkte sind in einer Standardverpackung erh\u00e4ltlich, basierend auf unseren Erfahrungen auf dem Markt. Wir ber\u00fccksichtigen jedoch immer die Bed\u00fcrfnisse unserer Kunden und bieten n\u00fctzliche Empfehlungen als Referenz.\n<\/p>\n<\/p><\/div>","protected":false},"excerpt":{"rendered":"<ul class=\"ptab-list clearfix\">\n<li>\n<p>Produktherkunft:<\/p>\n<p><span>Anhui<\/span><\/li>\n<li>\n<p>Marke:<\/p>\n<p><span>Farbfliege<\/span><\/li>\n<li>\n<p>Artikelnummer:<\/p>\n<p><span>C-1229<\/span><\/li>\n<li>\n<p>Hafen:<\/p>\n<p><span>Wuhan\/ Shanghai \/ Qiandao \/ Yiwu<\/span><\/li>\n<li>\n<p>Farbe:<\/p>\n<p><span>benutzerdefinierte Farbe<\/span><\/li>\n<li>\n<p>Vorlaufzeit:<\/p>\n<p><span>25-30 Tage<\/span><\/li>\n<li>\n<p>Zahlung:<\/p>\n<p><span>30% TT als Anzahlung, die Restzahlung a<\/span><\/li>\n<li>\n<p>Mindestbestellmenge:<\/p>\n<p><span>5000<\/span><\/li>\n<li>\n<p>Typ: <\/p>\n<p> <span>Notizbuch<\/span><\/li>\n<li>\n<p>Gr\u00f6\u00dfe: <\/p>\n<p> <span>A5<\/span><\/li>\n<li>\n<p>Bindung: <\/p>\n<p> <span>Klebebindung<\/span><\/li>\n<li>\n<p>Seitenanzahl: <\/p>\n<p> <span>\/192p<\/span><\/li>\n<li>\n<p>Innendruck: <\/p>\n<p> <span>Brauch<\/span><\/li>\n<li>\n<p>Coverdruck: <\/p>\n<p> <span>benutzerdefinierte Farbe<\/span><\/li>\n<\/ul>","protected":false},"featured_media":11529,"comment_status":"open","ping_status":"closed","template":"","meta":[],"product_brand":[],"product_cat":[449],"product_tag":[489,490,491],"class_list":{"0":"post-11472","1":"product","2":"type-product","3":"status-publish","4":"has-post-thumbnail","6":"product_cat-hardcover-notebook","7":"product_tag-a4-school-counter-book-for-students","8":"product_tag-cheap-2-quire-feintmargin-sewn-binding","9":"product_tag-counter-book-for-students","11":"first","12":"instock","13":"shipping-taxable","14":"product-type-simple"},"yoast_head":"<!-- This site is optimized with the Yoast SEO Premium plugin v23.9 (Yoast SEO v25.2) - https:\/\/yoast.com\/wordpress\/plugins\/seo\/ -->\n<title>Cheap 2 Quire Feint&amp;Margin Sewn Binding A4 School Counter Book For Students - colorflyprinting<\/title>\n<meta name=\"robots\" content=\"index, follow, max-snippet:-1, max-image-preview:large, max-video-preview:-1\" \/>\n<link rel=\"canonical\" href=\"https:\/\/www.colorflyprinting.com\/de\/produkt\/gunstiges-2-lagiges-feinrandheft-mit-fadenheftung-a4-schulheft-fur-schuler\/\" \/>\n<meta property=\"og:locale\" content=\"de_DE\" \/>\n<meta property=\"og:type\" content=\"article\" \/>\n<meta property=\"og:title\" content=\"Cheap 2 Quire Feint&amp;Margin Sewn Binding A4 School Counter Book For Students\" \/>\n<meta property=\"og:description\" content=\"Product Origin:anhui                                                    Brand:Colorfly                                                   Item NO.:C-1229                                                   Shipping Port:wuhan\/ shanghai \/qiandao \/yiwu                                                   Color:custom color                                                   Lead Time:25-30days                                                   Payment:30% TT as the deposit , the balance payment a                                                   MOQ:5000                                                                                                                  Type: notebook                                 Size: A5                                 Binding: perfect binding                                 Number of pages: \/192p                                 Inner printing: custom                                 Cover printing: custom color\" \/>\n<meta property=\"og:url\" content=\"https:\/\/www.colorflyprinting.com\/de\/produkt\/gunstiges-2-lagiges-feinrandheft-mit-fadenheftung-a4-schulheft-fur-schuler\/\" \/>\n<meta property=\"og:site_name\" content=\"colorflyprinting\" \/>\n<meta property=\"article:modified_time\" content=\"2025-04-22T01:23:33+00:00\" \/>\n<meta name=\"twitter:card\" content=\"summary_large_image\" \/>\n<meta name=\"twitter:label1\" content=\"Gesch\u00e4tzte Lesezeit\" \/>\n\t<meta name=\"twitter:data1\" content=\"1\u00a0Minute\" \/>\n<script type=\"application\/ld+json\" class=\"yoast-schema-graph\">{\"@context\":\"https:\/\/schema.org\",\"@graph\":[{\"@type\":\"WebPage\",\"@id\":\"https:\/\/www.colorflyprinting.com\/product\/cheap-2-quire-feintmargin-sewn-binding-a4-school-counter-book-for-students\/\",\"url\":\"https:\/\/www.colorflyprinting.com\/product\/cheap-2-quire-feintmargin-sewn-binding-a4-school-counter-book-for-students\/\",\"name\":\"Cheap 2 Quire Feint&Margin Sewn Binding A4 School Counter Book For Students - colorflyprinting\",\"isPartOf\":{\"@id\":\"https:\/\/www.colorflyprinting.com\/#website\"},\"primaryImageOfPage\":{\"@id\":\"https:\/\/www.colorflyprinting.com\/product\/cheap-2-quire-feintmargin-sewn-binding-a4-school-counter-book-for-students\/#primaryimage\"},\"image\":{\"@id\":\"https:\/\/www.colorflyprinting.com\/product\/cheap-2-quire-feintmargin-sewn-binding-a4-school-counter-book-for-students\/#primaryimage\"},\"thumbnailUrl\":\"https:\/\/www.colorflyprinting.com\/wp-content\/uploads\/2025\/04\/b67ead0824919c6cbfc78f306b364080_medium.png\",\"datePublished\":\"2025-04-22T01:22:57+00:00\",\"dateModified\":\"2025-04-22T01:23:33+00:00\",\"breadcrumb\":{\"@id\":\"https:\/\/www.colorflyprinting.com\/product\/cheap-2-quire-feintmargin-sewn-binding-a4-school-counter-book-for-students\/#breadcrumb\"},\"inLanguage\":\"de\",\"potentialAction\":[{\"@type\":\"ReadAction\",\"target\":[\"https:\/\/www.colorflyprinting.com\/product\/cheap-2-quire-feintmargin-sewn-binding-a4-school-counter-book-for-students\/\"]}]},{\"@type\":\"ImageObject\",\"inLanguage\":\"de\",\"@id\":\"https:\/\/www.colorflyprinting.com\/product\/cheap-2-quire-feintmargin-sewn-binding-a4-school-counter-book-for-students\/#primaryimage\",\"url\":\"https:\/\/www.colorflyprinting.com\/wp-content\/uploads\/2025\/04\/b67ead0824919c6cbfc78f306b364080_medium.png\",\"contentUrl\":\"https:\/\/www.colorflyprinting.com\/wp-content\/uploads\/2025\/04\/b67ead0824919c6cbfc78f306b364080_medium.png\",\"width\":550,\"height\":550},{\"@type\":\"BreadcrumbList\",\"@id\":\"https:\/\/www.colorflyprinting.com\/product\/cheap-2-quire-feintmargin-sewn-binding-a4-school-counter-book-for-students\/#breadcrumb\",\"itemListElement\":[{\"@type\":\"ListItem\",\"position\":1,\"name\":\"Home\",\"item\":\"https:\/\/www.colorflyprinting.com\/\"},{\"@type\":\"ListItem\",\"position\":2,\"name\":\"Product\",\"item\":\"https:\/\/www.colorflyprinting.com\/shop\/\"},{\"@type\":\"ListItem\",\"position\":3,\"name\":\"Cheap 2 Quire Feint&#038;Margin Sewn Binding A4 School Counter Book For Students\"}]},{\"@type\":\"WebSite\",\"@id\":\"https:\/\/www.colorflyprinting.com\/#website\",\"url\":\"https:\/\/www.colorflyprinting.com\/\",\"name\":\"Hefei Colorfly Stationery Co.,Ltd.\",\"description\":\"\",\"publisher\":{\"@id\":\"https:\/\/www.colorflyprinting.com\/#organization\"},\"potentialAction\":[{\"@type\":\"SearchAction\",\"target\":{\"@type\":\"EntryPoint\",\"urlTemplate\":\"https:\/\/www.colorflyprinting.com\/?s={search_term_string}\"},\"query-input\":{\"@type\":\"PropertyValueSpecification\",\"valueRequired\":true,\"valueName\":\"search_term_string\"}}],\"inLanguage\":\"de\"},{\"@type\":\"Organization\",\"@id\":\"https:\/\/www.colorflyprinting.com\/#organization\",\"name\":\"Hefei Colorfly Stationery Co.,Ltd.\",\"url\":\"https:\/\/www.colorflyprinting.com\/\",\"logo\":{\"@type\":\"ImageObject\",\"inLanguage\":\"de\",\"@id\":\"https:\/\/www.colorflyprinting.com\/#\/schema\/logo\/image\/\",\"url\":\"https:\/\/www.colorflyprinting.com\/wp-content\/uploads\/2025\/04\/d167665f943610681229e2f4307b9df.jpg\",\"contentUrl\":\"https:\/\/www.colorflyprinting.com\/wp-content\/uploads\/2025\/04\/d167665f943610681229e2f4307b9df.jpg\",\"width\":780,\"height\":780,\"caption\":\"Hefei Colorfly Stationery Co.,Ltd.\"},\"image\":{\"@id\":\"https:\/\/www.colorflyprinting.com\/#\/schema\/logo\/image\/\"}}]}<\/script>\n<!-- \/ Yoast SEO Premium plugin. -->","yoast_head_json":{"title":"Cheap 2 Quire Feint&Margin Sewn Binding A4 School Counter Book For Students - colorflyprinting","robots":{"index":"index","follow":"follow","max-snippet":"max-snippet:-1","max-image-preview":"max-image-preview:large","max-video-preview":"max-video-preview:-1"},"canonical":"https:\/\/www.colorflyprinting.com\/de\/produkt\/gunstiges-2-lagiges-feinrandheft-mit-fadenheftung-a4-schulheft-fur-schuler\/","og_locale":"de_DE","og_type":"article","og_title":"Cheap 2 Quire Feint&Margin Sewn Binding A4 School Counter Book For Students","og_description":"Product Origin:anhui                                                    Brand:Colorfly                                                   Item NO.:C-1229                                                   Shipping Port:wuhan\/ shanghai \/qiandao \/yiwu                                                   Color:custom color                                                   Lead Time:25-30days                                                   Payment:30% TT as the deposit , the balance payment a                                                   MOQ:5000                                                                                                                  Type: notebook                                 Size: A5                                 Binding: perfect binding                                 Number of pages: \/192p                                 Inner printing: custom                                 Cover printing: custom color","og_url":"https:\/\/www.colorflyprinting.com\/de\/produkt\/gunstiges-2-lagiges-feinrandheft-mit-fadenheftung-a4-schulheft-fur-schuler\/","og_site_name":"colorflyprinting","article_modified_time":"2025-04-22T01:23:33+00:00","twitter_card":"summary_large_image","twitter_misc":{"Gesch\u00e4tzte Lesezeit":"1\u00a0Minute"},"schema":{"@context":"https:\/\/schema.org","@graph":[{"@type":"WebPage","@id":"https:\/\/www.colorflyprinting.com\/product\/cheap-2-quire-feintmargin-sewn-binding-a4-school-counter-book-for-students\/","url":"https:\/\/www.colorflyprinting.com\/product\/cheap-2-quire-feintmargin-sewn-binding-a4-school-counter-book-for-students\/","name":"Cheap 2 Quire Feint&Margin Sewn Binding A4 School Counter Book For Students - colorflyprinting","isPartOf":{"@id":"https:\/\/www.colorflyprinting.com\/#website"},"primaryImageOfPage":{"@id":"https:\/\/www.colorflyprinting.com\/product\/cheap-2-quire-feintmargin-sewn-binding-a4-school-counter-book-for-students\/#primaryimage"},"image":{"@id":"https:\/\/www.colorflyprinting.com\/product\/cheap-2-quire-feintmargin-sewn-binding-a4-school-counter-book-for-students\/#primaryimage"},"thumbnailUrl":"https:\/\/www.colorflyprinting.com\/wp-content\/uploads\/2025\/04\/b67ead0824919c6cbfc78f306b364080_medium.png","datePublished":"2025-04-22T01:22:57+00:00","dateModified":"2025-04-22T01:23:33+00:00","breadcrumb":{"@id":"https:\/\/www.colorflyprinting.com\/product\/cheap-2-quire-feintmargin-sewn-binding-a4-school-counter-book-for-students\/#breadcrumb"},"inLanguage":"de","potentialAction":[{"@type":"ReadAction","target":["https:\/\/www.colorflyprinting.com\/product\/cheap-2-quire-feintmargin-sewn-binding-a4-school-counter-book-for-students\/"]}]},{"@type":"ImageObject","inLanguage":"de","@id":"https:\/\/www.colorflyprinting.com\/product\/cheap-2-quire-feintmargin-sewn-binding-a4-school-counter-book-for-students\/#primaryimage","url":"https:\/\/www.colorflyprinting.com\/wp-content\/uploads\/2025\/04\/b67ead0824919c6cbfc78f306b364080_medium.png","contentUrl":"https:\/\/www.colorflyprinting.com\/wp-content\/uploads\/2025\/04\/b67ead0824919c6cbfc78f306b364080_medium.png","width":550,"height":550},{"@type":"BreadcrumbList","@id":"https:\/\/www.colorflyprinting.com\/product\/cheap-2-quire-feintmargin-sewn-binding-a4-school-counter-book-for-students\/#breadcrumb","itemListElement":[{"@type":"ListItem","position":1,"name":"Home","item":"https:\/\/www.colorflyprinting.com\/"},{"@type":"ListItem","position":2,"name":"Product","item":"https:\/\/www.colorflyprinting.com\/shop\/"},{"@type":"ListItem","position":3,"name":"Cheap 2 Quire Feint&#038;Margin Sewn Binding A4 School Counter Book For Students"}]},{"@type":"WebSite","@id":"https:\/\/www.colorflyprinting.com\/#website","url":"https:\/\/www.colorflyprinting.com\/","name":"Hefei Colorfly Stationery Co.,Ltd.","description":"","publisher":{"@id":"https:\/\/www.colorflyprinting.com\/#organization"},"potentialAction":[{"@type":"SearchAction","target":{"@type":"EntryPoint","urlTemplate":"https:\/\/www.colorflyprinting.com\/?s={search_term_string}"},"query-input":{"@type":"PropertyValueSpecification","valueRequired":true,"valueName":"search_term_string"}}],"inLanguage":"de"},{"@type":"Organization","@id":"https:\/\/www.colorflyprinting.com\/#organization","name":"Hefei Colorfly Stationery Co.,Ltd.","url":"https:\/\/www.colorflyprinting.com\/","logo":{"@type":"ImageObject","inLanguage":"de","@id":"https:\/\/www.colorflyprinting.com\/#\/schema\/logo\/image\/","url":"https:\/\/www.colorflyprinting.com\/wp-content\/uploads\/2025\/04\/d167665f943610681229e2f4307b9df.jpg","contentUrl":"https:\/\/www.colorflyprinting.com\/wp-content\/uploads\/2025\/04\/d167665f943610681229e2f4307b9df.jpg","width":780,"height":780,"caption":"Hefei Colorfly Stationery Co.,Ltd."},"image":{"@id":"https:\/\/www.colorflyprinting.com\/#\/schema\/logo\/image\/"}}]}},"_links":{"self":[{"href":"https:\/\/www.colorflyprinting.com\/de\/wp-json\/wp\/v2\/product\/11472","targetHints":{"allow":["GET"]}}],"collection":[{"href":"https:\/\/www.colorflyprinting.com\/de\/wp-json\/wp\/v2\/product"}],"about":[{"href":"https:\/\/www.colorflyprinting.com\/de\/wp-json\/wp\/v2\/types\/product"}],"replies":[{"embeddable":true,"href":"https:\/\/www.colorflyprinting.com\/de\/wp-json\/wp\/v2\/comments?post=11472"}],"wp:featuredmedia":[{"embeddable":true,"href":"https:\/\/www.colorflyprinting.com\/de\/wp-json\/wp\/v2\/media\/11529"}],"wp:attachment":[{"href":"https:\/\/www.colorflyprinting.com\/de\/wp-json\/wp\/v2\/media?parent=11472"}],"wp:term":[{"taxonomy":"product_brand","embeddable":true,"href":"https:\/\/www.colorflyprinting.com\/de\/wp-json\/wp\/v2\/product_brand?post=11472"},{"taxonomy":"product_cat","embeddable":true,"href":"https:\/\/www.colorflyprinting.com\/de\/wp-json\/wp\/v2\/product_cat?post=11472"},{"taxonomy":"product_tag","embeddable":true,"href":"https:\/\/www.colorflyprinting.com\/de\/wp-json\/wp\/v2\/product_tag?post=11472"}],"curies":[{"name":"wp","href":"https:\/\/api.w.org\/{rel}","templated":true}]}}