{"id":11470,"date":"2025-04-22T01:22:57","date_gmt":"2025-04-22T01:22:57","guid":{"rendered":"https:\/\/www.colorflyprinting.com\/?post_type=product&#038;p=11470"},"modified":"2025-04-22T01:23:31","modified_gmt":"2025-04-22T01:23:31","slug":"seyes-ruled-hardcover-notebook-for-western-africa","status":"publish","type":"product","link":"https:\/\/www.colorflyprinting.com\/de\/produkt\/eyes-liniertes-hardcover-notizbuch-fur-westafrika\/","title":{"rendered":"Seyes liniertes Hardcover-Notizbuch f\u00fcr Westafrika"},"content":{"rendered":"<div class=\"text\">\n<div class=\"table-responsive\">\n<table border=\"1\">\n<tbody>\n<tr>\n<td>\n<p>\n\t\t\t\t\t\tProduktname\n\t\t\t\t\t<\/p>\n<\/td>\n<td>\n<p>\n\t\t\t\t\t\tSeyes liniertes Hardcover-Notizbuch f\u00fcr Westafrika\n\t\t\t\t\t<\/p>\n<\/td>\n<\/tr>\n<tr>\n<td>\n<p>\n\t\t\t\t\t\tBlatt (Seite)\n\t\t\t\t\t<\/p>\n<\/td>\n<td>\n<p>\n\t\t\t\t\t\t144 Bl\u00e4tter = 288 Seiten (1 Blatt = 2 Seiten)\n\t\t\t\t\t<\/p>\n<\/td>\n<\/tr>\n<tr>\n<td>\n<p>\n\t\t\t\t\t\tGr\u00f6\u00dfe\n\t\t\t\t\t<\/p>\n<\/td>\n<td>\n<p>\n\t\t\t\t\t\t17x22cm\n\t\t\t\t\t<\/p>\n<\/td>\n<\/tr>\n<tr>\n<td>\n<p>\n\t\t\t\t\t\tAbdeckung\n\t\t\t\t\t<\/p>\n<\/td>\n<td>\n<p>\n\t\t\t\t\t\tKarton + Laminierung; individuelles Design m\u00f6glich\n\t\t\t\t\t<\/p>\n<\/td>\n<\/tr>\n<tr>\n<td>\n<p>\n\t\t\t\t\t\tBindung\n\t\t\t\t\t<\/p>\n<\/td>\n<td>\n<p>\n\t\t\t\t\t\tKlebebindung\n\t\t\t\t\t<\/p>\n<\/td>\n<\/tr>\n<tr>\n<td>\n<p>\n\t\t\t\t\t\tInnendruck\n\t\t\t\t\t<\/p>\n<\/td>\n<td>\n<p>\n\t\t\t\t\t\tFranz\u00f6sisch regierte\n\t\t\t\t\t<\/p>\n<\/td>\n<\/tr>\n<tr>\n<td>\n<p>\n\t\t\t\t\t\tInnenpapier GSM&nbsp; &nbsp; &nbsp; &nbsp; &nbsp; &nbsp; &nbsp; &nbsp; &nbsp;\n\t\t\t\t\t<\/p>\n<\/td>\n<td>\n<p>\n\t\t\t\t\t\t50\/55\/60 g\/m\u00b2\n\t\t\t\t\t<\/p>\n<\/td>\n<\/tr>\n<tr>\n<td>\n<p>\n\t\t\t\t\t\tVerwendung\n\t\t\t\t\t<\/p>\n<\/td>\n<td>\n<p>\n\t\t\t\t\t\tSchule \/ B\u00fcro \/ etc.\n\t\t\t\t\t<\/p>\n<\/td>\n<\/tr>\n<tr>\n<td>\n<p>\n\t\t\t\t\t\tVerpackung\n\t\t\t\t\t<\/p>\n<\/td>\n<td>\n<p>\n\t\t\t\t\t\t3 St\u00fcck\/Schrumpfpackung, 60 St\u00fcck\/Karton\n\t\t\t\t\t<\/p>\n<\/td>\n<\/tr>\n<tr>\n<td>\n<p>\n\t\t\t\t\t\tPreis&nbsp;\n\t\t\t\t\t<\/p>\n<\/td>\n<td>\n<p>\n\t\t\t\t\t\tDer gute Preis wird nach Eingang Ihrer detaillierten Anfrage aktualisiert&nbsp; &nbsp; &nbsp; &nbsp; &nbsp; &nbsp; &nbsp; &nbsp; &nbsp; &nbsp; &nbsp;&nbsp;\n\t\t\t\t\t<\/p>\n<\/td>\n<\/tr>\n<\/tbody>\n<\/table>\n<\/div>\n<p><span style=\"font-size:18px;\"> Franz\u00f6sisches liniertes Papier f\u00fcr Option:<\/span> <\/p>\n<p>\n\t<span style=\"font-size:18px;\">Farbe\/St\u00e4rke\/H\u00f6he der inneren Papierlinien k\u00f6nnen nach Ihren W\u00fcnschen angepasst werden.<\/span>\n<\/p>\n<p>\n\t<img decoding=\"async\" src=\"\/js\/htmledit\/kindeditor\/attached\/20190617\/20190617143845_71492.jpg\" alt=\"\">\n<\/p>\n<p>\n\t\n<\/p>\n<p>\n\tNOTIZ:\n<\/p>\n<p>\n\tWir sind ein professioneller Hersteller von Notizb\u00fcchern und Schulheften aus Papier.\n<\/p>\n<p>\n\tHier steht Ihnen eine gro\u00dfe Auswahl an gebundenen Notizb\u00fcchern zur Verf\u00fcgung.\n<\/p>\n<p>\n\tAlle oben genannten Spezifikationen k\u00f6nnen individuell angepasst werden.\n<\/p>\n<p>\n\tWenn Sie gro\u00dfe Mengen auf einmal bestellen, k\u00f6nnen wir Ihnen wettbewerbsf\u00e4hige Preise anbieten.\n<\/p>\n<p>\n\t\n<\/p>\n<\/p><\/div>","protected":false},"excerpt":{"rendered":"<p>Personalisiertes Notizbuch mit franz\u00f6sischem liniertem Papier und Hardcover, 17 x 22 cm, f\u00fcr Schule und B\u00fcro<\/p>\n<ul class=\"ptab-list clearfix\">\n<li>\n<p>Artikelnummer:<\/p>\n<p><span>CY-HN001<\/span><\/li>\n<li>\n<p>Typ: <\/p>\n<p> <span>Hardcover-Notizbuch<\/span><\/li>\n<li>\n<p>Gr\u00f6\u00dfe: <\/p>\n<p> <span>17x22cm<\/span><\/li>\n<li>\n<p>Bindung: <\/p>\n<p> <span>Klebebindung<\/span><\/li>\n<li>\n<p>Seitenanzahl: <\/p>\n<p> <span>288<\/span><\/li>\n<li>\n<p>Innendruck: <\/p>\n<p> <span>Franz\u00f6sisch regiert<\/span><\/li>\n<li>\n<p>Coverdruck: <\/p>\n<p> <span>4-Farben-Druck<\/span><\/li>\n<\/ul>","protected":false},"featured_media":11528,"comment_status":"open","ping_status":"closed","template":"","meta":[],"product_brand":[],"product_cat":[449],"product_tag":[485,477,486],"class_list":{"0":"post-11470","1":"product","2":"type-product","3":"status-publish","4":"has-post-thumbnail","6":"product_cat-hardcover-notebook","7":"product_tag-hardcover-notebook","8":"product_tag-personalised-hardcover-notebook","9":"product_tag-seyes-ruled-hardcover-notebook","11":"first","12":"instock","13":"shipping-taxable","14":"product-type-simple"},"yoast_head":"<!-- This site is optimized with the Yoast SEO Premium plugin v23.9 (Yoast SEO v25.2) - https:\/\/yoast.com\/wordpress\/plugins\/seo\/ -->\n<title>Seyes Ruled Hardcover Notebook For Western Africa - colorflyprinting<\/title>\n<meta name=\"robots\" content=\"index, follow, max-snippet:-1, max-image-preview:large, max-video-preview:-1\" \/>\n<link rel=\"canonical\" href=\"https:\/\/www.colorflyprinting.com\/de\/produkt\/eyes-liniertes-hardcover-notizbuch-fur-westafrika\/\" \/>\n<meta property=\"og:locale\" content=\"de_DE\" \/>\n<meta property=\"og:type\" content=\"article\" \/>\n<meta property=\"og:title\" content=\"Seyes Ruled Hardcover Notebook For Western Africa\" \/>\n<meta property=\"og:description\" content=\"Personalised French ruled paper hardcover notebook 17x22cm book for school and office                                                                    Item NO.:CY-HN001                                                                                                                                                                                                  Type: Hardcover notebook                                 Size: 17x22cm                                 Binding: Perfect binding                                 Number of pages: 288                                 Inner printing: French ruled                                 Cover printing: 4 colors printing\" \/>\n<meta property=\"og:url\" content=\"https:\/\/www.colorflyprinting.com\/de\/produkt\/eyes-liniertes-hardcover-notizbuch-fur-westafrika\/\" \/>\n<meta property=\"og:site_name\" content=\"colorflyprinting\" \/>\n<meta property=\"article:modified_time\" content=\"2025-04-22T01:23:31+00:00\" \/>\n<meta name=\"twitter:card\" content=\"summary_large_image\" \/>\n<meta name=\"twitter:label1\" content=\"Gesch\u00e4tzte Lesezeit\" \/>\n\t<meta name=\"twitter:data1\" content=\"1\u00a0Minute\" \/>\n<script type=\"application\/ld+json\" class=\"yoast-schema-graph\">{\"@context\":\"https:\/\/schema.org\",\"@graph\":[{\"@type\":\"WebPage\",\"@id\":\"https:\/\/www.colorflyprinting.com\/product\/seyes-ruled-hardcover-notebook-for-western-africa\/\",\"url\":\"https:\/\/www.colorflyprinting.com\/product\/seyes-ruled-hardcover-notebook-for-western-africa\/\",\"name\":\"Seyes Ruled Hardcover Notebook For Western Africa - colorflyprinting\",\"isPartOf\":{\"@id\":\"https:\/\/www.colorflyprinting.com\/#website\"},\"primaryImageOfPage\":{\"@id\":\"https:\/\/www.colorflyprinting.com\/product\/seyes-ruled-hardcover-notebook-for-western-africa\/#primaryimage\"},\"image\":{\"@id\":\"https:\/\/www.colorflyprinting.com\/product\/seyes-ruled-hardcover-notebook-for-western-africa\/#primaryimage\"},\"thumbnailUrl\":\"https:\/\/www.colorflyprinting.com\/wp-content\/uploads\/2025\/04\/a289c0e4b129288075d8b29ff963211b_medium-1.jpg\",\"datePublished\":\"2025-04-22T01:22:57+00:00\",\"dateModified\":\"2025-04-22T01:23:31+00:00\",\"breadcrumb\":{\"@id\":\"https:\/\/www.colorflyprinting.com\/product\/seyes-ruled-hardcover-notebook-for-western-africa\/#breadcrumb\"},\"inLanguage\":\"de\",\"potentialAction\":[{\"@type\":\"ReadAction\",\"target\":[\"https:\/\/www.colorflyprinting.com\/product\/seyes-ruled-hardcover-notebook-for-western-africa\/\"]}]},{\"@type\":\"ImageObject\",\"inLanguage\":\"de\",\"@id\":\"https:\/\/www.colorflyprinting.com\/product\/seyes-ruled-hardcover-notebook-for-western-africa\/#primaryimage\",\"url\":\"https:\/\/www.colorflyprinting.com\/wp-content\/uploads\/2025\/04\/a289c0e4b129288075d8b29ff963211b_medium-1.jpg\",\"contentUrl\":\"https:\/\/www.colorflyprinting.com\/wp-content\/uploads\/2025\/04\/a289c0e4b129288075d8b29ff963211b_medium-1.jpg\",\"width\":550,\"height\":550},{\"@type\":\"BreadcrumbList\",\"@id\":\"https:\/\/www.colorflyprinting.com\/product\/seyes-ruled-hardcover-notebook-for-western-africa\/#breadcrumb\",\"itemListElement\":[{\"@type\":\"ListItem\",\"position\":1,\"name\":\"Home\",\"item\":\"https:\/\/www.colorflyprinting.com\/\"},{\"@type\":\"ListItem\",\"position\":2,\"name\":\"Product\",\"item\":\"https:\/\/www.colorflyprinting.com\/shop\/\"},{\"@type\":\"ListItem\",\"position\":3,\"name\":\"Seyes Ruled Hardcover Notebook For Western Africa\"}]},{\"@type\":\"WebSite\",\"@id\":\"https:\/\/www.colorflyprinting.com\/#website\",\"url\":\"https:\/\/www.colorflyprinting.com\/\",\"name\":\"Hefei Colorfly Stationery Co.,Ltd.\",\"description\":\"\",\"publisher\":{\"@id\":\"https:\/\/www.colorflyprinting.com\/#organization\"},\"potentialAction\":[{\"@type\":\"SearchAction\",\"target\":{\"@type\":\"EntryPoint\",\"urlTemplate\":\"https:\/\/www.colorflyprinting.com\/?s={search_term_string}\"},\"query-input\":{\"@type\":\"PropertyValueSpecification\",\"valueRequired\":true,\"valueName\":\"search_term_string\"}}],\"inLanguage\":\"de\"},{\"@type\":\"Organization\",\"@id\":\"https:\/\/www.colorflyprinting.com\/#organization\",\"name\":\"Hefei Colorfly Stationery Co.,Ltd.\",\"url\":\"https:\/\/www.colorflyprinting.com\/\",\"logo\":{\"@type\":\"ImageObject\",\"inLanguage\":\"de\",\"@id\":\"https:\/\/www.colorflyprinting.com\/#\/schema\/logo\/image\/\",\"url\":\"https:\/\/www.colorflyprinting.com\/wp-content\/uploads\/2025\/04\/d167665f943610681229e2f4307b9df.jpg\",\"contentUrl\":\"https:\/\/www.colorflyprinting.com\/wp-content\/uploads\/2025\/04\/d167665f943610681229e2f4307b9df.jpg\",\"width\":780,\"height\":780,\"caption\":\"Hefei Colorfly Stationery Co.,Ltd.\"},\"image\":{\"@id\":\"https:\/\/www.colorflyprinting.com\/#\/schema\/logo\/image\/\"}}]}<\/script>\n<!-- \/ Yoast SEO Premium plugin. -->","yoast_head_json":{"title":"Seyes Ruled Hardcover Notebook For Western Africa - colorflyprinting","robots":{"index":"index","follow":"follow","max-snippet":"max-snippet:-1","max-image-preview":"max-image-preview:large","max-video-preview":"max-video-preview:-1"},"canonical":"https:\/\/www.colorflyprinting.com\/de\/produkt\/eyes-liniertes-hardcover-notizbuch-fur-westafrika\/","og_locale":"de_DE","og_type":"article","og_title":"Seyes Ruled Hardcover Notebook For Western Africa","og_description":"Personalised French ruled paper hardcover notebook 17x22cm book for school and office                                                                    Item NO.:CY-HN001                                                                                                                                                                                                  Type: Hardcover notebook                                 Size: 17x22cm                                 Binding: Perfect binding                                 Number of pages: 288                                 Inner printing: French ruled                                 Cover printing: 4 colors printing","og_url":"https:\/\/www.colorflyprinting.com\/de\/produkt\/eyes-liniertes-hardcover-notizbuch-fur-westafrika\/","og_site_name":"colorflyprinting","article_modified_time":"2025-04-22T01:23:31+00:00","twitter_card":"summary_large_image","twitter_misc":{"Gesch\u00e4tzte Lesezeit":"1\u00a0Minute"},"schema":{"@context":"https:\/\/schema.org","@graph":[{"@type":"WebPage","@id":"https:\/\/www.colorflyprinting.com\/product\/seyes-ruled-hardcover-notebook-for-western-africa\/","url":"https:\/\/www.colorflyprinting.com\/product\/seyes-ruled-hardcover-notebook-for-western-africa\/","name":"Seyes Ruled Hardcover Notebook For Western Africa - colorflyprinting","isPartOf":{"@id":"https:\/\/www.colorflyprinting.com\/#website"},"primaryImageOfPage":{"@id":"https:\/\/www.colorflyprinting.com\/product\/seyes-ruled-hardcover-notebook-for-western-africa\/#primaryimage"},"image":{"@id":"https:\/\/www.colorflyprinting.com\/product\/seyes-ruled-hardcover-notebook-for-western-africa\/#primaryimage"},"thumbnailUrl":"https:\/\/www.colorflyprinting.com\/wp-content\/uploads\/2025\/04\/a289c0e4b129288075d8b29ff963211b_medium-1.jpg","datePublished":"2025-04-22T01:22:57+00:00","dateModified":"2025-04-22T01:23:31+00:00","breadcrumb":{"@id":"https:\/\/www.colorflyprinting.com\/product\/seyes-ruled-hardcover-notebook-for-western-africa\/#breadcrumb"},"inLanguage":"de","potentialAction":[{"@type":"ReadAction","target":["https:\/\/www.colorflyprinting.com\/product\/seyes-ruled-hardcover-notebook-for-western-africa\/"]}]},{"@type":"ImageObject","inLanguage":"de","@id":"https:\/\/www.colorflyprinting.com\/product\/seyes-ruled-hardcover-notebook-for-western-africa\/#primaryimage","url":"https:\/\/www.colorflyprinting.com\/wp-content\/uploads\/2025\/04\/a289c0e4b129288075d8b29ff963211b_medium-1.jpg","contentUrl":"https:\/\/www.colorflyprinting.com\/wp-content\/uploads\/2025\/04\/a289c0e4b129288075d8b29ff963211b_medium-1.jpg","width":550,"height":550},{"@type":"BreadcrumbList","@id":"https:\/\/www.colorflyprinting.com\/product\/seyes-ruled-hardcover-notebook-for-western-africa\/#breadcrumb","itemListElement":[{"@type":"ListItem","position":1,"name":"Home","item":"https:\/\/www.colorflyprinting.com\/"},{"@type":"ListItem","position":2,"name":"Product","item":"https:\/\/www.colorflyprinting.com\/shop\/"},{"@type":"ListItem","position":3,"name":"Seyes Ruled Hardcover Notebook For Western Africa"}]},{"@type":"WebSite","@id":"https:\/\/www.colorflyprinting.com\/#website","url":"https:\/\/www.colorflyprinting.com\/","name":"Hefei Colorfly Stationery Co.,Ltd.","description":"","publisher":{"@id":"https:\/\/www.colorflyprinting.com\/#organization"},"potentialAction":[{"@type":"SearchAction","target":{"@type":"EntryPoint","urlTemplate":"https:\/\/www.colorflyprinting.com\/?s={search_term_string}"},"query-input":{"@type":"PropertyValueSpecification","valueRequired":true,"valueName":"search_term_string"}}],"inLanguage":"de"},{"@type":"Organization","@id":"https:\/\/www.colorflyprinting.com\/#organization","name":"Hefei Colorfly Stationery Co.,Ltd.","url":"https:\/\/www.colorflyprinting.com\/","logo":{"@type":"ImageObject","inLanguage":"de","@id":"https:\/\/www.colorflyprinting.com\/#\/schema\/logo\/image\/","url":"https:\/\/www.colorflyprinting.com\/wp-content\/uploads\/2025\/04\/d167665f943610681229e2f4307b9df.jpg","contentUrl":"https:\/\/www.colorflyprinting.com\/wp-content\/uploads\/2025\/04\/d167665f943610681229e2f4307b9df.jpg","width":780,"height":780,"caption":"Hefei Colorfly Stationery Co.,Ltd."},"image":{"@id":"https:\/\/www.colorflyprinting.com\/#\/schema\/logo\/image\/"}}]}},"_links":{"self":[{"href":"https:\/\/www.colorflyprinting.com\/de\/wp-json\/wp\/v2\/product\/11470","targetHints":{"allow":["GET"]}}],"collection":[{"href":"https:\/\/www.colorflyprinting.com\/de\/wp-json\/wp\/v2\/product"}],"about":[{"href":"https:\/\/www.colorflyprinting.com\/de\/wp-json\/wp\/v2\/types\/product"}],"replies":[{"embeddable":true,"href":"https:\/\/www.colorflyprinting.com\/de\/wp-json\/wp\/v2\/comments?post=11470"}],"wp:featuredmedia":[{"embeddable":true,"href":"https:\/\/www.colorflyprinting.com\/de\/wp-json\/wp\/v2\/media\/11528"}],"wp:attachment":[{"href":"https:\/\/www.colorflyprinting.com\/de\/wp-json\/wp\/v2\/media?parent=11470"}],"wp:term":[{"taxonomy":"product_brand","embeddable":true,"href":"https:\/\/www.colorflyprinting.com\/de\/wp-json\/wp\/v2\/product_brand?post=11470"},{"taxonomy":"product_cat","embeddable":true,"href":"https:\/\/www.colorflyprinting.com\/de\/wp-json\/wp\/v2\/product_cat?post=11470"},{"taxonomy":"product_tag","embeddable":true,"href":"https:\/\/www.colorflyprinting.com\/de\/wp-json\/wp\/v2\/product_tag?post=11470"}],"curies":[{"name":"wp","href":"https:\/\/api.w.org\/{rel}","templated":true}]}}