{"id":11469,"date":"2025-04-22T01:22:57","date_gmt":"2025-04-22T01:22:57","guid":{"rendered":"https:\/\/www.colorflyprinting.com\/?post_type=product&#038;p=11469"},"modified":"2025-05-09T14:01:59","modified_gmt":"2025-05-09T14:01:59","slug":"144-sheets-hard-cover-notebook-for-university","status":"publish","type":"product","link":"https:\/\/www.colorflyprinting.com\/de\/produkt\/144-blatt-hardcover-notizbuch-fur-die-universitat\/","title":{"rendered":"144 Blatt Hardcover-Notizbuch f\u00fcr die Universit\u00e4t"},"content":{"rendered":"<div class=\"text\">\n<p>\n\t\n\t<\/p>\n<div class=\"table-responsive\">\n<table border=\"1\">\n<tbody>\n<tr>\n<td>\n<p>\n\t\t\t\t\t\tProduktname\n\t\t\t\t\t<\/p>\n<\/td>\n<td>\n<p>\n\t\t\t\t\t\t144 Blatt Hardcover-Notizbuch f\u00fcr die Universit\u00e4t\n\t\t\t\t\t<\/p>\n<\/td>\n<\/tr>\n<tr>\n<td>\n<p>\n\t\t\t\t\t\tBlatt (Seite)\n\t\t\t\t\t<\/p>\n<\/td>\n<td>\n<p>\n\t\t\t\t\t\t144 Bl\u00e4tter = 288 Seiten (1 Blatt = 2 Seiten)\n\t\t\t\t\t<\/p>\n<\/td>\n<\/tr>\n<tr>\n<td>\n<p>\n\t\t\t\t\t\tGr\u00f6\u00dfe\n\t\t\t\t\t<\/p>\n<\/td>\n<td>\n<p>\n\t\t\t\t\t\t17x22cm\n\t\t\t\t\t<\/p>\n<\/td>\n<\/tr>\n<tr>\n<td>\n<p>\n\t\t\t\t\t\tAbdeckung\n\t\t\t\t\t<\/p>\n<\/td>\n<td>\n<p>\n\t\t\t\t\t\tKarton + Laminierung; individuelles Design m\u00f6glich\n\t\t\t\t\t<\/p>\n<\/td>\n<\/tr>\n<tr>\n<td>\n<p>\n\t\t\t\t\t\tBindung\n\t\t\t\t\t<\/p>\n<\/td>\n<td>\n<p>\n\t\t\t\t\t\tKlebebindung\n\t\t\t\t\t<\/p>\n<\/td>\n<\/tr>\n<tr>\n<td>\n<p>\n\t\t\t\t\t\tInnendruck\n\t\t\t\t\t<\/p>\n<\/td>\n<td>\n<p>\n\t\t\t\t\t\tFranz\u00f6sisch regierte\n\t\t\t\t\t<\/p>\n<\/td>\n<\/tr>\n<tr>\n<td>\n<p>\n\t\t\t\t\t\tInnenpapier GSM&nbsp; &nbsp; &nbsp; &nbsp; &nbsp; &nbsp; &nbsp; &nbsp; &nbsp;\n\t\t\t\t\t<\/p>\n<\/td>\n<td>\n<p>\n\t\t\t\t\t\t56 g\/m\u00b2\n\t\t\t\t\t<\/p>\n<\/td>\n<\/tr>\n<tr>\n<td>\n<p>\n\t\t\t\t\t\tVerwendung\n\t\t\t\t\t<\/p>\n<\/td>\n<td>\n<p>\n\t\t\t\t\t\tSchule \/ B\u00fcro \/ etc.\n\t\t\t\t\t<\/p>\n<\/td>\n<\/tr>\n<tr>\n<td>\n<p>\n\t\t\t\t\t\tVerpackung\n\t\t\t\t\t<\/p>\n<\/td>\n<td>\n<p>\n\t\t\t\t\t\t3 St\u00fcck\/Schrumpfpackung, 60 St\u00fcck\/Karton\n\t\t\t\t\t<\/p>\n<\/td>\n<\/tr>\n<tr>\n<td>\n<p>\n\t\t\t\t\t\tPreis&nbsp;\n\t\t\t\t\t<\/p>\n<\/td>\n<td>\n<p>\n\t\t\t\t\t\tDer gute Preis wird nach Eingang Ihrer detaillierten Anfrage aktualisiert&nbsp; &nbsp; &nbsp; &nbsp; &nbsp; &nbsp; &nbsp; &nbsp; &nbsp; &nbsp; &nbsp;\n\t\t\t\t\t<\/p>\n<\/td>\n<\/tr>\n<\/tbody>\n<\/table>\n<\/div>\n<p>\n\t\n<\/p>\n<p>\n\t\n<\/p>\n<p>\n\t<strong><span style=\"font-size:18px;\">Sammlung franz\u00f6sischer Strichdrucktypen<\/span><\/strong>\n<\/p>\n<p>\n\tLinienfarbe:&nbsp;\n<\/p>\n<p>\n\ta. blau und rot\n<\/p>\n<p>\n\tb. Hellviolett und Rot\n<\/p>\n<p>\n\tc. hellblau\n<\/p>\n<p>\n\td. grau und rot\n<\/p>\n<p>\n\tAuf Anfrage auch andere Farben erh\u00e4ltlich\n<\/p>\n<p>\n\tLinienst\u00e4rke: individuell auf Anfrage\n<\/p>\n<p>\n\t\n<\/p>\n<p>\n\t<span style=\"color:#8ac4b6;\"><strong>Typ a und b sind beliebt&nbsp;<\/strong><\/span>\n<\/p>\n<p>\n\t\n<\/p>\n<p>\n\t<img decoding=\"async\" src=\"\/js\/htmledit\/kindeditor\/attached\/20190618\/20190618094853_89136.jpg\" alt=\"\">\n<\/p>\n<p>\n\t\n<\/p>\n<p>\n\t<strong>Covergestaltung<\/strong><strong> :&nbsp;<\/strong>\n<\/p>\n<p>\n\t<strong>8 Cover-Designs sind ohne Modellgeb\u00fchr pro 20&#039;ft-Containerbestellung erh\u00e4ltlich<\/strong>\n<\/p>\n<p>\n\t<strong>Wenn Sie kein Design haben, k\u00f6nnen wir Ihnen ein Design zur Verf\u00fcgung stellen, sobald die Auftragsbest\u00e4tigung vorliegt&nbsp;<\/strong>\n<\/p>\n<p>\n\t<strong><br \/>\n<\/strong>\n<\/p>\n<\/p><\/div>","protected":false},"excerpt":{"rendered":"<p>Dickes Papier Universit\u00e4tsbuch Hardcover Universit\u00e4tsbuch 288 Seiten<\/p>\n<ul class=\"ptab-list clearfix\">\n<li>\n<p>Artikelnummer:<\/p>\n<p><span>CY-HN002<\/span><\/li>\n<li>\n<p>Typ: <\/p>\n<p> <span>Hardcover-Notizbuch<\/span><\/li>\n<li>\n<p>Gr\u00f6\u00dfe: <\/p>\n<p> <span>17x22cm<\/span><\/li>\n<li>\n<p>Bindung: <\/p>\n<p> <span>Klebebindung<\/span><\/li>\n<li>\n<p>Seitenanzahl: <\/p>\n<p> <span>288<\/span><\/li>\n<li>\n<p>Innendruck: <\/p>\n<p> <span>Franz\u00f6sische Linie<\/span><\/li>\n<li>\n<p>Coverdruck: <\/p>\n<p> <span>4-Farben-Druck<\/span><\/li>\n<\/ul>","protected":false},"featured_media":11527,"comment_status":"open","ping_status":"closed","template":"","meta":[],"product_brand":[],"product_cat":[449],"product_tag":[484,485,483],"class_list":{"0":"post-11469","1":"product","2":"type-product","3":"status-publish","4":"has-post-thumbnail","6":"product_cat-hardcover-notebook","7":"product_tag-144-sheets-hardcover-notebook","8":"product_tag-hardcover-notebook","9":"product_tag-university-book","11":"first","12":"instock","13":"shipping-taxable","14":"product-type-simple"},"yoast_head":"<!-- This site is optimized with the Yoast SEO Premium plugin v23.9 (Yoast SEO v25.2) - https:\/\/yoast.com\/wordpress\/plugins\/seo\/ -->\n<title>144 Sheets Hard Cover Notebook For University - colorflyprinting<\/title>\n<meta name=\"robots\" content=\"index, follow, max-snippet:-1, max-image-preview:large, max-video-preview:-1\" \/>\n<link rel=\"canonical\" href=\"https:\/\/www.colorflyprinting.com\/de\/produkt\/144-blatt-hardcover-notizbuch-fur-die-universitat\/\" \/>\n<meta property=\"og:locale\" content=\"de_DE\" \/>\n<meta property=\"og:type\" content=\"article\" \/>\n<meta property=\"og:title\" content=\"144 Sheets Hard Cover Notebook For University\" \/>\n<meta property=\"og:description\" content=\"Thick paper university book hard cover university book 288 pages                                                                    Item NO.:CY-HN002                                                                                                                                                                                                  Type: Hardcover notebook                                 Size: 17x22cm                                 Binding: Perfect binding                                 Number of pages: 288                                 Inner printing: French line                                 Cover printing: 4 colors printing\" \/>\n<meta property=\"og:url\" content=\"https:\/\/www.colorflyprinting.com\/de\/produkt\/144-blatt-hardcover-notizbuch-fur-die-universitat\/\" \/>\n<meta property=\"og:site_name\" content=\"colorflyprinting\" \/>\n<meta property=\"article:modified_time\" content=\"2025-05-09T14:01:59+00:00\" \/>\n<meta name=\"twitter:card\" content=\"summary_large_image\" \/>\n<meta name=\"twitter:label1\" content=\"Gesch\u00e4tzte Lesezeit\" \/>\n\t<meta name=\"twitter:data1\" content=\"1\u00a0Minute\" \/>\n<script type=\"application\/ld+json\" class=\"yoast-schema-graph\">{\"@context\":\"https:\/\/schema.org\",\"@graph\":[{\"@type\":\"WebPage\",\"@id\":\"https:\/\/www.colorflyprinting.com\/product\/144-sheets-hard-cover-notebook-for-university\/\",\"url\":\"https:\/\/www.colorflyprinting.com\/product\/144-sheets-hard-cover-notebook-for-university\/\",\"name\":\"144 Sheets Hard Cover Notebook For University - colorflyprinting\",\"isPartOf\":{\"@id\":\"https:\/\/www.colorflyprinting.com\/#website\"},\"primaryImageOfPage\":{\"@id\":\"https:\/\/www.colorflyprinting.com\/product\/144-sheets-hard-cover-notebook-for-university\/#primaryimage\"},\"image\":{\"@id\":\"https:\/\/www.colorflyprinting.com\/product\/144-sheets-hard-cover-notebook-for-university\/#primaryimage\"},\"thumbnailUrl\":\"https:\/\/www.colorflyprinting.com\/wp-content\/uploads\/2025\/04\/8c71b9ddf4b0999c26945124c9b16236_medium-1.jpg\",\"datePublished\":\"2025-04-22T01:22:57+00:00\",\"dateModified\":\"2025-05-09T14:01:59+00:00\",\"breadcrumb\":{\"@id\":\"https:\/\/www.colorflyprinting.com\/product\/144-sheets-hard-cover-notebook-for-university\/#breadcrumb\"},\"inLanguage\":\"de\",\"potentialAction\":[{\"@type\":\"ReadAction\",\"target\":[\"https:\/\/www.colorflyprinting.com\/product\/144-sheets-hard-cover-notebook-for-university\/\"]}]},{\"@type\":\"ImageObject\",\"inLanguage\":\"de\",\"@id\":\"https:\/\/www.colorflyprinting.com\/product\/144-sheets-hard-cover-notebook-for-university\/#primaryimage\",\"url\":\"https:\/\/www.colorflyprinting.com\/wp-content\/uploads\/2025\/04\/8c71b9ddf4b0999c26945124c9b16236_medium-1.jpg\",\"contentUrl\":\"https:\/\/www.colorflyprinting.com\/wp-content\/uploads\/2025\/04\/8c71b9ddf4b0999c26945124c9b16236_medium-1.jpg\",\"width\":550,\"height\":550},{\"@type\":\"BreadcrumbList\",\"@id\":\"https:\/\/www.colorflyprinting.com\/product\/144-sheets-hard-cover-notebook-for-university\/#breadcrumb\",\"itemListElement\":[{\"@type\":\"ListItem\",\"position\":1,\"name\":\"Home\",\"item\":\"https:\/\/www.colorflyprinting.com\/\"},{\"@type\":\"ListItem\",\"position\":2,\"name\":\"Product\",\"item\":\"https:\/\/www.colorflyprinting.com\/shop\/\"},{\"@type\":\"ListItem\",\"position\":3,\"name\":\"144 Sheets Hard Cover Notebook For University\"}]},{\"@type\":\"WebSite\",\"@id\":\"https:\/\/www.colorflyprinting.com\/#website\",\"url\":\"https:\/\/www.colorflyprinting.com\/\",\"name\":\"Hefei Colorfly Stationery Co.,Ltd.\",\"description\":\"\",\"publisher\":{\"@id\":\"https:\/\/www.colorflyprinting.com\/#organization\"},\"potentialAction\":[{\"@type\":\"SearchAction\",\"target\":{\"@type\":\"EntryPoint\",\"urlTemplate\":\"https:\/\/www.colorflyprinting.com\/?s={search_term_string}\"},\"query-input\":{\"@type\":\"PropertyValueSpecification\",\"valueRequired\":true,\"valueName\":\"search_term_string\"}}],\"inLanguage\":\"de\"},{\"@type\":\"Organization\",\"@id\":\"https:\/\/www.colorflyprinting.com\/#organization\",\"name\":\"Hefei Colorfly Stationery Co.,Ltd.\",\"url\":\"https:\/\/www.colorflyprinting.com\/\",\"logo\":{\"@type\":\"ImageObject\",\"inLanguage\":\"de\",\"@id\":\"https:\/\/www.colorflyprinting.com\/#\/schema\/logo\/image\/\",\"url\":\"https:\/\/www.colorflyprinting.com\/wp-content\/uploads\/2025\/04\/d167665f943610681229e2f4307b9df.jpg\",\"contentUrl\":\"https:\/\/www.colorflyprinting.com\/wp-content\/uploads\/2025\/04\/d167665f943610681229e2f4307b9df.jpg\",\"width\":780,\"height\":780,\"caption\":\"Hefei Colorfly Stationery Co.,Ltd.\"},\"image\":{\"@id\":\"https:\/\/www.colorflyprinting.com\/#\/schema\/logo\/image\/\"}}]}<\/script>\n<!-- \/ Yoast SEO Premium plugin. -->","yoast_head_json":{"title":"144 Sheets Hard Cover Notebook For University - colorflyprinting","robots":{"index":"index","follow":"follow","max-snippet":"max-snippet:-1","max-image-preview":"max-image-preview:large","max-video-preview":"max-video-preview:-1"},"canonical":"https:\/\/www.colorflyprinting.com\/de\/produkt\/144-blatt-hardcover-notizbuch-fur-die-universitat\/","og_locale":"de_DE","og_type":"article","og_title":"144 Sheets Hard Cover Notebook For University","og_description":"Thick paper university book hard cover university book 288 pages                                                                    Item NO.:CY-HN002                                                                                                                                                                                                  Type: Hardcover notebook                                 Size: 17x22cm                                 Binding: Perfect binding                                 Number of pages: 288                                 Inner printing: French line                                 Cover printing: 4 colors printing","og_url":"https:\/\/www.colorflyprinting.com\/de\/produkt\/144-blatt-hardcover-notizbuch-fur-die-universitat\/","og_site_name":"colorflyprinting","article_modified_time":"2025-05-09T14:01:59+00:00","twitter_card":"summary_large_image","twitter_misc":{"Gesch\u00e4tzte Lesezeit":"1\u00a0Minute"},"schema":{"@context":"https:\/\/schema.org","@graph":[{"@type":"WebPage","@id":"https:\/\/www.colorflyprinting.com\/product\/144-sheets-hard-cover-notebook-for-university\/","url":"https:\/\/www.colorflyprinting.com\/product\/144-sheets-hard-cover-notebook-for-university\/","name":"144 Sheets Hard Cover Notebook For University - colorflyprinting","isPartOf":{"@id":"https:\/\/www.colorflyprinting.com\/#website"},"primaryImageOfPage":{"@id":"https:\/\/www.colorflyprinting.com\/product\/144-sheets-hard-cover-notebook-for-university\/#primaryimage"},"image":{"@id":"https:\/\/www.colorflyprinting.com\/product\/144-sheets-hard-cover-notebook-for-university\/#primaryimage"},"thumbnailUrl":"https:\/\/www.colorflyprinting.com\/wp-content\/uploads\/2025\/04\/8c71b9ddf4b0999c26945124c9b16236_medium-1.jpg","datePublished":"2025-04-22T01:22:57+00:00","dateModified":"2025-05-09T14:01:59+00:00","breadcrumb":{"@id":"https:\/\/www.colorflyprinting.com\/product\/144-sheets-hard-cover-notebook-for-university\/#breadcrumb"},"inLanguage":"de","potentialAction":[{"@type":"ReadAction","target":["https:\/\/www.colorflyprinting.com\/product\/144-sheets-hard-cover-notebook-for-university\/"]}]},{"@type":"ImageObject","inLanguage":"de","@id":"https:\/\/www.colorflyprinting.com\/product\/144-sheets-hard-cover-notebook-for-university\/#primaryimage","url":"https:\/\/www.colorflyprinting.com\/wp-content\/uploads\/2025\/04\/8c71b9ddf4b0999c26945124c9b16236_medium-1.jpg","contentUrl":"https:\/\/www.colorflyprinting.com\/wp-content\/uploads\/2025\/04\/8c71b9ddf4b0999c26945124c9b16236_medium-1.jpg","width":550,"height":550},{"@type":"BreadcrumbList","@id":"https:\/\/www.colorflyprinting.com\/product\/144-sheets-hard-cover-notebook-for-university\/#breadcrumb","itemListElement":[{"@type":"ListItem","position":1,"name":"Home","item":"https:\/\/www.colorflyprinting.com\/"},{"@type":"ListItem","position":2,"name":"Product","item":"https:\/\/www.colorflyprinting.com\/shop\/"},{"@type":"ListItem","position":3,"name":"144 Sheets Hard Cover Notebook For University"}]},{"@type":"WebSite","@id":"https:\/\/www.colorflyprinting.com\/#website","url":"https:\/\/www.colorflyprinting.com\/","name":"Hefei Colorfly Stationery Co.,Ltd.","description":"","publisher":{"@id":"https:\/\/www.colorflyprinting.com\/#organization"},"potentialAction":[{"@type":"SearchAction","target":{"@type":"EntryPoint","urlTemplate":"https:\/\/www.colorflyprinting.com\/?s={search_term_string}"},"query-input":{"@type":"PropertyValueSpecification","valueRequired":true,"valueName":"search_term_string"}}],"inLanguage":"de"},{"@type":"Organization","@id":"https:\/\/www.colorflyprinting.com\/#organization","name":"Hefei Colorfly Stationery Co.,Ltd.","url":"https:\/\/www.colorflyprinting.com\/","logo":{"@type":"ImageObject","inLanguage":"de","@id":"https:\/\/www.colorflyprinting.com\/#\/schema\/logo\/image\/","url":"https:\/\/www.colorflyprinting.com\/wp-content\/uploads\/2025\/04\/d167665f943610681229e2f4307b9df.jpg","contentUrl":"https:\/\/www.colorflyprinting.com\/wp-content\/uploads\/2025\/04\/d167665f943610681229e2f4307b9df.jpg","width":780,"height":780,"caption":"Hefei Colorfly Stationery Co.,Ltd."},"image":{"@id":"https:\/\/www.colorflyprinting.com\/#\/schema\/logo\/image\/"}}]}},"_links":{"self":[{"href":"https:\/\/www.colorflyprinting.com\/de\/wp-json\/wp\/v2\/product\/11469","targetHints":{"allow":["GET"]}}],"collection":[{"href":"https:\/\/www.colorflyprinting.com\/de\/wp-json\/wp\/v2\/product"}],"about":[{"href":"https:\/\/www.colorflyprinting.com\/de\/wp-json\/wp\/v2\/types\/product"}],"replies":[{"embeddable":true,"href":"https:\/\/www.colorflyprinting.com\/de\/wp-json\/wp\/v2\/comments?post=11469"}],"wp:featuredmedia":[{"embeddable":true,"href":"https:\/\/www.colorflyprinting.com\/de\/wp-json\/wp\/v2\/media\/11527"}],"wp:attachment":[{"href":"https:\/\/www.colorflyprinting.com\/de\/wp-json\/wp\/v2\/media?parent=11469"}],"wp:term":[{"taxonomy":"product_brand","embeddable":true,"href":"https:\/\/www.colorflyprinting.com\/de\/wp-json\/wp\/v2\/product_brand?post=11469"},{"taxonomy":"product_cat","embeddable":true,"href":"https:\/\/www.colorflyprinting.com\/de\/wp-json\/wp\/v2\/product_cat?post=11469"},{"taxonomy":"product_tag","embeddable":true,"href":"https:\/\/www.colorflyprinting.com\/de\/wp-json\/wp\/v2\/product_tag?post=11469"}],"curies":[{"name":"wp","href":"https:\/\/api.w.org\/{rel}","templated":true}]}}