{"id":11463,"date":"2025-04-22T01:22:56","date_gmt":"2025-04-22T01:22:56","guid":{"rendered":"https:\/\/www.colorflyprinting.com\/?post_type=product&#038;p=11463"},"modified":"2025-04-22T01:23:24","modified_gmt":"2025-04-22T01:23:24","slug":"custom-hardcover-notebook-with-your-product-logo","status":"publish","type":"product","link":"https:\/\/www.colorflyprinting.com\/de\/produkt\/individuelles-hardcover-notizbuch-mit-ihrem-produktlogo\/","title":{"rendered":"Individuelles Hardcover-Notizbuch mit Ihrem Produktlogo"},"content":{"rendered":"<div class=\"text\">\n<div class=\"table-responsive\">\n<table border=\"1\">\n<tbody>\n<tr>\n<td>\n<p>\n\t\t\t\t\tProduktname\n\t\t\t\t<\/p>\n<\/td>\n<td>\n<p>\n\t\t\t\t\tFrench Line Hardcover-Notizbuch&nbsp;\n\t\t\t\t<\/p>\n<\/td>\n<\/tr>\n<tr>\n<td>\n<p>\n\t\t\t\t\tBlatt (Seite)\n\t\t\t\t<\/p>\n<\/td>\n<td>\n<p>\n\t\t\t\t\t144 Bl\u00e4tter = 288 Seiten (1 Blatt = 2 Seiten)\n\t\t\t\t<\/p>\n<\/td>\n<\/tr>\n<tr>\n<td>\n<p>\n\t\t\t\t\tGr\u00f6\u00dfe\n\t\t\t\t<\/p>\n<\/td>\n<td>\n<p>\n\t\t\t\t\t17x22cm\n\t\t\t\t<\/p>\n<\/td>\n<\/tr>\n<tr>\n<td>\n<p>\n\t\t\t\t\tAbdeckung\n\t\t\t\t<\/p>\n<\/td>\n<td>\n<p>\n\t\t\t\t\tDoppelkarton + laminiert; individuelles Design erh\u00e4ltlich\n\t\t\t\t<\/p>\n<\/td>\n<\/tr>\n<tr>\n<td>\n<p>\n\t\t\t\t\tBindung\n\t\t\t\t<\/p>\n<\/td>\n<td>\n<p>\n\t\t\t\t\tKlebebindung (Sektionsheftung + Klebebindung)\n\t\t\t\t<\/p>\n<\/td>\n<\/tr>\n<tr>\n<td>\n<p>\n\t\t\t\t\tInnendruck\n\t\t\t\t<\/p>\n<\/td>\n<td>\n<p>\n\t\t\t\t\tSeyes frech regierte\n\t\t\t\t<\/p>\n<\/td>\n<\/tr>\n<tr>\n<td>\n<p>\n\t\t\t\t\tInnenpapier GSM&nbsp; &nbsp; &nbsp; &nbsp; &nbsp; &nbsp; &nbsp; &nbsp; &nbsp;\n\t\t\t\t<\/p>\n<\/td>\n<td>\n<p>\n\t\t\t\t\t56 g\/m\u00b2\n\t\t\t\t<\/p>\n<\/td>\n<\/tr>\n<tr>\n<td>\n<p>\n\t\t\t\t\tVerwendung\n\t\t\t\t<\/p>\n<\/td>\n<td>\n<p>\n\t\t\t\t\tSchule \/ B\u00fcro \/ etc.\n\t\t\t\t<\/p>\n<\/td>\n<\/tr>\n<tr>\n<td>\n<p>\n\t\t\t\t\tVerpackung\n\t\t\t\t<\/p>\n<\/td>\n<td>\n<p>\n\t\t\t\t\t3 St\u00fcck\/Schrumpfpackung, 60 St\u00fcck\/Karton\n\t\t\t\t<\/p>\n<\/td>\n<\/tr>\n<tr>\n<td>\n<p>\n\t\t\t\t\tPreis&nbsp;\n\t\t\t\t<\/p>\n<\/td>\n<td>\n<p>\n\t\t\t\t\tDer gute Preis wird nach Eingang Ihrer detaillierten Anfrage aktualisiert&nbsp; &nbsp; &nbsp; &nbsp; &nbsp; &nbsp; &nbsp; &nbsp; &nbsp; &nbsp; &nbsp;\n\t\t\t\t<\/p>\n<\/td>\n<\/tr>\n<\/tbody>\n<\/table>\n<\/div>\n<p>\n\t\n<\/p>\n<p>\n\t<img decoding=\"async\" src=\"\/js\/htmledit\/kindeditor\/attached\/20190618\/20190618120008_92820.jpg\" alt=\"\">\n<\/p>\n<p>\n\t\n<\/p>\n<p>\n\tDieses Hardcover-Notizbuch ist perfekt f\u00fcr<br \/>\nSchulheft\n<\/p>\n<p>\n\tSchulbedarf\n<\/p>\n<p>\n\tGeschenk f\u00fcr Kinder\n<\/p>\n<p>\n\tZur\u00fcck zu den Schulmaterialien<br \/>\nNotizen machen f\u00fcr Grundsch\u00fcler und Gymnasiasten<br \/>\nHauptschulaufgaben<br \/>\nF\u00fcr Profis: Ordnung am Arbeitsplatz&nbsp;\n<\/p>\n<p>\n\tSchulheft f\u00fcr Kinder\n<\/p>\n<p>\n\t\n<\/p>\n<p>\n\t<span style=\"background-color:#8AC4B6;color:#FFFFFF;\">1. F: K\u00f6nnen Sie kostenlose Muster zur Verf\u00fcgung stellen<\/span><br \/>\nA: Lagermuster werden unfrei geliefert. F\u00fcr kundenspezifische Muster wird ebenfalls unfrei berechnet.<br \/>\n<span style=\"background-color:#8AC4B6;color:#FFFFFF;\">2. F: Was ist Ihr MOQ<\/span><br \/>\nA: F\u00fcr Lagerware wird 1 St\u00fcck akzeptiert. F\u00fcr Sonderanfertigungen normalerweise 5000 St\u00fcck.<br \/>\n<span style=\"background-color:#8AC4B6;color:#FFFFFF;\">3. F: Wie lange ist Ihre Lieferzeit?<\/span><br \/>\nA: Im Allgemeinen 5\u20137 Tage nach Zahlungseingang f\u00fcr Lagerware. 25\u201330 Tage nach Zahlungseingang f\u00fcr Sonderanfertigungen.<br \/>\n<span style=\"background-color:#8AC4B6;color:#FFFFFF;\">4. F: Wie ist die Zahlungsfrist?<\/span><br \/>\nA: 30% T\/T Anzahlung und Restbetrag vor dem Versand<br \/>\n<span style=\"background-color:#8AC4B6;color:#FFFFFF;\">5. F: Wie starte ich die Bestellung?<\/span><br \/>\nA: Teilen Sie uns zun\u00e4chst Ihre Anforderungen oder Ihre Anwendung mit. Und wir zitieren nach&nbsp;<br \/>\nIhre Anforderungen oder unsere Vorschl\u00e4ge. Dann best\u00e4tigen Sie die Probe und legen Anzahlung&nbsp;<br \/>\nzur Bestellung. Anschlie\u00dfend veranlassen wir die Produktion des vereinbarten Produkts.<br \/>\n<span style=\"background-color:#8AC4B6;color:#FFFFFF;\">6. F: Welchen Hafen werden Sie die Waren versenden <\/span><br \/>\nA. Hefei, Nanjing, Wuhu oder Shanghai usw.\n<\/p>\n<p>\n\t\n<\/p>\n<p>\n\t\n<\/p>\n<\/p><\/div>","protected":false},"excerpt":{"rendered":"<p>Afrika 288-seitige Hardcover-Notizb\u00fccher mit franz\u00f6sischer Linie<\/p>\n<ul class=\"ptab-list clearfix\">\n<li>\n<p>Marke:<\/p>\n<p><span>Farbfliege<\/span><\/li>\n<li>\n<p>Artikelnummer:<\/p>\n<p><span>CY-HN006<\/span><\/li>\n<li>\n<p>Mindestbestellmenge:<\/p>\n<p><span>20-Fu\u00df-Container<\/span><\/li>\n<li>\n<p>Typ: <\/p>\n<p> <span>Hardcover-Notizbuch<\/span><\/li>\n<li>\n<p>Gr\u00f6\u00dfe: <\/p>\n<p> <span>17x22cm<\/span><\/li>\n<li>\n<p>Bindung: <\/p>\n<p> <span>Klebebindung<\/span><\/li>\n<li>\n<p>Seitenanzahl: <\/p>\n<p> <span>288<\/span><\/li>\n<li>\n<p>Innendruck: <\/p>\n<p> <span>Franz\u00f6sische Linie<\/span><\/li>\n<li>\n<p>Coverdruck: <\/p>\n<p> <span>4-Farben-Druck<\/span><\/li>\n<\/ul>","protected":false},"featured_media":11521,"comment_status":"open","ping_status":"closed","template":"","meta":[],"product_brand":[],"product_cat":[449],"product_tag":[458,472,454],"class_list":{"0":"post-11463","1":"product","2":"type-product","3":"status-publish","4":"has-post-thumbnail","6":"product_cat-hardcover-notebook","7":"product_tag-custom-hardcover-notebook","8":"product_tag-hard-cover-book","9":"product_tag-wholesale-hardcover-notebooks","11":"first","12":"instock","13":"shipping-taxable","14":"product-type-simple"},"yoast_head":"<!-- This site is optimized with the Yoast SEO Premium plugin v23.9 (Yoast SEO v25.2) - https:\/\/yoast.com\/wordpress\/plugins\/seo\/ -->\n<title>Custom Hardcover Notebook With Your Product Logo - colorflyprinting<\/title>\n<meta name=\"robots\" content=\"index, follow, max-snippet:-1, max-image-preview:large, max-video-preview:-1\" \/>\n<link rel=\"canonical\" href=\"https:\/\/www.colorflyprinting.com\/de\/produkt\/individuelles-hardcover-notizbuch-mit-ihrem-produktlogo\/\" \/>\n<meta property=\"og:locale\" content=\"de_DE\" \/>\n<meta property=\"og:type\" content=\"article\" \/>\n<meta property=\"og:title\" content=\"Custom Hardcover Notebook With Your Product Logo\" \/>\n<meta property=\"og:description\" content=\"Africa 288pages hardcover notebooks with french line                                                    Brand:Colorfly                                                   Item NO.:CY-HN006                                                                                                                   MOQ:20 foot container                                                                                                                  Type: Hardcover notebook                                 Size: 17x22cm                                 Binding: Perfect binding                                 Number of pages: 288                                 Inner printing: French line                                 Cover printing: 4 colors printing\" \/>\n<meta property=\"og:url\" content=\"https:\/\/www.colorflyprinting.com\/de\/produkt\/individuelles-hardcover-notizbuch-mit-ihrem-produktlogo\/\" \/>\n<meta property=\"og:site_name\" content=\"colorflyprinting\" \/>\n<meta property=\"article:modified_time\" content=\"2025-04-22T01:23:24+00:00\" \/>\n<meta name=\"twitter:card\" content=\"summary_large_image\" \/>\n<meta name=\"twitter:label1\" content=\"Gesch\u00e4tzte Lesezeit\" \/>\n\t<meta name=\"twitter:data1\" content=\"1\u00a0Minute\" \/>\n<script type=\"application\/ld+json\" class=\"yoast-schema-graph\">{\"@context\":\"https:\/\/schema.org\",\"@graph\":[{\"@type\":\"WebPage\",\"@id\":\"https:\/\/www.colorflyprinting.com\/product\/custom-hardcover-notebook-with-your-product-logo\/\",\"url\":\"https:\/\/www.colorflyprinting.com\/product\/custom-hardcover-notebook-with-your-product-logo\/\",\"name\":\"Custom Hardcover Notebook With Your Product Logo - colorflyprinting\",\"isPartOf\":{\"@id\":\"https:\/\/www.colorflyprinting.com\/#website\"},\"primaryImageOfPage\":{\"@id\":\"https:\/\/www.colorflyprinting.com\/product\/custom-hardcover-notebook-with-your-product-logo\/#primaryimage\"},\"image\":{\"@id\":\"https:\/\/www.colorflyprinting.com\/product\/custom-hardcover-notebook-with-your-product-logo\/#primaryimage\"},\"thumbnailUrl\":\"https:\/\/www.colorflyprinting.com\/wp-content\/uploads\/2025\/04\/80ca02e8a25d6a46095bb2f97c6ff254_medium-1.jpg\",\"datePublished\":\"2025-04-22T01:22:56+00:00\",\"dateModified\":\"2025-04-22T01:23:24+00:00\",\"breadcrumb\":{\"@id\":\"https:\/\/www.colorflyprinting.com\/product\/custom-hardcover-notebook-with-your-product-logo\/#breadcrumb\"},\"inLanguage\":\"de\",\"potentialAction\":[{\"@type\":\"ReadAction\",\"target\":[\"https:\/\/www.colorflyprinting.com\/product\/custom-hardcover-notebook-with-your-product-logo\/\"]}]},{\"@type\":\"ImageObject\",\"inLanguage\":\"de\",\"@id\":\"https:\/\/www.colorflyprinting.com\/product\/custom-hardcover-notebook-with-your-product-logo\/#primaryimage\",\"url\":\"https:\/\/www.colorflyprinting.com\/wp-content\/uploads\/2025\/04\/80ca02e8a25d6a46095bb2f97c6ff254_medium-1.jpg\",\"contentUrl\":\"https:\/\/www.colorflyprinting.com\/wp-content\/uploads\/2025\/04\/80ca02e8a25d6a46095bb2f97c6ff254_medium-1.jpg\",\"width\":550,\"height\":550},{\"@type\":\"BreadcrumbList\",\"@id\":\"https:\/\/www.colorflyprinting.com\/product\/custom-hardcover-notebook-with-your-product-logo\/#breadcrumb\",\"itemListElement\":[{\"@type\":\"ListItem\",\"position\":1,\"name\":\"Home\",\"item\":\"https:\/\/www.colorflyprinting.com\/\"},{\"@type\":\"ListItem\",\"position\":2,\"name\":\"Product\",\"item\":\"https:\/\/www.colorflyprinting.com\/shop\/\"},{\"@type\":\"ListItem\",\"position\":3,\"name\":\"Custom Hardcover Notebook With Your Product Logo\"}]},{\"@type\":\"WebSite\",\"@id\":\"https:\/\/www.colorflyprinting.com\/#website\",\"url\":\"https:\/\/www.colorflyprinting.com\/\",\"name\":\"Hefei Colorfly Stationery Co.,Ltd.\",\"description\":\"\",\"publisher\":{\"@id\":\"https:\/\/www.colorflyprinting.com\/#organization\"},\"potentialAction\":[{\"@type\":\"SearchAction\",\"target\":{\"@type\":\"EntryPoint\",\"urlTemplate\":\"https:\/\/www.colorflyprinting.com\/?s={search_term_string}\"},\"query-input\":{\"@type\":\"PropertyValueSpecification\",\"valueRequired\":true,\"valueName\":\"search_term_string\"}}],\"inLanguage\":\"de\"},{\"@type\":\"Organization\",\"@id\":\"https:\/\/www.colorflyprinting.com\/#organization\",\"name\":\"Hefei Colorfly Stationery Co.,Ltd.\",\"url\":\"https:\/\/www.colorflyprinting.com\/\",\"logo\":{\"@type\":\"ImageObject\",\"inLanguage\":\"de\",\"@id\":\"https:\/\/www.colorflyprinting.com\/#\/schema\/logo\/image\/\",\"url\":\"https:\/\/www.colorflyprinting.com\/wp-content\/uploads\/2025\/04\/d167665f943610681229e2f4307b9df.jpg\",\"contentUrl\":\"https:\/\/www.colorflyprinting.com\/wp-content\/uploads\/2025\/04\/d167665f943610681229e2f4307b9df.jpg\",\"width\":780,\"height\":780,\"caption\":\"Hefei Colorfly Stationery Co.,Ltd.\"},\"image\":{\"@id\":\"https:\/\/www.colorflyprinting.com\/#\/schema\/logo\/image\/\"}}]}<\/script>\n<!-- \/ Yoast SEO Premium plugin. -->","yoast_head_json":{"title":"Custom Hardcover Notebook With Your Product Logo - colorflyprinting","robots":{"index":"index","follow":"follow","max-snippet":"max-snippet:-1","max-image-preview":"max-image-preview:large","max-video-preview":"max-video-preview:-1"},"canonical":"https:\/\/www.colorflyprinting.com\/de\/produkt\/individuelles-hardcover-notizbuch-mit-ihrem-produktlogo\/","og_locale":"de_DE","og_type":"article","og_title":"Custom Hardcover Notebook With Your Product Logo","og_description":"Africa 288pages hardcover notebooks with french line                                                    Brand:Colorfly                                                   Item NO.:CY-HN006                                                                                                                   MOQ:20 foot container                                                                                                                  Type: Hardcover notebook                                 Size: 17x22cm                                 Binding: Perfect binding                                 Number of pages: 288                                 Inner printing: French line                                 Cover printing: 4 colors printing","og_url":"https:\/\/www.colorflyprinting.com\/de\/produkt\/individuelles-hardcover-notizbuch-mit-ihrem-produktlogo\/","og_site_name":"colorflyprinting","article_modified_time":"2025-04-22T01:23:24+00:00","twitter_card":"summary_large_image","twitter_misc":{"Gesch\u00e4tzte Lesezeit":"1\u00a0Minute"},"schema":{"@context":"https:\/\/schema.org","@graph":[{"@type":"WebPage","@id":"https:\/\/www.colorflyprinting.com\/product\/custom-hardcover-notebook-with-your-product-logo\/","url":"https:\/\/www.colorflyprinting.com\/product\/custom-hardcover-notebook-with-your-product-logo\/","name":"Custom Hardcover Notebook With Your Product Logo - colorflyprinting","isPartOf":{"@id":"https:\/\/www.colorflyprinting.com\/#website"},"primaryImageOfPage":{"@id":"https:\/\/www.colorflyprinting.com\/product\/custom-hardcover-notebook-with-your-product-logo\/#primaryimage"},"image":{"@id":"https:\/\/www.colorflyprinting.com\/product\/custom-hardcover-notebook-with-your-product-logo\/#primaryimage"},"thumbnailUrl":"https:\/\/www.colorflyprinting.com\/wp-content\/uploads\/2025\/04\/80ca02e8a25d6a46095bb2f97c6ff254_medium-1.jpg","datePublished":"2025-04-22T01:22:56+00:00","dateModified":"2025-04-22T01:23:24+00:00","breadcrumb":{"@id":"https:\/\/www.colorflyprinting.com\/product\/custom-hardcover-notebook-with-your-product-logo\/#breadcrumb"},"inLanguage":"de","potentialAction":[{"@type":"ReadAction","target":["https:\/\/www.colorflyprinting.com\/product\/custom-hardcover-notebook-with-your-product-logo\/"]}]},{"@type":"ImageObject","inLanguage":"de","@id":"https:\/\/www.colorflyprinting.com\/product\/custom-hardcover-notebook-with-your-product-logo\/#primaryimage","url":"https:\/\/www.colorflyprinting.com\/wp-content\/uploads\/2025\/04\/80ca02e8a25d6a46095bb2f97c6ff254_medium-1.jpg","contentUrl":"https:\/\/www.colorflyprinting.com\/wp-content\/uploads\/2025\/04\/80ca02e8a25d6a46095bb2f97c6ff254_medium-1.jpg","width":550,"height":550},{"@type":"BreadcrumbList","@id":"https:\/\/www.colorflyprinting.com\/product\/custom-hardcover-notebook-with-your-product-logo\/#breadcrumb","itemListElement":[{"@type":"ListItem","position":1,"name":"Home","item":"https:\/\/www.colorflyprinting.com\/"},{"@type":"ListItem","position":2,"name":"Product","item":"https:\/\/www.colorflyprinting.com\/shop\/"},{"@type":"ListItem","position":3,"name":"Custom Hardcover Notebook With Your Product Logo"}]},{"@type":"WebSite","@id":"https:\/\/www.colorflyprinting.com\/#website","url":"https:\/\/www.colorflyprinting.com\/","name":"Hefei Colorfly Stationery Co.,Ltd.","description":"","publisher":{"@id":"https:\/\/www.colorflyprinting.com\/#organization"},"potentialAction":[{"@type":"SearchAction","target":{"@type":"EntryPoint","urlTemplate":"https:\/\/www.colorflyprinting.com\/?s={search_term_string}"},"query-input":{"@type":"PropertyValueSpecification","valueRequired":true,"valueName":"search_term_string"}}],"inLanguage":"de"},{"@type":"Organization","@id":"https:\/\/www.colorflyprinting.com\/#organization","name":"Hefei Colorfly Stationery Co.,Ltd.","url":"https:\/\/www.colorflyprinting.com\/","logo":{"@type":"ImageObject","inLanguage":"de","@id":"https:\/\/www.colorflyprinting.com\/#\/schema\/logo\/image\/","url":"https:\/\/www.colorflyprinting.com\/wp-content\/uploads\/2025\/04\/d167665f943610681229e2f4307b9df.jpg","contentUrl":"https:\/\/www.colorflyprinting.com\/wp-content\/uploads\/2025\/04\/d167665f943610681229e2f4307b9df.jpg","width":780,"height":780,"caption":"Hefei Colorfly Stationery Co.,Ltd."},"image":{"@id":"https:\/\/www.colorflyprinting.com\/#\/schema\/logo\/image\/"}}]}},"_links":{"self":[{"href":"https:\/\/www.colorflyprinting.com\/de\/wp-json\/wp\/v2\/product\/11463","targetHints":{"allow":["GET"]}}],"collection":[{"href":"https:\/\/www.colorflyprinting.com\/de\/wp-json\/wp\/v2\/product"}],"about":[{"href":"https:\/\/www.colorflyprinting.com\/de\/wp-json\/wp\/v2\/types\/product"}],"replies":[{"embeddable":true,"href":"https:\/\/www.colorflyprinting.com\/de\/wp-json\/wp\/v2\/comments?post=11463"}],"wp:featuredmedia":[{"embeddable":true,"href":"https:\/\/www.colorflyprinting.com\/de\/wp-json\/wp\/v2\/media\/11521"}],"wp:attachment":[{"href":"https:\/\/www.colorflyprinting.com\/de\/wp-json\/wp\/v2\/media?parent=11463"}],"wp:term":[{"taxonomy":"product_brand","embeddable":true,"href":"https:\/\/www.colorflyprinting.com\/de\/wp-json\/wp\/v2\/product_brand?post=11463"},{"taxonomy":"product_cat","embeddable":true,"href":"https:\/\/www.colorflyprinting.com\/de\/wp-json\/wp\/v2\/product_cat?post=11463"},{"taxonomy":"product_tag","embeddable":true,"href":"https:\/\/www.colorflyprinting.com\/de\/wp-json\/wp\/v2\/product_tag?post=11463"}],"curies":[{"name":"wp","href":"https:\/\/api.w.org\/{rel}","templated":true}]}}