{"id":11461,"date":"2025-04-22T01:22:56","date_gmt":"2025-04-22T01:22:56","guid":{"rendered":"https:\/\/www.colorflyprinting.com\/?post_type=product&#038;p=11461"},"modified":"2025-06-28T04:19:19","modified_gmt":"2025-06-28T04:19:19","slug":"school-customizable-notebooks-hardcover-journal","status":"publish","type":"product","link":"https:\/\/www.colorflyprinting.com\/de\/produkt\/schul-notizbucher-mit-hardcover\/","title":{"rendered":"Anpassbare Notizb\u00fccher f\u00fcr die Schule Notizbuch"},"content":{"rendered":"<div class=\"text\">\n<div class=\"table-responsive\">\n<table border=\"1\">\n<tbody>\n<tr>\n<td>\n<p>\n\t\t\t\t\t\tProduktname\n\t\t\t\t\t<\/p>\n<\/td>\n<td>\n<p>\n\t\t\t\t\t\tHardcover-Notizbuch mit arabischen Linien&nbsp;\n\t\t\t\t\t<\/p>\n<\/td>\n<\/tr>\n<tr>\n<td>\n<p>\n\t\t\t\t\t\tBlatt (Seite)\n\t\t\t\t\t<\/p>\n<\/td>\n<td>\n<p>\n\t\t\t\t\t\t100 Blatt \/ 80 Blatt usw.\n\t\t\t\t\t<\/p>\n<\/td>\n<\/tr>\n<tr>\n<td>\n<p>\n\t\t\t\t\t\tGr\u00f6\u00dfe\n\t\t\t\t\t<\/p>\n<\/td>\n<td>\n<p>\n\t\t\t\t\t\t17x24cm\n\t\t\t\t\t<\/p>\n<\/td>\n<\/tr>\n<tr>\n<td>\n<p>\n\t\t\t\t\t\tAbdeckung\n\t\t\t\t\t<\/p>\n<\/td>\n<td>\n<p>\n\t\t\t\t\t\tDoppelkarton + laminiert; individuelles Design erh\u00e4ltlich\n\t\t\t\t\t<\/p>\n<\/td>\n<\/tr>\n<tr>\n<td>\n<p>\n\t\t\t\t\t\tBindung\n\t\t\t\t\t<\/p>\n<\/td>\n<td>\n<p>\n\t\t\t\t\t\tKlebebindung (Sektionsheftung + Klebebindung)\n\t\t\t\t\t<\/p>\n<\/td>\n<\/tr>\n<tr>\n<td>\n<p>\n\t\t\t\t\t\tInnendruck\n\t\t\t\t\t<\/p>\n<\/td>\n<td>\n<p>\n\t\t\t\t\t\tArabische Linie\n\t\t\t\t\t<\/p>\n<\/td>\n<\/tr>\n<tr>\n<td>\n<p>\n\t\t\t\t\t\tInnenpapier GSM&nbsp; &nbsp; &nbsp; &nbsp; &nbsp; &nbsp; &nbsp; &nbsp; &nbsp;\n\t\t\t\t\t<\/p>\n<\/td>\n<td>\n<p>\n\t\t\t\t\t\t68 g\/m\u00b2\n\t\t\t\t\t<\/p>\n<\/td>\n<\/tr>\n<tr>\n<td>\n<p>\n\t\t\t\t\t\tVerwendung\n\t\t\t\t\t<\/p>\n<\/td>\n<td>\n<p>\n\t\t\t\t\t\tSchule \/ B\u00fcro \/ etc.\n\t\t\t\t\t<\/p>\n<\/td>\n<\/tr>\n<tr>\n<td>\n<p>\n\t\t\t\t\t\tVerpackung\n\t\t\t\t\t<\/p>\n<\/td>\n<td>\n<p>\n\t\t\t\t\t\t4 St\u00fcck\/Schrumpf, 80 St\u00fcck\/Karton\n\t\t\t\t\t<\/p>\n<\/td>\n<\/tr>\n<tr>\n<td>\n<p>\n\t\t\t\t\t\tPreis&nbsp;\n\t\t\t\t\t<\/p>\n<\/td>\n<td>\n<p>\n\t\t\t\t\t\tDer gute Preis wird nach Eingang Ihrer detaillierten Anfrage aktualisiert&nbsp; &nbsp; &nbsp; &nbsp; &nbsp; &nbsp; &nbsp; &nbsp; &nbsp; &nbsp; &nbsp;\n\t\t\t\t\t<\/p>\n<\/td>\n<\/tr>\n<\/tbody>\n<\/table>\n<\/div>\n<p><span style=\"color:#8ac4b6;\"><strong>Wenn Sie bestellen m\u00f6chten, teilen Sie uns bitte mit:<\/strong><\/span> <\/p>\n<p>\n\t<span style=\"color:#8ac4b6;\"><strong>1. Gr\u00f6\u00dfe: Benutzerdefiniert<\/strong><\/span>\n<\/p>\n<p>\n\t<span style=\"color:#8ac4b6;\"><strong>2. Bezugsmaterial: Am besten senden Sie uns ein Foto als Referenz.<\/strong><\/span><br \/>\n<span style=\"color:#8ac4b6;\"><strong> 3. Verwenden Sie f\u00fcr die Innenseiten unser Design oder Ihr eigenes Kunstwerk<\/strong><\/span><br \/>\n<span style=\"color:#8ac4b6;\"><strong> 4. Wenn Sie Ihr eigenes Kunstwerk verfassen, wie viele Innenseiten hat ein Blatt? Ein Blatt hat zwei Seiten.<\/strong><\/span><br \/>\n<span style=\"color:#8ac4b6;\"><strong> 5. Innen alles schwarz-wei\u00df oder bunt bedruckt<\/strong><\/span><br \/>\n<span style=\"color:#8ac4b6;\"><strong> 6. Bindung: n\u00e4hen bindung, spiralbindung oder pls beratung<\/strong><\/span><br \/>\n<span style=\"color:#8ac4b6;\"><strong> 7. Menge: Bitte beraten<\/strong><\/span><br \/>\n<span style=\"color:#8ac4b6;\"><strong> Best\u00e4tigen Sie dies, damit wir Ihnen ein Angebot unterbreiten k\u00f6nnen.<\/strong><\/span><br \/>\n<span style=\"color:#8ac4b6;\"><strong> Thanks and wait to privide you the most professional service \ud83d\ude42<\/strong><\/span>\n<\/p>\n<p>\n\t\n<\/p>\n<p>\n\t<strong><span style=\"color:#8AC4B6;\">H\u00e4ufig gestellte Fragen:<\/span><\/strong>\n<\/p>\n<p>\n\t<span style=\"background-color:#8ac4b6;\">1. Wir m\u00f6chten die Probenzeit, die Probenkosten und die Produktionszeit wissen&nbsp;<\/span><br \/>\nLassen Sie Ihre Dateien kostenlos pr\u00fcfen und auf Fehler \u00fcberpr\u00fcfen! Wir sind von der Qualit\u00e4t unserer Drucke so \u00fcberzeugt, dass wir Ihnen 100% kostenlose Korrekturen anbieten! Die Musterbestellung erfolgt innerhalb von 3 Werktagen. Die Produktionszeit betr\u00e4gt 3-10 Werktage.\n<\/p>\n<p>\n\t<span style=\"background-color:#8ac4b6;\">2. Sind Sie ein Fabrikhersteller oder ein Handelsunternehmen? Was ist Ihr Produktsortiment, wo ist Ihr Markt?<\/span><br \/>\nWir sind ein Hersteller, der sich auf verschiedene selbstklebende Etiketten und Verpackungsprodukte in hoher Qualit\u00e4t und zu wettbewerbsf\u00e4higen Preisen spezialisiert hat und seit \u00fcber 7 Jahren im Inland t\u00e4tig ist. Dazu geh\u00f6ren verschiedene Aufkleber, Geschenkboxen, Kataloge, Anh\u00e4nger und Verpackungsprodukte. Wir sind vor allem auf der ganzen Welt bekannt, beispielsweise in den USA, Australien, Kanada, Europa, dem Nahen Osten, S\u00fcdostasien usw.\n<\/p>\n<p>\n\t<span style=\"background-color:#8ac4b6;\">3. Was ist Ihre Qualit\u00e4t<\/span><br \/>\nHier k\u00f6nnen Sie sicher sein, dass Ihr Druckprodukt gleich beim ersten Mal perfekt gelingt. Wir bieten Ihnen erstklassige Druckqualit\u00e4t mit unserer 100%-Qualit\u00e4tsgarantie. Machen Sie keine Kompromisse bei der Qualit\u00e4t und \u00fcberzeugen Sie sich vom Colorfly-Unterschied!<\/p>\n<p><span style=\"background-color:#8ac4b6;\">4. Wie ist Ihr Kundenservice<\/span><br \/>\nHaben Sie eine Frage oder ben\u00f6tigen Sie Hilfe bei der Bestellung? Wir helfen Ihnen gerne! Unsere Druckspezialisten sind die ganze Woche von Montag bis Sonntag f\u00fcr Sie da!<br \/>\n<span style=\"background-color:#8ac4b6;\"><br \/>\n<\/span>\n<\/p>\n<p>\n\t<span style=\"background-color:#8ac4b6;\">5. Was ist Ihr Preis<\/span><br \/>\nColorfly ist stolz darauf, unsere hochwertigen Drucke zum bestm\u00f6glichen Preis anzubieten. Wir hoffen, dass das Drucken mit Colorfly einfach und perfekt ist.<\/p>\n<p><span style=\"background-color:#8ac4b6;\">6. Warum Sie sagten, Sie h\u00e4tten gute Gr\u00fcnde und wir sollten uns f\u00fcr Sie entscheiden<\/span><br \/>\nWir sind \u00fcberzeugt, dass wir Ihnen bei jedem Herstellungsprozess ein perfektes Produkt liefern k\u00f6nnen. Hier listen wir einige Punkte auf und vergleichen sie mit anderen Druckereien.\n<\/p>\n<\/p><\/div>","protected":false},"excerpt":{"rendered":"<p>Fabrik Gro\u00dfhandel Caseboud Notebook Arabische Linie Notebooks G\u00fcnstiger Preis<\/p>\n<ul class=\"ptab-list clearfix\">\n<li>\n<p>Marke:<\/p>\n<p><span>Farbfliege<\/span><\/li>\n<li>\n<p>Artikelnummer:<\/p>\n<p><span>CY-HN008<\/span><\/li>\n<li>\n<p>Mindestbestellmenge:<\/p>\n<p><span>20-Fu\u00df-Container<\/span><\/li>\n<li>\n<p>Typ: <\/p>\n<p> <span>Hardcover-Notizbuch<\/span><\/li>\n<li>\n<p>Gr\u00f6\u00dfe: <\/p>\n<p> <span>17x24m<\/span><\/li>\n<li>\n<p>Bindung: <\/p>\n<p> <span>Klebebindung<\/span><\/li>\n<li>\n<p>Seitenanzahl: <\/p>\n<p> <span>100 Blatt\/80 Blatt usw.<\/span><\/li>\n<li>\n<p>Innendruck: <\/p>\n<p> <span>Arabische Linie<\/span><\/li>\n<li>\n<p>Coverdruck: <\/p>\n<p> <span>4-Farben-Druck<\/span><\/li>\n<\/ul>","protected":false},"featured_media":11519,"comment_status":"open","ping_status":"closed","template":"","meta":[],"product_brand":[],"product_cat":[449],"product_tag":[466,468,467],"class_list":{"0":"post-11461","1":"product","2":"type-product","3":"status-publish","4":"has-post-thumbnail","6":"product_cat-hardcover-notebook","7":"product_tag-arabic-line-notebook","8":"product_tag-customizable-notebooks","9":"product_tag-school-hardcover-notebooks","11":"first","12":"instock","13":"shipping-taxable","14":"product-type-simple"},"yoast_head":"<!-- This site is optimized with the Yoast SEO Premium plugin v23.9 (Yoast SEO v25.2) - https:\/\/yoast.com\/wordpress\/plugins\/seo\/ -->\n<title>School Customizable Notebooks Hardcover Journal - colorflyprinting<\/title>\n<meta name=\"robots\" content=\"index, follow, max-snippet:-1, max-image-preview:large, max-video-preview:-1\" \/>\n<link rel=\"canonical\" href=\"https:\/\/www.colorflyprinting.com\/de\/produkt\/schul-notizbucher-mit-hardcover\/\" \/>\n<meta property=\"og:locale\" content=\"de_DE\" \/>\n<meta property=\"og:type\" content=\"article\" \/>\n<meta property=\"og:title\" content=\"School Customizable Notebooks Hardcover Journal\" \/>\n<meta property=\"og:description\" content=\"Factory Wholesale Caseboud Notebook Arabic Line Notebooks Cheap Price                                                    Brand:Colorfly                                                   Item NO.:CY-HN008                                                                                                                   MOQ:20 foot container                                                                                                                  Type: Hardcover notebook                                 Size: 17x24m                                 Binding: Perfect binding                                 Number of pages: 100sheets\/80sheets etc                                 Inner printing: Arabic line                                 Cover printing: 4 colors printing\" \/>\n<meta property=\"og:url\" content=\"https:\/\/www.colorflyprinting.com\/de\/produkt\/schul-notizbucher-mit-hardcover\/\" \/>\n<meta property=\"og:site_name\" content=\"colorflyprinting\" \/>\n<meta property=\"article:modified_time\" content=\"2025-06-28T04:19:19+00:00\" \/>\n<meta name=\"twitter:card\" content=\"summary_large_image\" \/>\n<meta name=\"twitter:label1\" content=\"Gesch\u00e4tzte Lesezeit\" \/>\n\t<meta name=\"twitter:data1\" content=\"2\u00a0Minuten\" \/>\n<script type=\"application\/ld+json\" class=\"yoast-schema-graph\">{\"@context\":\"https:\/\/schema.org\",\"@graph\":[{\"@type\":\"WebPage\",\"@id\":\"https:\/\/www.colorflyprinting.com\/product\/school-customizable-notebooks-hardcover-journal\/\",\"url\":\"https:\/\/www.colorflyprinting.com\/product\/school-customizable-notebooks-hardcover-journal\/\",\"name\":\"School Customizable Notebooks Hardcover Journal - colorflyprinting\",\"isPartOf\":{\"@id\":\"https:\/\/www.colorflyprinting.com\/#website\"},\"primaryImageOfPage\":{\"@id\":\"https:\/\/www.colorflyprinting.com\/product\/school-customizable-notebooks-hardcover-journal\/#primaryimage\"},\"image\":{\"@id\":\"https:\/\/www.colorflyprinting.com\/product\/school-customizable-notebooks-hardcover-journal\/#primaryimage\"},\"thumbnailUrl\":\"https:\/\/www.colorflyprinting.com\/wp-content\/uploads\/2025\/04\/ca1406782162cb0aa7034d442d0e82dc_medium-1.jpg\",\"datePublished\":\"2025-04-22T01:22:56+00:00\",\"dateModified\":\"2025-06-28T04:19:19+00:00\",\"breadcrumb\":{\"@id\":\"https:\/\/www.colorflyprinting.com\/product\/school-customizable-notebooks-hardcover-journal\/#breadcrumb\"},\"inLanguage\":\"de\",\"potentialAction\":[{\"@type\":\"ReadAction\",\"target\":[\"https:\/\/www.colorflyprinting.com\/product\/school-customizable-notebooks-hardcover-journal\/\"]}]},{\"@type\":\"ImageObject\",\"inLanguage\":\"de\",\"@id\":\"https:\/\/www.colorflyprinting.com\/product\/school-customizable-notebooks-hardcover-journal\/#primaryimage\",\"url\":\"https:\/\/www.colorflyprinting.com\/wp-content\/uploads\/2025\/04\/ca1406782162cb0aa7034d442d0e82dc_medium-1.jpg\",\"contentUrl\":\"https:\/\/www.colorflyprinting.com\/wp-content\/uploads\/2025\/04\/ca1406782162cb0aa7034d442d0e82dc_medium-1.jpg\",\"width\":550,\"height\":550},{\"@type\":\"BreadcrumbList\",\"@id\":\"https:\/\/www.colorflyprinting.com\/product\/school-customizable-notebooks-hardcover-journal\/#breadcrumb\",\"itemListElement\":[{\"@type\":\"ListItem\",\"position\":1,\"name\":\"Home\",\"item\":\"https:\/\/www.colorflyprinting.com\/\"},{\"@type\":\"ListItem\",\"position\":2,\"name\":\"Product\",\"item\":\"https:\/\/www.colorflyprinting.com\/shop\/\"},{\"@type\":\"ListItem\",\"position\":3,\"name\":\"School Customizable Notebooks Hardcover Journal\"}]},{\"@type\":\"WebSite\",\"@id\":\"https:\/\/www.colorflyprinting.com\/#website\",\"url\":\"https:\/\/www.colorflyprinting.com\/\",\"name\":\"Hefei Colorfly Stationery Co.,Ltd.\",\"description\":\"\",\"publisher\":{\"@id\":\"https:\/\/www.colorflyprinting.com\/#organization\"},\"potentialAction\":[{\"@type\":\"SearchAction\",\"target\":{\"@type\":\"EntryPoint\",\"urlTemplate\":\"https:\/\/www.colorflyprinting.com\/?s={search_term_string}\"},\"query-input\":{\"@type\":\"PropertyValueSpecification\",\"valueRequired\":true,\"valueName\":\"search_term_string\"}}],\"inLanguage\":\"de\"},{\"@type\":\"Organization\",\"@id\":\"https:\/\/www.colorflyprinting.com\/#organization\",\"name\":\"Hefei Colorfly Stationery Co.,Ltd.\",\"url\":\"https:\/\/www.colorflyprinting.com\/\",\"logo\":{\"@type\":\"ImageObject\",\"inLanguage\":\"de\",\"@id\":\"https:\/\/www.colorflyprinting.com\/#\/schema\/logo\/image\/\",\"url\":\"https:\/\/www.colorflyprinting.com\/wp-content\/uploads\/2025\/04\/d167665f943610681229e2f4307b9df.jpg\",\"contentUrl\":\"https:\/\/www.colorflyprinting.com\/wp-content\/uploads\/2025\/04\/d167665f943610681229e2f4307b9df.jpg\",\"width\":780,\"height\":780,\"caption\":\"Hefei Colorfly Stationery Co.,Ltd.\"},\"image\":{\"@id\":\"https:\/\/www.colorflyprinting.com\/#\/schema\/logo\/image\/\"}}]}<\/script>\n<!-- \/ Yoast SEO Premium plugin. -->","yoast_head_json":{"title":"School Customizable Notebooks Hardcover Journal - colorflyprinting","robots":{"index":"index","follow":"follow","max-snippet":"max-snippet:-1","max-image-preview":"max-image-preview:large","max-video-preview":"max-video-preview:-1"},"canonical":"https:\/\/www.colorflyprinting.com\/de\/produkt\/schul-notizbucher-mit-hardcover\/","og_locale":"de_DE","og_type":"article","og_title":"School Customizable Notebooks Hardcover Journal","og_description":"Factory Wholesale Caseboud Notebook Arabic Line Notebooks Cheap Price                                                    Brand:Colorfly                                                   Item NO.:CY-HN008                                                                                                                   MOQ:20 foot container                                                                                                                  Type: Hardcover notebook                                 Size: 17x24m                                 Binding: Perfect binding                                 Number of pages: 100sheets\/80sheets etc                                 Inner printing: Arabic line                                 Cover printing: 4 colors printing","og_url":"https:\/\/www.colorflyprinting.com\/de\/produkt\/schul-notizbucher-mit-hardcover\/","og_site_name":"colorflyprinting","article_modified_time":"2025-06-28T04:19:19+00:00","twitter_card":"summary_large_image","twitter_misc":{"Gesch\u00e4tzte Lesezeit":"2\u00a0Minuten"},"schema":{"@context":"https:\/\/schema.org","@graph":[{"@type":"WebPage","@id":"https:\/\/www.colorflyprinting.com\/product\/school-customizable-notebooks-hardcover-journal\/","url":"https:\/\/www.colorflyprinting.com\/product\/school-customizable-notebooks-hardcover-journal\/","name":"School Customizable Notebooks Hardcover Journal - colorflyprinting","isPartOf":{"@id":"https:\/\/www.colorflyprinting.com\/#website"},"primaryImageOfPage":{"@id":"https:\/\/www.colorflyprinting.com\/product\/school-customizable-notebooks-hardcover-journal\/#primaryimage"},"image":{"@id":"https:\/\/www.colorflyprinting.com\/product\/school-customizable-notebooks-hardcover-journal\/#primaryimage"},"thumbnailUrl":"https:\/\/www.colorflyprinting.com\/wp-content\/uploads\/2025\/04\/ca1406782162cb0aa7034d442d0e82dc_medium-1.jpg","datePublished":"2025-04-22T01:22:56+00:00","dateModified":"2025-06-28T04:19:19+00:00","breadcrumb":{"@id":"https:\/\/www.colorflyprinting.com\/product\/school-customizable-notebooks-hardcover-journal\/#breadcrumb"},"inLanguage":"de","potentialAction":[{"@type":"ReadAction","target":["https:\/\/www.colorflyprinting.com\/product\/school-customizable-notebooks-hardcover-journal\/"]}]},{"@type":"ImageObject","inLanguage":"de","@id":"https:\/\/www.colorflyprinting.com\/product\/school-customizable-notebooks-hardcover-journal\/#primaryimage","url":"https:\/\/www.colorflyprinting.com\/wp-content\/uploads\/2025\/04\/ca1406782162cb0aa7034d442d0e82dc_medium-1.jpg","contentUrl":"https:\/\/www.colorflyprinting.com\/wp-content\/uploads\/2025\/04\/ca1406782162cb0aa7034d442d0e82dc_medium-1.jpg","width":550,"height":550},{"@type":"BreadcrumbList","@id":"https:\/\/www.colorflyprinting.com\/product\/school-customizable-notebooks-hardcover-journal\/#breadcrumb","itemListElement":[{"@type":"ListItem","position":1,"name":"Home","item":"https:\/\/www.colorflyprinting.com\/"},{"@type":"ListItem","position":2,"name":"Product","item":"https:\/\/www.colorflyprinting.com\/shop\/"},{"@type":"ListItem","position":3,"name":"School Customizable Notebooks Hardcover Journal"}]},{"@type":"WebSite","@id":"https:\/\/www.colorflyprinting.com\/#website","url":"https:\/\/www.colorflyprinting.com\/","name":"Hefei Colorfly Stationery Co.,Ltd.","description":"","publisher":{"@id":"https:\/\/www.colorflyprinting.com\/#organization"},"potentialAction":[{"@type":"SearchAction","target":{"@type":"EntryPoint","urlTemplate":"https:\/\/www.colorflyprinting.com\/?s={search_term_string}"},"query-input":{"@type":"PropertyValueSpecification","valueRequired":true,"valueName":"search_term_string"}}],"inLanguage":"de"},{"@type":"Organization","@id":"https:\/\/www.colorflyprinting.com\/#organization","name":"Hefei Colorfly Stationery Co.,Ltd.","url":"https:\/\/www.colorflyprinting.com\/","logo":{"@type":"ImageObject","inLanguage":"de","@id":"https:\/\/www.colorflyprinting.com\/#\/schema\/logo\/image\/","url":"https:\/\/www.colorflyprinting.com\/wp-content\/uploads\/2025\/04\/d167665f943610681229e2f4307b9df.jpg","contentUrl":"https:\/\/www.colorflyprinting.com\/wp-content\/uploads\/2025\/04\/d167665f943610681229e2f4307b9df.jpg","width":780,"height":780,"caption":"Hefei Colorfly Stationery Co.,Ltd."},"image":{"@id":"https:\/\/www.colorflyprinting.com\/#\/schema\/logo\/image\/"}}]}},"_links":{"self":[{"href":"https:\/\/www.colorflyprinting.com\/de\/wp-json\/wp\/v2\/product\/11461","targetHints":{"allow":["GET"]}}],"collection":[{"href":"https:\/\/www.colorflyprinting.com\/de\/wp-json\/wp\/v2\/product"}],"about":[{"href":"https:\/\/www.colorflyprinting.com\/de\/wp-json\/wp\/v2\/types\/product"}],"replies":[{"embeddable":true,"href":"https:\/\/www.colorflyprinting.com\/de\/wp-json\/wp\/v2\/comments?post=11461"}],"wp:featuredmedia":[{"embeddable":true,"href":"https:\/\/www.colorflyprinting.com\/de\/wp-json\/wp\/v2\/media\/11519"}],"wp:attachment":[{"href":"https:\/\/www.colorflyprinting.com\/de\/wp-json\/wp\/v2\/media?parent=11461"}],"wp:term":[{"taxonomy":"product_brand","embeddable":true,"href":"https:\/\/www.colorflyprinting.com\/de\/wp-json\/wp\/v2\/product_brand?post=11461"},{"taxonomy":"product_cat","embeddable":true,"href":"https:\/\/www.colorflyprinting.com\/de\/wp-json\/wp\/v2\/product_cat?post=11461"},{"taxonomy":"product_tag","embeddable":true,"href":"https:\/\/www.colorflyprinting.com\/de\/wp-json\/wp\/v2\/product_tag?post=11461"}],"curies":[{"name":"wp","href":"https:\/\/api.w.org\/{rel}","templated":true}]}}