{"id":11459,"date":"2025-04-22T01:22:56","date_gmt":"2025-04-22T01:22:56","guid":{"rendered":"https:\/\/www.colorflyprinting.com\/?post_type=product&#038;p=11459"},"modified":"2025-09-02T05:03:45","modified_gmt":"2025-09-02T05:03:45","slug":"custom-288-pages-hardcover-note-books","status":"publish","type":"product","link":"https:\/\/www.colorflyprinting.com\/de\/produkt\/individuelle-288-seiten-hardcover-notizbucher\/","title":{"rendered":"Benutzerdefinierte 288 Seiten Hardcover-Notizb\u00fccher"},"content":{"rendered":"<div class=\"text\">\n<p>\n\t<strong>Verschiedenfarbiges Hardcover-Notizbuch mit franz\u00f6sischer Linierung, 288 Seiten<\/strong>\n<\/p>\n<p>\n\t<img decoding=\"async\" src=\"\/js\/htmledit\/kindeditor\/attached\/20200811\/20200811133738_56928.jpg\" alt=\"\">\n<\/p>\n<p>\n\tArtikelbezeichnung: Hardcover-Notizbuch\n<\/p>\n<p>\n\tEinband: Hardcover\n<\/p>\n<p>\n\tGr\u00f6\u00dfe: 17x22cm\n<\/p>\n<p>\n\tBindung: Klebebindung (Fadenbindung + Klebebindung)\n<\/p>\n<p>\n\tSeiten: 288 Seiten usw.&nbsp;\n<\/p>\n<p>\n\tInnenpapierdruck: Franz\u00f6sische Linie\n<\/p>\n<p>\n\tMOQ: 20-Fu\u00df-Container, gemischte Artikelbestellung m\u00f6glich\n<\/p>\n<p>\n\tHinweis: Alle oben genannten Spezifikationen k\u00f6nnen individuell angepasst werden. Wenn wir mit Ihnen zusammenarbeiten, k\u00f6nnen Sie unseren individuellen Service in Anspruch nehmen.\n<\/p>\n<p>\n\t<img decoding=\"async\" src=\"\/js\/htmledit\/kindeditor\/attached\/20200806\/20200806160055_84649.jpg\" alt=\"\">\n<\/p>\n<p>\n\t<strong>Firmenausstellung:<\/strong>\n<\/p>\n<p>\n\t<img decoding=\"async\" src=\"\/js\/htmledit\/kindeditor\/attached\/20200806\/20200806171628_73747.jpg\" alt=\"\">\n<\/p>\n<p>\n\t<strong>H\u00e4ufig gestellte Fragen<\/strong>\n<\/p>\n<p>\n\t<span style=\"background-color:#8AC4B6;\"><strong>1. \u00dcber den Preis:<\/strong><\/span>\n<\/p>\n<p>\n\tDer Preis ist verhandelbar. Er kann je nach Menge oder Paket ge\u00e4ndert werden.<br \/>\nBitte teilen Sie uns bei Ihrer Anfrage die gew\u00fcnschte Menge mit.\n<\/p>\n<p>\n\t<strong><span style=\"background-color:#8ac4b6;\">2. \u00dcber die Probe:<\/span><\/strong>\n<\/p>\n<p>\n\tF\u00fcr Standardprodukte, die wir t\u00e4glich herstellen, ist das Muster kostenlos, aber die Luftfracht wird abgeholt oder Sie bezahlen uns das Porto im Voraus. Bitte haben Sie daf\u00fcr Verst\u00e4ndnis. F\u00fcr die Herstellung neuer Muster fallen Geb\u00fchren an. Lassen Sie uns das bitte n\u00e4her besprechen.\n<\/p>\n<p>\n\t<span style=\"background-color:#8AC4B6;\"><strong>3. \u00dcber MOQ:<\/strong><\/span>\n<\/p>\n<p>\n\tWenn wir das Produkt vollst\u00e4ndig auf Lager haben, ist die Mindestbestellmenge gering. Andernfalls betr\u00e4gt die Mindestbestellmenge 20.000\/50.000\/100.000 St\u00fcck usw. Auch gemischte Artikel passen in einen 20-Fu\u00df-Container. Dies h\u00e4ngt von der Art des Produkts ab und ist verhandelbar. Wir m\u00f6chten Ihr Problem so gut wie m\u00f6glich l\u00f6sen.\n<\/p>\n<p>\n\t<span style=\"background-color:#8ac4b6;\"><strong>4. \u00dcber OEM:<\/strong><\/span>\n<\/p>\n<p>\n\tWir besitzen eine Fabrik in China und helfen gerne bei der Gestaltung des Produktlogos und des Barcodes, solange die Auftragsqualit\u00e4t der Mindestbestellmenge entspricht.\n<\/p>\n<p>\n\t<strong><span style=\"background-color:#8ac4b6;\">5. \u00dcber das Paket:<\/span><\/strong>\n<\/p>\n<p>\n\tDie meisten unserer Produkte sind in einer Standardverpackung erh\u00e4ltlich, basierend auf unseren Erfahrungen auf dem Markt. Wir ber\u00fccksichtigen jedoch immer die Bed\u00fcrfnisse unserer Kunden und bieten n\u00fctzliche Empfehlungen als Referenz.\n<\/p>\n<p>\n\t\n<\/p>\n<p>\n\t\n<\/p>\n<p>\n\t\n<\/p>\n<p>\n\t\n<\/p>\n<\/p><\/div>","protected":false},"excerpt":{"rendered":"<p>Afrika Markt Schule 288 Seiten Hardcover Notizbuch \u00dcbungsheft mit franz\u00f6sischen Linien<\/p>\n<ul class=\"ptab-list clearfix\">\n<li>\n<p>Produktherkunft:<\/p>\n<p><span>China<\/span><\/li>\n<li>\n<p>Marke:<\/p>\n<p><span>Farbfliege<\/span><\/li>\n<li>\n<p>Artikelnummer:<\/p>\n<p><span>CY-1722288P02<\/span><\/li>\n<li>\n<p>Hafen:<\/p>\n<p><span>Wuhu, Hefei, Nanjing, Shanghai<\/span><\/li>\n<li>\n<p>Farbe:<\/p>\n<p><span>Vollfarbe<\/span><\/li>\n<li>\n<p>Mindestbestellmenge:<\/p>\n<p><span>20-Fu\u00df-Container<\/span><\/li>\n<li>\n<p>Typ: <\/p>\n<p> <span>Individuelles Hardcover-Notizbuch<\/span><\/li>\n<li>\n<p>Gr\u00f6\u00dfe: <\/p>\n<p> <span>17x22cm<\/span><\/li>\n<li>\n<p>Bindung: <\/p>\n<p> <span>Klebebindung<\/span><\/li>\n<li>\n<p>Seitenanzahl: <\/p>\n<p> <span>288 Seiten usw.<\/span><\/li>\n<li>\n<p>Innendruck: <\/p>\n<p> <span>Franz\u00f6sische Linie<\/span><\/li>\n<li>\n<p>Coverdruck: <\/p>\n<p> <span>Vollfarbe<\/span><\/li>\n<\/ul>","protected":false},"featured_media":11503,"comment_status":"open","ping_status":"closed","template":"","meta":[],"product_brand":[],"product_cat":[449],"product_tag":[463,458,462],"class_list":{"0":"post-11459","1":"product","2":"type-product","3":"status-publish","4":"has-post-thumbnail","6":"product_cat-hardcover-notebook","7":"product_tag-africa-hardcover-book","8":"product_tag-custom-hardcover-notebook","9":"product_tag-school-notebook","11":"first","12":"instock","13":"featured","14":"shipping-taxable","15":"product-type-simple"},"yoast_head":"<!-- This site is optimized with the Yoast SEO Premium plugin v23.9 (Yoast SEO v25.2) - https:\/\/yoast.com\/wordpress\/plugins\/seo\/ -->\n<title>Custom 288 Pages Hardcover Note Books - colorflyprinting<\/title>\n<meta name=\"robots\" content=\"index, follow, max-snippet:-1, max-image-preview:large, max-video-preview:-1\" \/>\n<link rel=\"canonical\" href=\"https:\/\/www.colorflyprinting.com\/de\/produkt\/individuelle-288-seiten-hardcover-notizbucher\/\" \/>\n<meta property=\"og:locale\" content=\"de_DE\" \/>\n<meta property=\"og:type\" content=\"article\" \/>\n<meta property=\"og:title\" content=\"Custom 288 Pages Hardcover Note Books\" \/>\n<meta property=\"og:description\" content=\"Africa market school 288pages hardcover notebook exercise book with french line                                   Product Origin:China                                                    Brand:Colorfly                                                   Item NO.:CY-1722288P02                                                   Shipping Port:wuhu,hefei, nanjing,shanghai                                                   Color:Fully Color                                                                                   MOQ:20 foot container                                                                                                                  Type: Custom hardcover notebook                                 Size: 17x22cm                                 Binding: Perfect binding                                 Number of pages: 288pages etc                                 Inner printing: French line                                 Cover printing: Full color\" \/>\n<meta property=\"og:url\" content=\"https:\/\/www.colorflyprinting.com\/de\/produkt\/individuelle-288-seiten-hardcover-notizbucher\/\" \/>\n<meta property=\"og:site_name\" content=\"colorflyprinting\" \/>\n<meta property=\"article:modified_time\" content=\"2025-09-02T05:03:45+00:00\" \/>\n<meta name=\"twitter:card\" content=\"summary_large_image\" \/>\n<meta name=\"twitter:label1\" content=\"Gesch\u00e4tzte Lesezeit\" \/>\n\t<meta name=\"twitter:data1\" content=\"1\u00a0Minute\" \/>\n<script type=\"application\/ld+json\" class=\"yoast-schema-graph\">{\"@context\":\"https:\/\/schema.org\",\"@graph\":[{\"@type\":\"WebPage\",\"@id\":\"https:\/\/www.colorflyprinting.com\/product\/custom-288-pages-hardcover-note-books\/\",\"url\":\"https:\/\/www.colorflyprinting.com\/product\/custom-288-pages-hardcover-note-books\/\",\"name\":\"Custom 288 Pages Hardcover Note Books - colorflyprinting\",\"isPartOf\":{\"@id\":\"https:\/\/www.colorflyprinting.com\/#website\"},\"primaryImageOfPage\":{\"@id\":\"https:\/\/www.colorflyprinting.com\/product\/custom-288-pages-hardcover-note-books\/#primaryimage\"},\"image\":{\"@id\":\"https:\/\/www.colorflyprinting.com\/product\/custom-288-pages-hardcover-note-books\/#primaryimage\"},\"thumbnailUrl\":\"https:\/\/www.colorflyprinting.com\/wp-content\/uploads\/2025\/04\/5727740011e49596868edc55ed2bf64c_medium-1.jpg\",\"datePublished\":\"2025-04-22T01:22:56+00:00\",\"dateModified\":\"2025-09-02T05:03:45+00:00\",\"breadcrumb\":{\"@id\":\"https:\/\/www.colorflyprinting.com\/product\/custom-288-pages-hardcover-note-books\/#breadcrumb\"},\"inLanguage\":\"de\",\"potentialAction\":[{\"@type\":\"ReadAction\",\"target\":[\"https:\/\/www.colorflyprinting.com\/product\/custom-288-pages-hardcover-note-books\/\"]}]},{\"@type\":\"ImageObject\",\"inLanguage\":\"de\",\"@id\":\"https:\/\/www.colorflyprinting.com\/product\/custom-288-pages-hardcover-note-books\/#primaryimage\",\"url\":\"https:\/\/www.colorflyprinting.com\/wp-content\/uploads\/2025\/04\/5727740011e49596868edc55ed2bf64c_medium-1.jpg\",\"contentUrl\":\"https:\/\/www.colorflyprinting.com\/wp-content\/uploads\/2025\/04\/5727740011e49596868edc55ed2bf64c_medium-1.jpg\",\"width\":550,\"height\":550},{\"@type\":\"BreadcrumbList\",\"@id\":\"https:\/\/www.colorflyprinting.com\/product\/custom-288-pages-hardcover-note-books\/#breadcrumb\",\"itemListElement\":[{\"@type\":\"ListItem\",\"position\":1,\"name\":\"Home\",\"item\":\"https:\/\/www.colorflyprinting.com\/\"},{\"@type\":\"ListItem\",\"position\":2,\"name\":\"Product\",\"item\":\"https:\/\/www.colorflyprinting.com\/shop\/\"},{\"@type\":\"ListItem\",\"position\":3,\"name\":\"Custom 288 Pages Hardcover Note Books\"}]},{\"@type\":\"WebSite\",\"@id\":\"https:\/\/www.colorflyprinting.com\/#website\",\"url\":\"https:\/\/www.colorflyprinting.com\/\",\"name\":\"Hefei Colorfly Stationery Co.,Ltd.\",\"description\":\"\",\"publisher\":{\"@id\":\"https:\/\/www.colorflyprinting.com\/#organization\"},\"potentialAction\":[{\"@type\":\"SearchAction\",\"target\":{\"@type\":\"EntryPoint\",\"urlTemplate\":\"https:\/\/www.colorflyprinting.com\/?s={search_term_string}\"},\"query-input\":{\"@type\":\"PropertyValueSpecification\",\"valueRequired\":true,\"valueName\":\"search_term_string\"}}],\"inLanguage\":\"de\"},{\"@type\":\"Organization\",\"@id\":\"https:\/\/www.colorflyprinting.com\/#organization\",\"name\":\"Hefei Colorfly Stationery Co.,Ltd.\",\"url\":\"https:\/\/www.colorflyprinting.com\/\",\"logo\":{\"@type\":\"ImageObject\",\"inLanguage\":\"de\",\"@id\":\"https:\/\/www.colorflyprinting.com\/#\/schema\/logo\/image\/\",\"url\":\"https:\/\/www.colorflyprinting.com\/wp-content\/uploads\/2025\/04\/d167665f943610681229e2f4307b9df.jpg\",\"contentUrl\":\"https:\/\/www.colorflyprinting.com\/wp-content\/uploads\/2025\/04\/d167665f943610681229e2f4307b9df.jpg\",\"width\":780,\"height\":780,\"caption\":\"Hefei Colorfly Stationery Co.,Ltd.\"},\"image\":{\"@id\":\"https:\/\/www.colorflyprinting.com\/#\/schema\/logo\/image\/\"}}]}<\/script>\n<!-- \/ Yoast SEO Premium plugin. -->","yoast_head_json":{"title":"Custom 288 Pages Hardcover Note Books - colorflyprinting","robots":{"index":"index","follow":"follow","max-snippet":"max-snippet:-1","max-image-preview":"max-image-preview:large","max-video-preview":"max-video-preview:-1"},"canonical":"https:\/\/www.colorflyprinting.com\/de\/produkt\/individuelle-288-seiten-hardcover-notizbucher\/","og_locale":"de_DE","og_type":"article","og_title":"Custom 288 Pages Hardcover Note Books","og_description":"Africa market school 288pages hardcover notebook exercise book with french line                                   Product Origin:China                                                    Brand:Colorfly                                                   Item NO.:CY-1722288P02                                                   Shipping Port:wuhu,hefei, nanjing,shanghai                                                   Color:Fully Color                                                                                   MOQ:20 foot container                                                                                                                  Type: Custom hardcover notebook                                 Size: 17x22cm                                 Binding: Perfect binding                                 Number of pages: 288pages etc                                 Inner printing: French line                                 Cover printing: Full color","og_url":"https:\/\/www.colorflyprinting.com\/de\/produkt\/individuelle-288-seiten-hardcover-notizbucher\/","og_site_name":"colorflyprinting","article_modified_time":"2025-09-02T05:03:45+00:00","twitter_card":"summary_large_image","twitter_misc":{"Gesch\u00e4tzte Lesezeit":"1\u00a0Minute"},"schema":{"@context":"https:\/\/schema.org","@graph":[{"@type":"WebPage","@id":"https:\/\/www.colorflyprinting.com\/product\/custom-288-pages-hardcover-note-books\/","url":"https:\/\/www.colorflyprinting.com\/product\/custom-288-pages-hardcover-note-books\/","name":"Custom 288 Pages Hardcover Note Books - colorflyprinting","isPartOf":{"@id":"https:\/\/www.colorflyprinting.com\/#website"},"primaryImageOfPage":{"@id":"https:\/\/www.colorflyprinting.com\/product\/custom-288-pages-hardcover-note-books\/#primaryimage"},"image":{"@id":"https:\/\/www.colorflyprinting.com\/product\/custom-288-pages-hardcover-note-books\/#primaryimage"},"thumbnailUrl":"https:\/\/www.colorflyprinting.com\/wp-content\/uploads\/2025\/04\/5727740011e49596868edc55ed2bf64c_medium-1.jpg","datePublished":"2025-04-22T01:22:56+00:00","dateModified":"2025-09-02T05:03:45+00:00","breadcrumb":{"@id":"https:\/\/www.colorflyprinting.com\/product\/custom-288-pages-hardcover-note-books\/#breadcrumb"},"inLanguage":"de","potentialAction":[{"@type":"ReadAction","target":["https:\/\/www.colorflyprinting.com\/product\/custom-288-pages-hardcover-note-books\/"]}]},{"@type":"ImageObject","inLanguage":"de","@id":"https:\/\/www.colorflyprinting.com\/product\/custom-288-pages-hardcover-note-books\/#primaryimage","url":"https:\/\/www.colorflyprinting.com\/wp-content\/uploads\/2025\/04\/5727740011e49596868edc55ed2bf64c_medium-1.jpg","contentUrl":"https:\/\/www.colorflyprinting.com\/wp-content\/uploads\/2025\/04\/5727740011e49596868edc55ed2bf64c_medium-1.jpg","width":550,"height":550},{"@type":"BreadcrumbList","@id":"https:\/\/www.colorflyprinting.com\/product\/custom-288-pages-hardcover-note-books\/#breadcrumb","itemListElement":[{"@type":"ListItem","position":1,"name":"Home","item":"https:\/\/www.colorflyprinting.com\/"},{"@type":"ListItem","position":2,"name":"Product","item":"https:\/\/www.colorflyprinting.com\/shop\/"},{"@type":"ListItem","position":3,"name":"Custom 288 Pages Hardcover Note Books"}]},{"@type":"WebSite","@id":"https:\/\/www.colorflyprinting.com\/#website","url":"https:\/\/www.colorflyprinting.com\/","name":"Hefei Colorfly Stationery Co.,Ltd.","description":"","publisher":{"@id":"https:\/\/www.colorflyprinting.com\/#organization"},"potentialAction":[{"@type":"SearchAction","target":{"@type":"EntryPoint","urlTemplate":"https:\/\/www.colorflyprinting.com\/?s={search_term_string}"},"query-input":{"@type":"PropertyValueSpecification","valueRequired":true,"valueName":"search_term_string"}}],"inLanguage":"de"},{"@type":"Organization","@id":"https:\/\/www.colorflyprinting.com\/#organization","name":"Hefei Colorfly Stationery Co.,Ltd.","url":"https:\/\/www.colorflyprinting.com\/","logo":{"@type":"ImageObject","inLanguage":"de","@id":"https:\/\/www.colorflyprinting.com\/#\/schema\/logo\/image\/","url":"https:\/\/www.colorflyprinting.com\/wp-content\/uploads\/2025\/04\/d167665f943610681229e2f4307b9df.jpg","contentUrl":"https:\/\/www.colorflyprinting.com\/wp-content\/uploads\/2025\/04\/d167665f943610681229e2f4307b9df.jpg","width":780,"height":780,"caption":"Hefei Colorfly Stationery Co.,Ltd."},"image":{"@id":"https:\/\/www.colorflyprinting.com\/#\/schema\/logo\/image\/"}}]}},"_links":{"self":[{"href":"https:\/\/www.colorflyprinting.com\/de\/wp-json\/wp\/v2\/product\/11459","targetHints":{"allow":["GET"]}}],"collection":[{"href":"https:\/\/www.colorflyprinting.com\/de\/wp-json\/wp\/v2\/product"}],"about":[{"href":"https:\/\/www.colorflyprinting.com\/de\/wp-json\/wp\/v2\/types\/product"}],"replies":[{"embeddable":true,"href":"https:\/\/www.colorflyprinting.com\/de\/wp-json\/wp\/v2\/comments?post=11459"}],"wp:featuredmedia":[{"embeddable":true,"href":"https:\/\/www.colorflyprinting.com\/de\/wp-json\/wp\/v2\/media\/11503"}],"wp:attachment":[{"href":"https:\/\/www.colorflyprinting.com\/de\/wp-json\/wp\/v2\/media?parent=11459"}],"wp:term":[{"taxonomy":"product_brand","embeddable":true,"href":"https:\/\/www.colorflyprinting.com\/de\/wp-json\/wp\/v2\/product_brand?post=11459"},{"taxonomy":"product_cat","embeddable":true,"href":"https:\/\/www.colorflyprinting.com\/de\/wp-json\/wp\/v2\/product_cat?post=11459"},{"taxonomy":"product_tag","embeddable":true,"href":"https:\/\/www.colorflyprinting.com\/de\/wp-json\/wp\/v2\/product_tag?post=11459"}],"curies":[{"name":"wp","href":"https:\/\/api.w.org\/{rel}","templated":true}]}}