{"id":11457,"date":"2025-04-22T01:22:56","date_gmt":"2025-04-22T01:22:56","guid":{"rendered":"https:\/\/www.colorflyprinting.com\/?post_type=product&#038;p=11457"},"modified":"2025-04-22T01:23:15","modified_gmt":"2025-04-22T01:23:15","slug":"factory-supplies-custom-hardcover-notebook","status":"publish","type":"product","link":"https:\/\/www.colorflyprinting.com\/de\/produkt\/fabrik-liefert-kundenspezifisches-hardcover-notizbuch\/","title":{"rendered":"Fabrik liefert kundenspezifisches Hardcover-Notizbuch"},"content":{"rendered":"<div class=\"text\">\n<p>\n\tHardcover-Notizbuch Register And Arrive Notizb\u00fccher\n<\/p>\n<p>\n\tArtikelbezeichnung: Hardcover-Notizbuch\n<\/p>\n<p>\n\tEinband: Hardcover\n<\/p>\n<p>\n\tGr\u00f6\u00dfe: A4-Gr\u00f6\u00dfe oder benutzerdefiniert\n<\/p>\n<p>\n\tBindung: Klebebindung (Fadenbindung + Klebebindung)\n<\/p>\n<p>\n\tSeiten: Benutzerdefiniert nach Wunsch\n<\/p>\n<p>\n\tInnenpapierdruck: Individuelle Innenausstattung\n<\/p>\n<p>\n\tMOQ: 20-Fu\u00df-Container, gemischte Artikelbestellung m\u00f6glich\n<\/p>\n<p>\n\tHinweis: Alle oben genannten Spezifikationen k\u00f6nnen individuell angepasst werden. Wenn wir mit Ihnen zusammenarbeiten, k\u00f6nnen Sie unseren individuellen Service in Anspruch nehmen.\n<\/p>\n<p>\n\t\n<\/p>\n<p>\n\t<img decoding=\"async\" src=\"\/js\/htmledit\/kindeditor\/attached\/20200806\/20200806160055_84649.jpg\" alt=\"\">\n<\/p>\n<p>\n\tFirmenausstellung:\n<\/p>\n<p>\n\t<img decoding=\"async\" src=\"\/js\/htmledit\/kindeditor\/attached\/20200806\/20200806171628_73747.jpg\" alt=\"\">\n<\/p>\n<p>\n\tH\u00e4ufig gestellte Fragen\n<\/p>\n<p>\n\tF1. Sind Sie eine Fabrik oder ein Handelsunternehmen?\n<\/p>\n<div>\n\tWir sind eine Fabrik und sind seit 7 Jahren in dieser Branche t\u00e4tig\n<\/div>\n<div>\n\t\n<\/div>\n<div>\n\tQ2. K\u00f6nnen Sie das Cover f\u00fcr uns entwerfen?\n<\/div>\n<div>\n\tJa, wir haben eine professionelle Designabteilung mit umfangreicher Erfahrung auf dem \u00dcberseemarkt.\n<\/div>\n<div>\n\tViele Cover-Design-Optionen k\u00f6nnten als Referenz f\u00fcr den Kunden angeboten werden\n<\/div>\n<p>\n\t\n<\/p>\n<p>\n\tF3.Wie steht es um Ihre Produktionskapazit\u00e4t?\n<\/p>\n<p>\n\tSechs vollautomatische Produktionslinien senken die Kosten und steigern die Produktivit\u00e4t. Wir bedienen sowohl den Inlandsmarkt als auch den Auslandsmarkt.\n<\/p>\n<p>\n\t\n<\/p>\n<div>\n\tF4. Was ist Ihr regul\u00e4res Paket?<br \/>\nEine bestimmte St\u00fcckzahl wird in Schrumpfbeutel verpackt und dann in unseren Karton gelegt.<\/p>\n<p>Q5. Wie k\u00f6nnen wir die Qualit\u00e4t und die Richtigkeit des Designs best\u00e4tigen, bevor wir eine Bestellung aufgeben?<br \/>\nKostenlose Muster k\u00f6nnen zur Qualit\u00e4tspr\u00fcfung gesendet werden. Die Versandkosten tr\u00e4gt der K\u00e4ufer.<\/p>\n<p>F6. Wie sollen wir Sie bezahlen?<br \/>\nWir akzeptieren T\/T, L\/C oder Western Union.<\/p>\n<p>F7. Welcher ist Ihr Verschiffungshafen in China?<br \/>\nWir nutzen normalerweise den Hafen von Wuhu. Andere H\u00e4fen wie Shanghai, Nanjing, Hefei und Qingdao sind je nach Kundennachfrage ebenfalls verf\u00fcgbar.\n<\/div>\n<p>\n\t\n<\/p>\n<p>\n\t\n<\/p>\n<p>\n\t\n<\/p>\n<p>\n\t\n<\/p>\n<\/p><\/div>","protected":false},"excerpt":{"rendered":"<p>G\u00fcnstige Fabrik produziert A4 Hardcover-Notizbuch benutzerdefinierte Registerbuch, kommen Buch mit gr\u00fcn, rot Farbe<\/p>\n<ul class=\"ptab-list clearfix\">\n<li>\n<p>Produktherkunft:<\/p>\n<p><span>China<\/span><\/li>\n<li>\n<p>Marke:<\/p>\n<p><span>Farbfliege<\/span><\/li>\n<li>\n<p>Artikelnummer:<\/p>\n<p><span>CY-A402<\/span><\/li>\n<li>\n<p>Hafen:<\/p>\n<p><span>Wuhu, Hefei, Nanjing, Shanghai<\/span><\/li>\n<li>\n<p>Farbe:<\/p>\n<p><span>Vollfarbe<\/span><\/li>\n<li>\n<p>Mindestbestellmenge:<\/p>\n<p><span>20-Fu\u00df-Container<\/span><\/li>\n<li>\n<p>Typ: <\/p>\n<p> <span>Notizbuch aufzeichnen<\/span><\/li>\n<li>\n<p>Gr\u00f6\u00dfe: <\/p>\n<p> <span>21 x 29,7 cm<\/span><\/li>\n<li>\n<p>Bindung: <\/p>\n<p> <span>Klebebindung<\/span><\/li>\n<li>\n<p>Seitenanzahl: <\/p>\n<p> <span>200 Seiten usw.<\/span><\/li>\n<li>\n<p>Innendruck: <\/p>\n<p> <span>Einzelne Zeile<\/span><\/li>\n<li>\n<p>Coverdruck: <\/p>\n<p> <span>Vollfarbe<\/span><\/li>\n<\/ul>","protected":false},"featured_media":11501,"comment_status":"open","ping_status":"closed","template":"","meta":[],"product_brand":[],"product_cat":[449],"product_tag":[457,458,456],"class_list":{"0":"post-11457","1":"product","2":"type-product","3":"status-publish","4":"has-post-thumbnail","6":"product_cat-hardcover-notebook","7":"product_tag-arrive-notebook","8":"product_tag-custom-hardcover-notebook","9":"product_tag-register-notebook","11":"first","12":"instock","13":"shipping-taxable","14":"product-type-simple"},"yoast_head":"<!-- This site is optimized with the Yoast SEO Premium plugin v23.9 (Yoast SEO v25.2) - https:\/\/yoast.com\/wordpress\/plugins\/seo\/ -->\n<title>Factory Supplies Custom Hardcover Notebook - colorflyprinting<\/title>\n<meta name=\"robots\" content=\"index, follow, max-snippet:-1, max-image-preview:large, max-video-preview:-1\" \/>\n<link rel=\"canonical\" href=\"https:\/\/www.colorflyprinting.com\/de\/produkt\/fabrik-liefert-kundenspezifisches-hardcover-notizbuch\/\" \/>\n<meta property=\"og:locale\" content=\"de_DE\" \/>\n<meta property=\"og:type\" content=\"article\" \/>\n<meta property=\"og:title\" content=\"Factory Supplies Custom Hardcover Notebook\" \/>\n<meta property=\"og:description\" content=\"Cheap factory produing A4 hardcover notebook custom register book, arrive book with green, red color                                   Product Origin:China                                                    Brand:Colorfly                                                   Item NO.:CY-A402                                                   Shipping Port:wuhu,hefei, nanjing,shanghai                                                   Color:Fully Color                                                                                   MOQ:20 foot container                                                                                                                  Type: Record notebook                                 Size: 21X29.7cm                                 Binding: Perfect binding                                 Number of pages: 200pages etc                                 Inner printing: Single line                                 Cover printing: Full color\" \/>\n<meta property=\"og:url\" content=\"https:\/\/www.colorflyprinting.com\/de\/produkt\/fabrik-liefert-kundenspezifisches-hardcover-notizbuch\/\" \/>\n<meta property=\"og:site_name\" content=\"colorflyprinting\" \/>\n<meta property=\"article:modified_time\" content=\"2025-04-22T01:23:15+00:00\" \/>\n<meta name=\"twitter:card\" content=\"summary_large_image\" \/>\n<meta name=\"twitter:label1\" content=\"Gesch\u00e4tzte Lesezeit\" \/>\n\t<meta name=\"twitter:data1\" content=\"1\u00a0Minute\" \/>\n<script type=\"application\/ld+json\" class=\"yoast-schema-graph\">{\"@context\":\"https:\/\/schema.org\",\"@graph\":[{\"@type\":\"WebPage\",\"@id\":\"https:\/\/www.colorflyprinting.com\/product\/factory-supplies-custom-hardcover-notebook\/\",\"url\":\"https:\/\/www.colorflyprinting.com\/product\/factory-supplies-custom-hardcover-notebook\/\",\"name\":\"Factory Supplies Custom Hardcover Notebook - colorflyprinting\",\"isPartOf\":{\"@id\":\"https:\/\/www.colorflyprinting.com\/#website\"},\"primaryImageOfPage\":{\"@id\":\"https:\/\/www.colorflyprinting.com\/product\/factory-supplies-custom-hardcover-notebook\/#primaryimage\"},\"image\":{\"@id\":\"https:\/\/www.colorflyprinting.com\/product\/factory-supplies-custom-hardcover-notebook\/#primaryimage\"},\"thumbnailUrl\":\"https:\/\/www.colorflyprinting.com\/wp-content\/uploads\/2025\/04\/840df18dcdc3677fb2d38d3d54d82da4_medium-1.jpg\",\"datePublished\":\"2025-04-22T01:22:56+00:00\",\"dateModified\":\"2025-04-22T01:23:15+00:00\",\"breadcrumb\":{\"@id\":\"https:\/\/www.colorflyprinting.com\/product\/factory-supplies-custom-hardcover-notebook\/#breadcrumb\"},\"inLanguage\":\"de\",\"potentialAction\":[{\"@type\":\"ReadAction\",\"target\":[\"https:\/\/www.colorflyprinting.com\/product\/factory-supplies-custom-hardcover-notebook\/\"]}]},{\"@type\":\"ImageObject\",\"inLanguage\":\"de\",\"@id\":\"https:\/\/www.colorflyprinting.com\/product\/factory-supplies-custom-hardcover-notebook\/#primaryimage\",\"url\":\"https:\/\/www.colorflyprinting.com\/wp-content\/uploads\/2025\/04\/840df18dcdc3677fb2d38d3d54d82da4_medium-1.jpg\",\"contentUrl\":\"https:\/\/www.colorflyprinting.com\/wp-content\/uploads\/2025\/04\/840df18dcdc3677fb2d38d3d54d82da4_medium-1.jpg\",\"width\":550,\"height\":550},{\"@type\":\"BreadcrumbList\",\"@id\":\"https:\/\/www.colorflyprinting.com\/product\/factory-supplies-custom-hardcover-notebook\/#breadcrumb\",\"itemListElement\":[{\"@type\":\"ListItem\",\"position\":1,\"name\":\"Home\",\"item\":\"https:\/\/www.colorflyprinting.com\/\"},{\"@type\":\"ListItem\",\"position\":2,\"name\":\"Product\",\"item\":\"https:\/\/www.colorflyprinting.com\/shop\/\"},{\"@type\":\"ListItem\",\"position\":3,\"name\":\"Factory Supplies Custom Hardcover Notebook\"}]},{\"@type\":\"WebSite\",\"@id\":\"https:\/\/www.colorflyprinting.com\/#website\",\"url\":\"https:\/\/www.colorflyprinting.com\/\",\"name\":\"Hefei Colorfly Stationery Co.,Ltd.\",\"description\":\"\",\"publisher\":{\"@id\":\"https:\/\/www.colorflyprinting.com\/#organization\"},\"potentialAction\":[{\"@type\":\"SearchAction\",\"target\":{\"@type\":\"EntryPoint\",\"urlTemplate\":\"https:\/\/www.colorflyprinting.com\/?s={search_term_string}\"},\"query-input\":{\"@type\":\"PropertyValueSpecification\",\"valueRequired\":true,\"valueName\":\"search_term_string\"}}],\"inLanguage\":\"de\"},{\"@type\":\"Organization\",\"@id\":\"https:\/\/www.colorflyprinting.com\/#organization\",\"name\":\"Hefei Colorfly Stationery Co.,Ltd.\",\"url\":\"https:\/\/www.colorflyprinting.com\/\",\"logo\":{\"@type\":\"ImageObject\",\"inLanguage\":\"de\",\"@id\":\"https:\/\/www.colorflyprinting.com\/#\/schema\/logo\/image\/\",\"url\":\"https:\/\/www.colorflyprinting.com\/wp-content\/uploads\/2025\/04\/d167665f943610681229e2f4307b9df.jpg\",\"contentUrl\":\"https:\/\/www.colorflyprinting.com\/wp-content\/uploads\/2025\/04\/d167665f943610681229e2f4307b9df.jpg\",\"width\":780,\"height\":780,\"caption\":\"Hefei Colorfly Stationery Co.,Ltd.\"},\"image\":{\"@id\":\"https:\/\/www.colorflyprinting.com\/#\/schema\/logo\/image\/\"}}]}<\/script>\n<!-- \/ Yoast SEO Premium plugin. -->","yoast_head_json":{"title":"Factory Supplies Custom Hardcover Notebook - colorflyprinting","robots":{"index":"index","follow":"follow","max-snippet":"max-snippet:-1","max-image-preview":"max-image-preview:large","max-video-preview":"max-video-preview:-1"},"canonical":"https:\/\/www.colorflyprinting.com\/de\/produkt\/fabrik-liefert-kundenspezifisches-hardcover-notizbuch\/","og_locale":"de_DE","og_type":"article","og_title":"Factory Supplies Custom Hardcover Notebook","og_description":"Cheap factory produing A4 hardcover notebook custom register book, arrive book with green, red color                                   Product Origin:China                                                    Brand:Colorfly                                                   Item NO.:CY-A402                                                   Shipping Port:wuhu,hefei, nanjing,shanghai                                                   Color:Fully Color                                                                                   MOQ:20 foot container                                                                                                                  Type: Record notebook                                 Size: 21X29.7cm                                 Binding: Perfect binding                                 Number of pages: 200pages etc                                 Inner printing: Single line                                 Cover printing: Full color","og_url":"https:\/\/www.colorflyprinting.com\/de\/produkt\/fabrik-liefert-kundenspezifisches-hardcover-notizbuch\/","og_site_name":"colorflyprinting","article_modified_time":"2025-04-22T01:23:15+00:00","twitter_card":"summary_large_image","twitter_misc":{"Gesch\u00e4tzte Lesezeit":"1\u00a0Minute"},"schema":{"@context":"https:\/\/schema.org","@graph":[{"@type":"WebPage","@id":"https:\/\/www.colorflyprinting.com\/product\/factory-supplies-custom-hardcover-notebook\/","url":"https:\/\/www.colorflyprinting.com\/product\/factory-supplies-custom-hardcover-notebook\/","name":"Factory Supplies Custom Hardcover Notebook - colorflyprinting","isPartOf":{"@id":"https:\/\/www.colorflyprinting.com\/#website"},"primaryImageOfPage":{"@id":"https:\/\/www.colorflyprinting.com\/product\/factory-supplies-custom-hardcover-notebook\/#primaryimage"},"image":{"@id":"https:\/\/www.colorflyprinting.com\/product\/factory-supplies-custom-hardcover-notebook\/#primaryimage"},"thumbnailUrl":"https:\/\/www.colorflyprinting.com\/wp-content\/uploads\/2025\/04\/840df18dcdc3677fb2d38d3d54d82da4_medium-1.jpg","datePublished":"2025-04-22T01:22:56+00:00","dateModified":"2025-04-22T01:23:15+00:00","breadcrumb":{"@id":"https:\/\/www.colorflyprinting.com\/product\/factory-supplies-custom-hardcover-notebook\/#breadcrumb"},"inLanguage":"de","potentialAction":[{"@type":"ReadAction","target":["https:\/\/www.colorflyprinting.com\/product\/factory-supplies-custom-hardcover-notebook\/"]}]},{"@type":"ImageObject","inLanguage":"de","@id":"https:\/\/www.colorflyprinting.com\/product\/factory-supplies-custom-hardcover-notebook\/#primaryimage","url":"https:\/\/www.colorflyprinting.com\/wp-content\/uploads\/2025\/04\/840df18dcdc3677fb2d38d3d54d82da4_medium-1.jpg","contentUrl":"https:\/\/www.colorflyprinting.com\/wp-content\/uploads\/2025\/04\/840df18dcdc3677fb2d38d3d54d82da4_medium-1.jpg","width":550,"height":550},{"@type":"BreadcrumbList","@id":"https:\/\/www.colorflyprinting.com\/product\/factory-supplies-custom-hardcover-notebook\/#breadcrumb","itemListElement":[{"@type":"ListItem","position":1,"name":"Home","item":"https:\/\/www.colorflyprinting.com\/"},{"@type":"ListItem","position":2,"name":"Product","item":"https:\/\/www.colorflyprinting.com\/shop\/"},{"@type":"ListItem","position":3,"name":"Factory Supplies Custom Hardcover Notebook"}]},{"@type":"WebSite","@id":"https:\/\/www.colorflyprinting.com\/#website","url":"https:\/\/www.colorflyprinting.com\/","name":"Hefei Colorfly Stationery Co.,Ltd.","description":"","publisher":{"@id":"https:\/\/www.colorflyprinting.com\/#organization"},"potentialAction":[{"@type":"SearchAction","target":{"@type":"EntryPoint","urlTemplate":"https:\/\/www.colorflyprinting.com\/?s={search_term_string}"},"query-input":{"@type":"PropertyValueSpecification","valueRequired":true,"valueName":"search_term_string"}}],"inLanguage":"de"},{"@type":"Organization","@id":"https:\/\/www.colorflyprinting.com\/#organization","name":"Hefei Colorfly Stationery Co.,Ltd.","url":"https:\/\/www.colorflyprinting.com\/","logo":{"@type":"ImageObject","inLanguage":"de","@id":"https:\/\/www.colorflyprinting.com\/#\/schema\/logo\/image\/","url":"https:\/\/www.colorflyprinting.com\/wp-content\/uploads\/2025\/04\/d167665f943610681229e2f4307b9df.jpg","contentUrl":"https:\/\/www.colorflyprinting.com\/wp-content\/uploads\/2025\/04\/d167665f943610681229e2f4307b9df.jpg","width":780,"height":780,"caption":"Hefei Colorfly Stationery Co.,Ltd."},"image":{"@id":"https:\/\/www.colorflyprinting.com\/#\/schema\/logo\/image\/"}}]}},"_links":{"self":[{"href":"https:\/\/www.colorflyprinting.com\/de\/wp-json\/wp\/v2\/product\/11457","targetHints":{"allow":["GET"]}}],"collection":[{"href":"https:\/\/www.colorflyprinting.com\/de\/wp-json\/wp\/v2\/product"}],"about":[{"href":"https:\/\/www.colorflyprinting.com\/de\/wp-json\/wp\/v2\/types\/product"}],"replies":[{"embeddable":true,"href":"https:\/\/www.colorflyprinting.com\/de\/wp-json\/wp\/v2\/comments?post=11457"}],"wp:featuredmedia":[{"embeddable":true,"href":"https:\/\/www.colorflyprinting.com\/de\/wp-json\/wp\/v2\/media\/11501"}],"wp:attachment":[{"href":"https:\/\/www.colorflyprinting.com\/de\/wp-json\/wp\/v2\/media?parent=11457"}],"wp:term":[{"taxonomy":"product_brand","embeddable":true,"href":"https:\/\/www.colorflyprinting.com\/de\/wp-json\/wp\/v2\/product_brand?post=11457"},{"taxonomy":"product_cat","embeddable":true,"href":"https:\/\/www.colorflyprinting.com\/de\/wp-json\/wp\/v2\/product_cat?post=11457"},{"taxonomy":"product_tag","embeddable":true,"href":"https:\/\/www.colorflyprinting.com\/de\/wp-json\/wp\/v2\/product_tag?post=11457"}],"curies":[{"name":"wp","href":"https:\/\/api.w.org\/{rel}","templated":true}]}}