{"id":11456,"date":"2025-04-22T01:22:55","date_gmt":"2025-04-22T01:22:55","guid":{"rendered":"https:\/\/www.colorflyprinting.com\/?post_type=product&#038;p=11456"},"modified":"2025-04-22T01:23:14","modified_gmt":"2025-04-22T01:23:14","slug":"cheap-custom-hardcover-long-size-notebooks","status":"publish","type":"product","link":"https:\/\/www.colorflyprinting.com\/de\/produkt\/gunstige-individuell-gestaltete-hardcover-notizbucher-im-grosformat\/","title":{"rendered":"G\u00fcnstige, individuell gestaltete Hardcover-Notizb\u00fccher im Langformat"},"content":{"rendered":"<div class=\"text\">\n<p>\n\t<b>Hochwertiges Hardcover-Notizbuch im Gro\u00dfhandel, lange Notizb\u00fccher<\/b>\n<\/p>\n<p>\n\tArtikelbezeichnung: Hardcover-Notizb\u00fccher\n<\/p>\n<p>\n\tEinband: Doppelte Graupappe + Leder&nbsp;\n<\/p>\n<p>\n\tGr\u00f6\u00dfe: 21x32cm\n<\/p>\n<p>\n\tBindung: Klebebindung\n<\/p>\n<p>\n\tSeiten: Benutzerdefinierte Seiten und Bl\u00e4tter\n<\/p>\n<p>\n\tInnenpapierdruck: Einzelzeile oder benutzerdefiniert&nbsp;\n<\/p>\n<p>\n\tMindestbestellmenge: 20 Fu\u00df Container, gemischte Artikel verf\u00fcgbar\n<\/p>\n<p>\n\tHinweis: Alle oben genannten Spezifikationen k\u00f6nnen individuell angepasst werden. Wenn wir mit Ihnen zusammenarbeiten, k\u00f6nnen Sie unseren individuellen Service in Anspruch nehmen.\n<\/p>\n<p>\n\t\n<\/p>\n<p>\n\t<img decoding=\"async\" src=\"\/js\/htmledit\/kindeditor\/attached\/20200806\/20200806160055_84649.jpg\" alt=\"\">\n<\/p>\n<p>\n\t<strong>Firmenausstellung:<\/strong>\n<\/p>\n<p>\n\t<img decoding=\"async\" src=\"\/js\/htmledit\/kindeditor\/attached\/20200806\/20200806171628_73747.jpg\" alt=\"\">\n<\/p>\n<p>\n\t<strong>H\u00e4ufig gestellte Fragen<\/strong>\n<\/p>\n<p>\n\t<span style=\"background-color:#8AC4B6;\"><strong>1. \u00dcber den Preis:<\/strong><\/span>\n<\/p>\n<p>\n\tDer Preis ist verhandelbar. Er kann je nach Menge oder Paket ge\u00e4ndert werden.<br \/>\nBitte teilen Sie uns bei Ihrer Anfrage die gew\u00fcnschte Menge mit.\n<\/p>\n<p>\n\t<strong><span style=\"background-color:#8ac4b6;\">2. \u00dcber die Probe:<\/span><\/strong>\n<\/p>\n<p>\n\tF\u00fcr Standardprodukte, die wir t\u00e4glich herstellen, ist das Muster kostenlos, aber die Luftfracht wird abgeholt oder Sie bezahlen uns das Porto im Voraus. Bitte haben Sie daf\u00fcr Verst\u00e4ndnis. F\u00fcr die Herstellung neuer Muster fallen Geb\u00fchren an. Lassen Sie uns das bitte n\u00e4her besprechen.\n<\/p>\n<p>\n\t<span style=\"background-color:#8AC4B6;\"><strong>3. \u00dcber MOQ:<\/strong><\/span>\n<\/p>\n<p>\n\tWenn wir das Produkt vollst\u00e4ndig auf Lager haben, ist die Mindestbestellmenge gering. Andernfalls betr\u00e4gt die Mindestbestellmenge 5.000\/10.000\/20.000 St\u00fcck usw. Auch gemischte Artikel passen in einen 20-Fu\u00df-Container. Dies h\u00e4ngt von der Art des Produkts ab und ist verhandelbar. Wir m\u00f6chten Ihr Problem so gut wie m\u00f6glich l\u00f6sen.\n<\/p>\n<p>\n\t<span style=\"background-color:#8ac4b6;\"><strong>4. \u00dcber OEM:<\/strong><\/span>\n<\/p>\n<p>\n\tWir besitzen eine Fabrik in China und helfen gerne bei der Gestaltung des Produktlogos und des Barcodes, solange die Bestellmenge der Mindestbestellmenge entspricht.\n<\/p>\n<p>\n\t<strong><span style=\"background-color:#8ac4b6;\">5. \u00dcber das Paket:<\/span><\/strong>\n<\/p>\n<p>\n\tDie meisten unserer Produkte werden in einer Standardverpackung hergestellt, die auf unseren Erfahrungen auf dem Markt basiert. Wir ber\u00fccksichtigen jedoch stets die Bed\u00fcrfnisse unserer Kunden und bieten n\u00fctzliche Empfehlungen als Referenz.\n<\/p>\n<p>\n\tKontakt: Julia (WhatsApp\/WeChat: +8615375330941)\n<\/p>\n<p>\n\tWeitere Informationen senden Sie bitte per E-Mail an: sale08@colorflyprinting.com\n<\/p>\n<p>\n\t\n<\/p>\n<\/p><\/div>","protected":false},"excerpt":{"rendered":"<p>Fabrikgefertigte Hardcover-Notizb\u00fccher im Format 21 x 33 cm mit individuellem Design<\/p>\n<ul class=\"ptab-list clearfix\">\n<li>\n<p>Produktherkunft:<\/p>\n<p><span>China<\/span><\/li>\n<li>\n<p>Marke:<\/p>\n<p><span>Farbfliege<\/span><\/li>\n<li>\n<p>Artikelnummer:<\/p>\n<p><span>CY-2133HARDNOTE01<\/span><\/li>\n<li>\n<p>Hafen:<\/p>\n<p><span>Wuhu, Hefei, Nanjing, Shanghai<\/span><\/li>\n<li>\n<p>Farbe:<\/p>\n<p><span>Vollfarbe<\/span><\/li>\n<li>\n<p>Mindestbestellmenge:<\/p>\n<p><span>20-Fu\u00df-Container<\/span><\/li>\n<li>\n<p>Typ: <\/p>\n<p> <span>Individuelles Hardcover-\u00dcbungsheft<\/span><\/li>\n<li>\n<p>Gr\u00f6\u00dfe: <\/p>\n<p> <span>21x33cm<\/span><\/li>\n<li>\n<p>Bindung: <\/p>\n<p> <span>Klebebindung<\/span><\/li>\n<li>\n<p>Seitenanzahl: <\/p>\n<p> <span>Ma\u00dfgeschneidert<\/span><\/li>\n<li>\n<p>Innendruck: <\/p>\n<p> <span>Einzeilig \/ kundenspezifisch<\/span><\/li>\n<li>\n<p>Coverdruck: <\/p>\n<p> <span>Vollfarbe<\/span><\/li>\n<\/ul>","protected":false},"featured_media":11500,"comment_status":"open","ping_status":"closed","template":"","meta":[],"product_brand":[],"product_cat":[449],"product_tag":[455,453,454],"class_list":{"0":"post-11456","1":"product","2":"type-product","3":"status-publish","4":"has-post-thumbnail","6":"product_cat-hardcover-notebook","7":"product_tag-long-size-notebook","8":"product_tag-manuscript-notebook","9":"product_tag-wholesale-hardcover-notebooks","11":"first","12":"instock","13":"shipping-taxable","14":"product-type-simple"},"yoast_head":"<!-- This site is optimized with the Yoast SEO Premium plugin v23.9 (Yoast SEO v25.2) - https:\/\/yoast.com\/wordpress\/plugins\/seo\/ -->\n<title>Cheap Custom Hardcover Long Size Notebooks - colorflyprinting<\/title>\n<meta name=\"robots\" content=\"index, follow, max-snippet:-1, max-image-preview:large, max-video-preview:-1\" \/>\n<link rel=\"canonical\" href=\"https:\/\/www.colorflyprinting.com\/de\/produkt\/gunstige-individuell-gestaltete-hardcover-notizbucher-im-grosformat\/\" \/>\n<meta property=\"og:locale\" content=\"de_DE\" \/>\n<meta property=\"og:type\" content=\"article\" \/>\n<meta property=\"og:title\" content=\"Cheap Custom Hardcover Long Size Notebooks\" \/>\n<meta property=\"og:description\" content=\"Factory manufacture 21x33cm hardcover notebooks with customized design                                   Product Origin:China                                                    Brand:Colorfly                                                   Item NO.:CY-2133HARDNOTE01                                                   Shipping Port:wuhu,hefei, nanjing,shanghai                                                   Color:Fully Color                                                                                   MOQ:20 foot container                                                                                                                  Type: Custom hardcover exercise book                                 Size: 21x33cm                                 Binding: Perfect binding                                 Number of pages: Customised                                 Inner printing: Single line \/customised                                 Cover printing: Full color\" \/>\n<meta property=\"og:url\" content=\"https:\/\/www.colorflyprinting.com\/de\/produkt\/gunstige-individuell-gestaltete-hardcover-notizbucher-im-grosformat\/\" \/>\n<meta property=\"og:site_name\" content=\"colorflyprinting\" \/>\n<meta property=\"article:modified_time\" content=\"2025-04-22T01:23:14+00:00\" \/>\n<meta name=\"twitter:card\" content=\"summary_large_image\" \/>\n<meta name=\"twitter:label1\" content=\"Gesch\u00e4tzte Lesezeit\" \/>\n\t<meta name=\"twitter:data1\" content=\"1\u00a0Minute\" \/>\n<script type=\"application\/ld+json\" class=\"yoast-schema-graph\">{\"@context\":\"https:\/\/schema.org\",\"@graph\":[{\"@type\":\"WebPage\",\"@id\":\"https:\/\/www.colorflyprinting.com\/product\/cheap-custom-hardcover-long-size-notebooks\/\",\"url\":\"https:\/\/www.colorflyprinting.com\/product\/cheap-custom-hardcover-long-size-notebooks\/\",\"name\":\"Cheap Custom Hardcover Long Size Notebooks - colorflyprinting\",\"isPartOf\":{\"@id\":\"https:\/\/www.colorflyprinting.com\/#website\"},\"primaryImageOfPage\":{\"@id\":\"https:\/\/www.colorflyprinting.com\/product\/cheap-custom-hardcover-long-size-notebooks\/#primaryimage\"},\"image\":{\"@id\":\"https:\/\/www.colorflyprinting.com\/product\/cheap-custom-hardcover-long-size-notebooks\/#primaryimage\"},\"thumbnailUrl\":\"https:\/\/www.colorflyprinting.com\/wp-content\/uploads\/2025\/04\/5aeaed7ce86ffcf6029186b9807de5be_medium-1.jpg\",\"datePublished\":\"2025-04-22T01:22:55+00:00\",\"dateModified\":\"2025-04-22T01:23:14+00:00\",\"breadcrumb\":{\"@id\":\"https:\/\/www.colorflyprinting.com\/product\/cheap-custom-hardcover-long-size-notebooks\/#breadcrumb\"},\"inLanguage\":\"de\",\"potentialAction\":[{\"@type\":\"ReadAction\",\"target\":[\"https:\/\/www.colorflyprinting.com\/product\/cheap-custom-hardcover-long-size-notebooks\/\"]}]},{\"@type\":\"ImageObject\",\"inLanguage\":\"de\",\"@id\":\"https:\/\/www.colorflyprinting.com\/product\/cheap-custom-hardcover-long-size-notebooks\/#primaryimage\",\"url\":\"https:\/\/www.colorflyprinting.com\/wp-content\/uploads\/2025\/04\/5aeaed7ce86ffcf6029186b9807de5be_medium-1.jpg\",\"contentUrl\":\"https:\/\/www.colorflyprinting.com\/wp-content\/uploads\/2025\/04\/5aeaed7ce86ffcf6029186b9807de5be_medium-1.jpg\",\"width\":550,\"height\":550},{\"@type\":\"BreadcrumbList\",\"@id\":\"https:\/\/www.colorflyprinting.com\/product\/cheap-custom-hardcover-long-size-notebooks\/#breadcrumb\",\"itemListElement\":[{\"@type\":\"ListItem\",\"position\":1,\"name\":\"Home\",\"item\":\"https:\/\/www.colorflyprinting.com\/\"},{\"@type\":\"ListItem\",\"position\":2,\"name\":\"Product\",\"item\":\"https:\/\/www.colorflyprinting.com\/shop\/\"},{\"@type\":\"ListItem\",\"position\":3,\"name\":\"Cheap Custom Hardcover Long Size Notebooks\"}]},{\"@type\":\"WebSite\",\"@id\":\"https:\/\/www.colorflyprinting.com\/#website\",\"url\":\"https:\/\/www.colorflyprinting.com\/\",\"name\":\"Hefei Colorfly Stationery Co.,Ltd.\",\"description\":\"\",\"publisher\":{\"@id\":\"https:\/\/www.colorflyprinting.com\/#organization\"},\"potentialAction\":[{\"@type\":\"SearchAction\",\"target\":{\"@type\":\"EntryPoint\",\"urlTemplate\":\"https:\/\/www.colorflyprinting.com\/?s={search_term_string}\"},\"query-input\":{\"@type\":\"PropertyValueSpecification\",\"valueRequired\":true,\"valueName\":\"search_term_string\"}}],\"inLanguage\":\"de\"},{\"@type\":\"Organization\",\"@id\":\"https:\/\/www.colorflyprinting.com\/#organization\",\"name\":\"Hefei Colorfly Stationery Co.,Ltd.\",\"url\":\"https:\/\/www.colorflyprinting.com\/\",\"logo\":{\"@type\":\"ImageObject\",\"inLanguage\":\"de\",\"@id\":\"https:\/\/www.colorflyprinting.com\/#\/schema\/logo\/image\/\",\"url\":\"https:\/\/www.colorflyprinting.com\/wp-content\/uploads\/2025\/04\/d167665f943610681229e2f4307b9df.jpg\",\"contentUrl\":\"https:\/\/www.colorflyprinting.com\/wp-content\/uploads\/2025\/04\/d167665f943610681229e2f4307b9df.jpg\",\"width\":780,\"height\":780,\"caption\":\"Hefei Colorfly Stationery Co.,Ltd.\"},\"image\":{\"@id\":\"https:\/\/www.colorflyprinting.com\/#\/schema\/logo\/image\/\"}}]}<\/script>\n<!-- \/ Yoast SEO Premium plugin. -->","yoast_head_json":{"title":"Cheap Custom Hardcover Long Size Notebooks - colorflyprinting","robots":{"index":"index","follow":"follow","max-snippet":"max-snippet:-1","max-image-preview":"max-image-preview:large","max-video-preview":"max-video-preview:-1"},"canonical":"https:\/\/www.colorflyprinting.com\/de\/produkt\/gunstige-individuell-gestaltete-hardcover-notizbucher-im-grosformat\/","og_locale":"de_DE","og_type":"article","og_title":"Cheap Custom Hardcover Long Size Notebooks","og_description":"Factory manufacture 21x33cm hardcover notebooks with customized design                                   Product Origin:China                                                    Brand:Colorfly                                                   Item NO.:CY-2133HARDNOTE01                                                   Shipping Port:wuhu,hefei, nanjing,shanghai                                                   Color:Fully Color                                                                                   MOQ:20 foot container                                                                                                                  Type: Custom hardcover exercise book                                 Size: 21x33cm                                 Binding: Perfect binding                                 Number of pages: Customised                                 Inner printing: Single line \/customised                                 Cover printing: Full color","og_url":"https:\/\/www.colorflyprinting.com\/de\/produkt\/gunstige-individuell-gestaltete-hardcover-notizbucher-im-grosformat\/","og_site_name":"colorflyprinting","article_modified_time":"2025-04-22T01:23:14+00:00","twitter_card":"summary_large_image","twitter_misc":{"Gesch\u00e4tzte Lesezeit":"1\u00a0Minute"},"schema":{"@context":"https:\/\/schema.org","@graph":[{"@type":"WebPage","@id":"https:\/\/www.colorflyprinting.com\/product\/cheap-custom-hardcover-long-size-notebooks\/","url":"https:\/\/www.colorflyprinting.com\/product\/cheap-custom-hardcover-long-size-notebooks\/","name":"Cheap Custom Hardcover Long Size Notebooks - colorflyprinting","isPartOf":{"@id":"https:\/\/www.colorflyprinting.com\/#website"},"primaryImageOfPage":{"@id":"https:\/\/www.colorflyprinting.com\/product\/cheap-custom-hardcover-long-size-notebooks\/#primaryimage"},"image":{"@id":"https:\/\/www.colorflyprinting.com\/product\/cheap-custom-hardcover-long-size-notebooks\/#primaryimage"},"thumbnailUrl":"https:\/\/www.colorflyprinting.com\/wp-content\/uploads\/2025\/04\/5aeaed7ce86ffcf6029186b9807de5be_medium-1.jpg","datePublished":"2025-04-22T01:22:55+00:00","dateModified":"2025-04-22T01:23:14+00:00","breadcrumb":{"@id":"https:\/\/www.colorflyprinting.com\/product\/cheap-custom-hardcover-long-size-notebooks\/#breadcrumb"},"inLanguage":"de","potentialAction":[{"@type":"ReadAction","target":["https:\/\/www.colorflyprinting.com\/product\/cheap-custom-hardcover-long-size-notebooks\/"]}]},{"@type":"ImageObject","inLanguage":"de","@id":"https:\/\/www.colorflyprinting.com\/product\/cheap-custom-hardcover-long-size-notebooks\/#primaryimage","url":"https:\/\/www.colorflyprinting.com\/wp-content\/uploads\/2025\/04\/5aeaed7ce86ffcf6029186b9807de5be_medium-1.jpg","contentUrl":"https:\/\/www.colorflyprinting.com\/wp-content\/uploads\/2025\/04\/5aeaed7ce86ffcf6029186b9807de5be_medium-1.jpg","width":550,"height":550},{"@type":"BreadcrumbList","@id":"https:\/\/www.colorflyprinting.com\/product\/cheap-custom-hardcover-long-size-notebooks\/#breadcrumb","itemListElement":[{"@type":"ListItem","position":1,"name":"Home","item":"https:\/\/www.colorflyprinting.com\/"},{"@type":"ListItem","position":2,"name":"Product","item":"https:\/\/www.colorflyprinting.com\/shop\/"},{"@type":"ListItem","position":3,"name":"Cheap Custom Hardcover Long Size Notebooks"}]},{"@type":"WebSite","@id":"https:\/\/www.colorflyprinting.com\/#website","url":"https:\/\/www.colorflyprinting.com\/","name":"Hefei Colorfly Stationery Co.,Ltd.","description":"","publisher":{"@id":"https:\/\/www.colorflyprinting.com\/#organization"},"potentialAction":[{"@type":"SearchAction","target":{"@type":"EntryPoint","urlTemplate":"https:\/\/www.colorflyprinting.com\/?s={search_term_string}"},"query-input":{"@type":"PropertyValueSpecification","valueRequired":true,"valueName":"search_term_string"}}],"inLanguage":"de"},{"@type":"Organization","@id":"https:\/\/www.colorflyprinting.com\/#organization","name":"Hefei Colorfly Stationery Co.,Ltd.","url":"https:\/\/www.colorflyprinting.com\/","logo":{"@type":"ImageObject","inLanguage":"de","@id":"https:\/\/www.colorflyprinting.com\/#\/schema\/logo\/image\/","url":"https:\/\/www.colorflyprinting.com\/wp-content\/uploads\/2025\/04\/d167665f943610681229e2f4307b9df.jpg","contentUrl":"https:\/\/www.colorflyprinting.com\/wp-content\/uploads\/2025\/04\/d167665f943610681229e2f4307b9df.jpg","width":780,"height":780,"caption":"Hefei Colorfly Stationery Co.,Ltd."},"image":{"@id":"https:\/\/www.colorflyprinting.com\/#\/schema\/logo\/image\/"}}]}},"_links":{"self":[{"href":"https:\/\/www.colorflyprinting.com\/de\/wp-json\/wp\/v2\/product\/11456","targetHints":{"allow":["GET"]}}],"collection":[{"href":"https:\/\/www.colorflyprinting.com\/de\/wp-json\/wp\/v2\/product"}],"about":[{"href":"https:\/\/www.colorflyprinting.com\/de\/wp-json\/wp\/v2\/types\/product"}],"replies":[{"embeddable":true,"href":"https:\/\/www.colorflyprinting.com\/de\/wp-json\/wp\/v2\/comments?post=11456"}],"wp:featuredmedia":[{"embeddable":true,"href":"https:\/\/www.colorflyprinting.com\/de\/wp-json\/wp\/v2\/media\/11500"}],"wp:attachment":[{"href":"https:\/\/www.colorflyprinting.com\/de\/wp-json\/wp\/v2\/media?parent=11456"}],"wp:term":[{"taxonomy":"product_brand","embeddable":true,"href":"https:\/\/www.colorflyprinting.com\/de\/wp-json\/wp\/v2\/product_brand?post=11456"},{"taxonomy":"product_cat","embeddable":true,"href":"https:\/\/www.colorflyprinting.com\/de\/wp-json\/wp\/v2\/product_cat?post=11456"},{"taxonomy":"product_tag","embeddable":true,"href":"https:\/\/www.colorflyprinting.com\/de\/wp-json\/wp\/v2\/product_tag?post=11456"}],"curies":[{"name":"wp","href":"https:\/\/api.w.org\/{rel}","templated":true}]}}