{"id":11329,"date":"2025-04-22T01:21:46","date_gmt":"2025-04-22T01:21:46","guid":{"rendered":"https:\/\/www.colorflyprinting.com\/?post_type=product&#038;p=11329"},"modified":"2025-08-19T19:21:49","modified_gmt":"2025-08-19T19:21:49","slug":"oman-wholesale-spiral-binding-sketch-drawing-book","status":"publish","type":"product","link":"https:\/\/www.colorflyprinting.com\/de\/produkt\/oman-groshandel-spiralbindung-skizzenzeichnungsbuch\/","title":{"rendered":"Oman Gro\u00dfhandel Spiralbindung Skizzen-Zeichenbuch"},"content":{"rendered":"<div class=\"text\">\n<p>\n\tOman Gro\u00dfhandel Spiralbindung Skizzen-Zeichenbuch\n<\/p>\n<\/p>\n<div class=\"table-responsive\">\n<table border=\"1\">\n<tbody>\n<tr>\n<td>\n\t\t\t\t\tGr\u00f6\u00dfe&nbsp; &nbsp; &nbsp; &nbsp;\n\t\t\t\t<\/td>\n<td>\n\t\t\t\t\t21\u00d729,7 cm\n\t\t\t\t<\/td>\n<td>\n\t\t\t\t\tBindung&nbsp; &nbsp; &nbsp; &nbsp; &nbsp; &nbsp; &nbsp; &nbsp; &nbsp;&nbsp;\n\t\t\t\t<\/td>\n<td>\n\t\t\t\t\tSpiralbindung&nbsp; &nbsp; &nbsp; &nbsp; &nbsp; &nbsp;&nbsp;\n\t\t\t\t<\/td>\n<\/tr>\n<tr>\n<td>\n\t\t\t\t\tAbdeckung\n\t\t\t\t<\/td>\n<td>\n\t\t\t\t\tElfenbeinkarton + Laminierung&nbsp; &nbsp;\n\t\t\t\t<\/td>\n<td>\n\t\t\t\t\tInnendruck\n\t\t\t\t<\/td>\n<td>\n\t\t\t\t\tKein Druck &nbsp; &nbsp; &nbsp; &nbsp;\n\t\t\t\t<\/td>\n<\/tr>\n<tr>\n<td>\n\t\t\t\t\tBl\u00e4tter2\n\t\t\t\t<\/td>\n<td>\n\t\t\t\t\t20 Blatt usw.&nbsp; &nbsp; &nbsp; &nbsp; &nbsp; &nbsp; &nbsp; &nbsp; &nbsp; &nbsp; &nbsp; &nbsp;\n\t\t\t\t<\/td>\n<td>\n\t\t\t\t\tVerpackung\n\t\t\t\t<\/td>\n<td>\n\t\t\t\t\tOpp-Beutel + Kartons\n\t\t\t\t<\/td>\n<\/tr>\n<\/tbody>\n<\/table>\n<\/div>\n<p>\n\t\n<\/p>\n<p>\n\tFarbiges Zeichenbuch Skizzenbuch\n<\/p>\n<p>\n\tFarbiges Zeichenpapier mit farbigem Einband, geeignet f\u00fcr Kinder, Erwachsene, M\u00e4dchen und Jungen\n<\/p>\n<ul>\n<li>\n\t\tLeeres farbiges Papier, geeignet zum Zeichnen und Malen\n\t<\/li>\n<li>\n\t\tGeeignet f\u00fcr Zuhause und Schule, Unterricht\n\t<\/li>\n<li>\n\t\tTolles Geschenk f\u00fcr alle Anl\u00e4sse\n\t<\/li>\n<li>\n\t\tgro\u00dfe Gr\u00f6\u00dfe 21\u00d729,7cm, 24x35cm\n\t<\/li>\n<li>\n\t\t20 Bl\u00e4tter (40 Seiten??\n\t<\/li>\n<\/ul>\n<p>\n\t\n<\/p>\n<p>\n\t<img decoding=\"async\" src=\"\/js\/htmledit\/kindeditor\/attached\/20201113\/20201113110807_20853.jpg\" alt=\"\">\n<\/p>\n<p>\n\t<img decoding=\"async\" src=\"\/js\/htmledit\/kindeditor\/attached\/20201113\/20201113111400_43012.jpg\" alt=\"\">\n<\/p>\n<p>\n\t\n<\/p>\n<\/p><\/div>","protected":false},"excerpt":{"rendered":"<p>Farbiges Papier zum Zeichnen mit farbigem Umschlag, Skizzieren, Malen, Schreiben, 20 Blatt, A4-Kunstzeichenbuch f\u00fcr Kinder und Erwachsene<\/p>\n<ul class=\"ptab-list clearfix\">\n<li>\n<p>Marke:<\/p>\n<p><span>Farbfliege<\/span><\/li>\n<li>\n<p>Artikelnummer:<\/p>\n<p><span>CY-A421029701<\/span><\/li>\n<li>\n<p>Hafen:<\/p>\n<p><span>Wuhu, Hefei, Nanjing, Shanghai<\/span><\/li>\n<li>\n<p>Farbe:<\/p>\n<p><span>CYMK-Farben<\/span><\/li>\n<li>\n<p>Mindestbestellmenge:<\/p>\n<p><span>20000 St\u00fcck<\/span><\/li>\n<li>\n<p>Typ: <\/p>\n<p> <span>Malbuch<\/span><\/li>\n<li>\n<p>Gr\u00f6\u00dfe: <\/p>\n<p> <span>21\u00d729,7 cm<\/span><\/li>\n<li>\n<p>Bindung: <\/p>\n<p> <span>Spiralbindung<\/span><\/li>\n<li>\n<p>Seitenanzahl: <\/p>\n<p> <span>16Blatt, 20Blatt oder ma\u00dfgeschneidert<\/span><\/li>\n<li>\n<p>Innendruck: <\/p>\n<p> <span>Kein Druck<\/span><\/li>\n<li>\n<p>Coverdruck: <\/p>\n<p> <span>Vollfarbe<\/span><\/li>\n<\/ul>","protected":false},"featured_media":11390,"comment_status":"open","ping_status":"closed","template":"","meta":[],"product_brand":[],"product_cat":[320],"product_tag":[328,327,329],"class_list":{"0":"post-11329","1":"product","2":"type-product","3":"status-publish","4":"has-post-thumbnail","6":"product_cat-drawing-book","7":"product_tag-custom-drawing-book","8":"product_tag-sketch-notebook","9":"product_tag-spiral-drawing-book","11":"first","12":"instock","13":"shipping-taxable","14":"product-type-simple"},"yoast_head":"<!-- This site is optimized with the Yoast SEO Premium plugin v23.9 (Yoast SEO v25.2) - https:\/\/yoast.com\/wordpress\/plugins\/seo\/ -->\n<title>Oman Wholesale Spiral Binding Sketch Drawing Book - colorflyprinting<\/title>\n<meta name=\"robots\" content=\"index, follow, max-snippet:-1, max-image-preview:large, max-video-preview:-1\" \/>\n<link rel=\"canonical\" href=\"https:\/\/www.colorflyprinting.com\/de\/produkt\/oman-groshandel-spiralbindung-skizzenzeichnungsbuch\/\" \/>\n<meta property=\"og:locale\" content=\"de_DE\" \/>\n<meta property=\"og:type\" content=\"article\" \/>\n<meta property=\"og:title\" content=\"Oman Wholesale Spiral Binding Sketch Drawing Book\" \/>\n<meta property=\"og:description\" content=\"Colored Paper for Drawing with Colored Cover, Sketching, Painting, Writing 20Sheets A4 art Drawing Book for Kids and Adults                                                    Brand:Colorfly                                                   Item NO.:CY-A421029701                                                   Shipping Port:Wuhu, hefei,nanjing, shanghai                                                   Color:CYMK colors                                                                                   MOQ:20000pcs                                                                                                                  Type: Color drawing book                                 Size: 21x29.7cm                                 Binding: Spiral binding                                 Number of pages: 16sheets,20sheets or bespoke                                 Inner printing: No print                                 Cover printing: Full color\" \/>\n<meta property=\"og:url\" content=\"https:\/\/www.colorflyprinting.com\/de\/produkt\/oman-groshandel-spiralbindung-skizzenzeichnungsbuch\/\" \/>\n<meta property=\"og:site_name\" content=\"colorflyprinting\" \/>\n<meta property=\"article:modified_time\" content=\"2025-08-19T19:21:49+00:00\" \/>\n<meta name=\"twitter:card\" content=\"summary_large_image\" \/>\n<meta name=\"twitter:label1\" content=\"Gesch\u00e4tzte Lesezeit\" \/>\n\t<meta name=\"twitter:data1\" content=\"1\u00a0Minute\" \/>\n<script type=\"application\/ld+json\" class=\"yoast-schema-graph\">{\"@context\":\"https:\/\/schema.org\",\"@graph\":[{\"@type\":\"WebPage\",\"@id\":\"https:\/\/www.colorflyprinting.com\/product\/oman-wholesale-spiral-binding-sketch-drawing-book\/\",\"url\":\"https:\/\/www.colorflyprinting.com\/product\/oman-wholesale-spiral-binding-sketch-drawing-book\/\",\"name\":\"Oman Wholesale Spiral Binding Sketch Drawing Book - colorflyprinting\",\"isPartOf\":{\"@id\":\"https:\/\/www.colorflyprinting.com\/#website\"},\"primaryImageOfPage\":{\"@id\":\"https:\/\/www.colorflyprinting.com\/product\/oman-wholesale-spiral-binding-sketch-drawing-book\/#primaryimage\"},\"image\":{\"@id\":\"https:\/\/www.colorflyprinting.com\/product\/oman-wholesale-spiral-binding-sketch-drawing-book\/#primaryimage\"},\"thumbnailUrl\":\"https:\/\/www.colorflyprinting.com\/wp-content\/uploads\/2025\/04\/0e52acfa390c056bdc75a9aeaac6734b_medium-1.jpg\",\"datePublished\":\"2025-04-22T01:21:46+00:00\",\"dateModified\":\"2025-08-19T19:21:49+00:00\",\"breadcrumb\":{\"@id\":\"https:\/\/www.colorflyprinting.com\/product\/oman-wholesale-spiral-binding-sketch-drawing-book\/#breadcrumb\"},\"inLanguage\":\"de\",\"potentialAction\":[{\"@type\":\"ReadAction\",\"target\":[\"https:\/\/www.colorflyprinting.com\/product\/oman-wholesale-spiral-binding-sketch-drawing-book\/\"]}]},{\"@type\":\"ImageObject\",\"inLanguage\":\"de\",\"@id\":\"https:\/\/www.colorflyprinting.com\/product\/oman-wholesale-spiral-binding-sketch-drawing-book\/#primaryimage\",\"url\":\"https:\/\/www.colorflyprinting.com\/wp-content\/uploads\/2025\/04\/0e52acfa390c056bdc75a9aeaac6734b_medium-1.jpg\",\"contentUrl\":\"https:\/\/www.colorflyprinting.com\/wp-content\/uploads\/2025\/04\/0e52acfa390c056bdc75a9aeaac6734b_medium-1.jpg\",\"width\":550,\"height\":550},{\"@type\":\"BreadcrumbList\",\"@id\":\"https:\/\/www.colorflyprinting.com\/product\/oman-wholesale-spiral-binding-sketch-drawing-book\/#breadcrumb\",\"itemListElement\":[{\"@type\":\"ListItem\",\"position\":1,\"name\":\"Home\",\"item\":\"https:\/\/www.colorflyprinting.com\/\"},{\"@type\":\"ListItem\",\"position\":2,\"name\":\"Product\",\"item\":\"https:\/\/www.colorflyprinting.com\/shop\/\"},{\"@type\":\"ListItem\",\"position\":3,\"name\":\"Oman Wholesale Spiral Binding Sketch Drawing Book\"}]},{\"@type\":\"WebSite\",\"@id\":\"https:\/\/www.colorflyprinting.com\/#website\",\"url\":\"https:\/\/www.colorflyprinting.com\/\",\"name\":\"Hefei Colorfly Stationery Co.,Ltd.\",\"description\":\"\",\"publisher\":{\"@id\":\"https:\/\/www.colorflyprinting.com\/#organization\"},\"potentialAction\":[{\"@type\":\"SearchAction\",\"target\":{\"@type\":\"EntryPoint\",\"urlTemplate\":\"https:\/\/www.colorflyprinting.com\/?s={search_term_string}\"},\"query-input\":{\"@type\":\"PropertyValueSpecification\",\"valueRequired\":true,\"valueName\":\"search_term_string\"}}],\"inLanguage\":\"de\"},{\"@type\":\"Organization\",\"@id\":\"https:\/\/www.colorflyprinting.com\/#organization\",\"name\":\"Hefei Colorfly Stationery Co.,Ltd.\",\"url\":\"https:\/\/www.colorflyprinting.com\/\",\"logo\":{\"@type\":\"ImageObject\",\"inLanguage\":\"de\",\"@id\":\"https:\/\/www.colorflyprinting.com\/#\/schema\/logo\/image\/\",\"url\":\"https:\/\/www.colorflyprinting.com\/wp-content\/uploads\/2025\/04\/d167665f943610681229e2f4307b9df.jpg\",\"contentUrl\":\"https:\/\/www.colorflyprinting.com\/wp-content\/uploads\/2025\/04\/d167665f943610681229e2f4307b9df.jpg\",\"width\":780,\"height\":780,\"caption\":\"Hefei Colorfly Stationery Co.,Ltd.\"},\"image\":{\"@id\":\"https:\/\/www.colorflyprinting.com\/#\/schema\/logo\/image\/\"}}]}<\/script>\n<!-- \/ Yoast SEO Premium plugin. -->","yoast_head_json":{"title":"Oman Wholesale Spiral Binding Sketch Drawing Book - colorflyprinting","robots":{"index":"index","follow":"follow","max-snippet":"max-snippet:-1","max-image-preview":"max-image-preview:large","max-video-preview":"max-video-preview:-1"},"canonical":"https:\/\/www.colorflyprinting.com\/de\/produkt\/oman-groshandel-spiralbindung-skizzenzeichnungsbuch\/","og_locale":"de_DE","og_type":"article","og_title":"Oman Wholesale Spiral Binding Sketch Drawing Book","og_description":"Colored Paper for Drawing with Colored Cover, Sketching, Painting, Writing 20Sheets A4 art Drawing Book for Kids and Adults                                                    Brand:Colorfly                                                   Item NO.:CY-A421029701                                                   Shipping Port:Wuhu, hefei,nanjing, shanghai                                                   Color:CYMK colors                                                                                   MOQ:20000pcs                                                                                                                  Type: Color drawing book                                 Size: 21x29.7cm                                 Binding: Spiral binding                                 Number of pages: 16sheets,20sheets or bespoke                                 Inner printing: No print                                 Cover printing: Full color","og_url":"https:\/\/www.colorflyprinting.com\/de\/produkt\/oman-groshandel-spiralbindung-skizzenzeichnungsbuch\/","og_site_name":"colorflyprinting","article_modified_time":"2025-08-19T19:21:49+00:00","twitter_card":"summary_large_image","twitter_misc":{"Gesch\u00e4tzte Lesezeit":"1\u00a0Minute"},"schema":{"@context":"https:\/\/schema.org","@graph":[{"@type":"WebPage","@id":"https:\/\/www.colorflyprinting.com\/product\/oman-wholesale-spiral-binding-sketch-drawing-book\/","url":"https:\/\/www.colorflyprinting.com\/product\/oman-wholesale-spiral-binding-sketch-drawing-book\/","name":"Oman Wholesale Spiral Binding Sketch Drawing Book - colorflyprinting","isPartOf":{"@id":"https:\/\/www.colorflyprinting.com\/#website"},"primaryImageOfPage":{"@id":"https:\/\/www.colorflyprinting.com\/product\/oman-wholesale-spiral-binding-sketch-drawing-book\/#primaryimage"},"image":{"@id":"https:\/\/www.colorflyprinting.com\/product\/oman-wholesale-spiral-binding-sketch-drawing-book\/#primaryimage"},"thumbnailUrl":"https:\/\/www.colorflyprinting.com\/wp-content\/uploads\/2025\/04\/0e52acfa390c056bdc75a9aeaac6734b_medium-1.jpg","datePublished":"2025-04-22T01:21:46+00:00","dateModified":"2025-08-19T19:21:49+00:00","breadcrumb":{"@id":"https:\/\/www.colorflyprinting.com\/product\/oman-wholesale-spiral-binding-sketch-drawing-book\/#breadcrumb"},"inLanguage":"de","potentialAction":[{"@type":"ReadAction","target":["https:\/\/www.colorflyprinting.com\/product\/oman-wholesale-spiral-binding-sketch-drawing-book\/"]}]},{"@type":"ImageObject","inLanguage":"de","@id":"https:\/\/www.colorflyprinting.com\/product\/oman-wholesale-spiral-binding-sketch-drawing-book\/#primaryimage","url":"https:\/\/www.colorflyprinting.com\/wp-content\/uploads\/2025\/04\/0e52acfa390c056bdc75a9aeaac6734b_medium-1.jpg","contentUrl":"https:\/\/www.colorflyprinting.com\/wp-content\/uploads\/2025\/04\/0e52acfa390c056bdc75a9aeaac6734b_medium-1.jpg","width":550,"height":550},{"@type":"BreadcrumbList","@id":"https:\/\/www.colorflyprinting.com\/product\/oman-wholesale-spiral-binding-sketch-drawing-book\/#breadcrumb","itemListElement":[{"@type":"ListItem","position":1,"name":"Home","item":"https:\/\/www.colorflyprinting.com\/"},{"@type":"ListItem","position":2,"name":"Product","item":"https:\/\/www.colorflyprinting.com\/shop\/"},{"@type":"ListItem","position":3,"name":"Oman Wholesale Spiral Binding Sketch Drawing Book"}]},{"@type":"WebSite","@id":"https:\/\/www.colorflyprinting.com\/#website","url":"https:\/\/www.colorflyprinting.com\/","name":"Hefei Colorfly Stationery Co.,Ltd.","description":"","publisher":{"@id":"https:\/\/www.colorflyprinting.com\/#organization"},"potentialAction":[{"@type":"SearchAction","target":{"@type":"EntryPoint","urlTemplate":"https:\/\/www.colorflyprinting.com\/?s={search_term_string}"},"query-input":{"@type":"PropertyValueSpecification","valueRequired":true,"valueName":"search_term_string"}}],"inLanguage":"de"},{"@type":"Organization","@id":"https:\/\/www.colorflyprinting.com\/#organization","name":"Hefei Colorfly Stationery Co.,Ltd.","url":"https:\/\/www.colorflyprinting.com\/","logo":{"@type":"ImageObject","inLanguage":"de","@id":"https:\/\/www.colorflyprinting.com\/#\/schema\/logo\/image\/","url":"https:\/\/www.colorflyprinting.com\/wp-content\/uploads\/2025\/04\/d167665f943610681229e2f4307b9df.jpg","contentUrl":"https:\/\/www.colorflyprinting.com\/wp-content\/uploads\/2025\/04\/d167665f943610681229e2f4307b9df.jpg","width":780,"height":780,"caption":"Hefei Colorfly Stationery Co.,Ltd."},"image":{"@id":"https:\/\/www.colorflyprinting.com\/#\/schema\/logo\/image\/"}}]}},"_links":{"self":[{"href":"https:\/\/www.colorflyprinting.com\/de\/wp-json\/wp\/v2\/product\/11329","targetHints":{"allow":["GET"]}}],"collection":[{"href":"https:\/\/www.colorflyprinting.com\/de\/wp-json\/wp\/v2\/product"}],"about":[{"href":"https:\/\/www.colorflyprinting.com\/de\/wp-json\/wp\/v2\/types\/product"}],"replies":[{"embeddable":true,"href":"https:\/\/www.colorflyprinting.com\/de\/wp-json\/wp\/v2\/comments?post=11329"}],"wp:featuredmedia":[{"embeddable":true,"href":"https:\/\/www.colorflyprinting.com\/de\/wp-json\/wp\/v2\/media\/11390"}],"wp:attachment":[{"href":"https:\/\/www.colorflyprinting.com\/de\/wp-json\/wp\/v2\/media?parent=11329"}],"wp:term":[{"taxonomy":"product_brand","embeddable":true,"href":"https:\/\/www.colorflyprinting.com\/de\/wp-json\/wp\/v2\/product_brand?post=11329"},{"taxonomy":"product_cat","embeddable":true,"href":"https:\/\/www.colorflyprinting.com\/de\/wp-json\/wp\/v2\/product_cat?post=11329"},{"taxonomy":"product_tag","embeddable":true,"href":"https:\/\/www.colorflyprinting.com\/de\/wp-json\/wp\/v2\/product_tag?post=11329"}],"curies":[{"name":"wp","href":"https:\/\/api.w.org\/{rel}","templated":true}]}}