{"id":11091,"date":"2025-04-22T01:20:08","date_gmt":"2025-04-22T01:20:08","guid":{"rendered":"https:\/\/www.colorflyprinting.com\/?post_type=product&#038;p=11091"},"modified":"2025-09-02T05:07:22","modified_gmt":"2025-09-02T05:07:22","slug":"thick-leather-notebook-calendar-planner","status":"publish","type":"product","link":"https:\/\/www.colorflyprinting.com\/de\/produkt\/dicker-leder-notizbuch-kalenderplaner\/","title":{"rendered":"Dicker Leder-Notizbuch-Kalenderplaner"},"content":{"rendered":"<div class=\"text\">\n<p>\n\t<span style=\"font-size:18px;\">Artikel ?? Personalisiertes Kalender-Notizbuch im A5-Format<\/span>\n<\/p>\n<p>\n\t<span style=\"font-size:18px;\">Gr\u00f6\u00dfe: A5 (145 x 215 mm)<\/span>\n<\/p>\n<p>\n\t<span style=\"font-size:18px;\">Inneres Papier: 70\/80 g\/m\u00b2 Offsetpapier<\/span>\n<\/p>\n<p>\n\t<span style=\"font-size:18px;\">Farbe: Lila \/ Weinrot<\/span>\n<\/p>\n<p>\n\t<span style=\"font-size:18px;\">Einband: Weiches Leder, gravierter Druck<\/span>\n<\/p>\n<p>\n\t<span style=\"font-size:18px;\">Bindung: Klebebindung, mit 2-farbigem Band<\/span>\n<\/p>\n<p>\n\t<span style=\"font-size:18px;\">Blockdesign und -inhalt<\/span>\n<\/p>\n<p>\n\t<span style=\"font-size:18px;\"><img decoding=\"async\" src=\"\/js\/htmledit\/kindeditor\/attached\/20191028\/20191028140642_21657.jpg\" alt=\"\"><br \/>\n<\/span>\n<\/p>\n<p>\n\t\n<\/p>\n<p>\n\t<strong><span style=\"font-size:18px;\">Gr\u00f6\u00dfen<\/span><\/strong>\n<\/p>\n<p>\n\tDie g\u00e4ngigsten Gr\u00f6\u00dfen sind 15\u00d721 cm und 15,5\u00d721 cm. Diese eignen sich sehr gut f\u00fcr die Planung Ihrer Arbeit und Freizeit. Die mittlere Gr\u00f6\u00dfe erm\u00f6glicht es Ihnen, Ihren Kalender zu Meetings mitzunehmen (da er nicht viel Platz einnimmt und dennoch sehr ger\u00e4umig ist). Wenn Sie viel Zeit im B\u00fcro verbringen, sind gro\u00dfe Wochenplaner (20\u00d726 cm) oder Notizb\u00fccher (20,5\u00d727 cm) m\u00f6glicherweise besser geeignet. Normale oder gebundene Spiralplaner (33\u00d715 cm) nehmen nicht viel Platz auf Ihrem Schreibtisch ein. Die Gr\u00f6\u00dfen 10\u00d716 cm und 10,5\u00d716 cm eignen sich f\u00fcr diejenigen, die h\u00e4ufig Meetings und Gesch\u00e4ftsreisen haben, da diese Kalender problemlos in eine kleine Handtasche passen. Die Notizb\u00fccher (9\u00d713 cm und 8,5\u00d713 cm) k\u00f6nnen sogar in der Tasche getragen werden.\n<\/p>\n<p>\n\t\n<\/p>\n<p>\n\t<strong><span style=\"font-size:18px;\">Der Inhalt eines Standardblocks<\/span><\/strong>\n<\/p>\n<p>\n\tDer Standardblock eines Kalendernotizbuchs kann eine Karte Ihres Landes (auf dem Vorderblatt), eine Karte von Europa (auf dem Vorsatzblatt) und umfangreiches Referenzmaterial auf den ersten Seiten des Blocks enthalten, wie zum Beispiel:\n<\/p>\n<ul>\n<li>\n\t\tPers\u00f6nliche Daten;\n\t<\/li>\n<li>\n\t\tKalender f\u00fcr mehrere Jahre;\n\t<\/li>\n<li>\n\t\tTemperatur- und Geschwindigkeitsskalen;\n\t<\/li>\n<li>\n\t\tR\u00f6mische Ziffern;\n\t<\/li>\n<li>\n\t\tVerschiedene Informationen zu den L\u00e4ndern;\n\t<\/li>\n<li>\n\t\tGr\u00f6\u00dfentabellen f\u00fcr Schuhe und Kleidung;\n\t<\/li>\n<li>\n\t\tWeltatlas.\n\t<\/li>\n<\/ul>\n<p>\n\t\n<\/p>\n<p>\n\t\n<\/p>\n<p>\n\t\n<\/p>\n<\/p><\/div>","protected":false},"excerpt":{"rendered":"<p>Individuelle Tagesplaner und Notizb\u00fccher im A5-Format mit franz\u00f6sischer Sprache<\/p>\n<ul class=\"ptab-list clearfix\">\n<li>\n<p>Marke:<\/p>\n<p><span>Farbfliege<\/span><\/li>\n<li>\n<p>Artikelnummer:<\/p>\n<p><span>CY-LB002<\/span><\/li>\n<li>\n<p>Typ: <\/p>\n<p> <span>Kalendernotizbuch<\/span><\/li>\n<li>\n<p>Gr\u00f6\u00dfe: <\/p>\n<p> <span>A5<\/span><\/li>\n<li>\n<p>Bindung: <\/p>\n<p> <span>Klebebindung<\/span><\/li>\n<li>\n<p>Seitenanzahl: <\/p>\n<p> <span>Ma\u00dfgeschneidert<\/span><\/li>\n<li>\n<p>Innendruck: <\/p>\n<p> <span>Kalender<\/span><\/li>\n<li>\n<p>Coverdruck: <\/p>\n<p> <span>4-Farben-Druck<\/span><\/li>\n<\/ul>","protected":false},"featured_media":11124,"comment_status":"open","ping_status":"closed","template":"","meta":[],"product_brand":[],"product_cat":[127],"product_tag":[155,150,154],"class_list":{"0":"post-11091","1":"product","2":"type-product","3":"status-publish","4":"has-post-thumbnail","6":"product_cat-leather-notebook","7":"product_tag-monthly-planner-and-notebook","8":"product_tag-notebook-calendar-planner","9":"product_tag-notebook-with-calendar-pages","11":"first","12":"instock","13":"shipping-taxable","14":"product-type-simple"},"yoast_head":"<!-- This site is optimized with the Yoast SEO Premium plugin v23.9 (Yoast SEO v25.2) - https:\/\/yoast.com\/wordpress\/plugins\/seo\/ -->\n<title>Thick Leather Notebook Calendar Planner - colorflyprinting<\/title>\n<meta name=\"robots\" content=\"index, follow, max-snippet:-1, max-image-preview:large, max-video-preview:-1\" \/>\n<link rel=\"canonical\" href=\"https:\/\/www.colorflyprinting.com\/de\/produkt\/dicker-leder-notizbuch-kalenderplaner\/\" \/>\n<meta property=\"og:locale\" content=\"de_DE\" \/>\n<meta property=\"og:type\" content=\"article\" \/>\n<meta property=\"og:title\" content=\"Thick Leather Notebook Calendar Planner\" \/>\n<meta property=\"og:description\" content=\"Custom day planners and notebooks A5 size with French language                                                     Brand:Colorfly                                                   Item NO.:CY-LB002                                                                                                                                                                                                  Type: Calendar notebook                                 Size: A5                                 Binding: Perfect binding                                 Number of pages: Customized                                 Inner printing: Calendar                                 Cover printing: 4 colors printing\" \/>\n<meta property=\"og:url\" content=\"https:\/\/www.colorflyprinting.com\/de\/produkt\/dicker-leder-notizbuch-kalenderplaner\/\" \/>\n<meta property=\"og:site_name\" content=\"colorflyprinting\" \/>\n<meta property=\"article:modified_time\" content=\"2025-09-02T05:07:22+00:00\" \/>\n<meta name=\"twitter:card\" content=\"summary_large_image\" \/>\n<meta name=\"twitter:label1\" content=\"Gesch\u00e4tzte Lesezeit\" \/>\n\t<meta name=\"twitter:data1\" content=\"1\u00a0Minute\" \/>\n<script type=\"application\/ld+json\" class=\"yoast-schema-graph\">{\"@context\":\"https:\/\/schema.org\",\"@graph\":[{\"@type\":\"WebPage\",\"@id\":\"https:\/\/www.colorflyprinting.com\/product\/thick-leather-notebook-calendar-planner\/\",\"url\":\"https:\/\/www.colorflyprinting.com\/product\/thick-leather-notebook-calendar-planner\/\",\"name\":\"Thick Leather Notebook Calendar Planner - colorflyprinting\",\"isPartOf\":{\"@id\":\"https:\/\/www.colorflyprinting.com\/#website\"},\"primaryImageOfPage\":{\"@id\":\"https:\/\/www.colorflyprinting.com\/product\/thick-leather-notebook-calendar-planner\/#primaryimage\"},\"image\":{\"@id\":\"https:\/\/www.colorflyprinting.com\/product\/thick-leather-notebook-calendar-planner\/#primaryimage\"},\"thumbnailUrl\":\"https:\/\/www.colorflyprinting.com\/wp-content\/uploads\/2025\/04\/d3f42f81bbd735c32fa08b16e74fb47b_medium-1.jpg\",\"datePublished\":\"2025-04-22T01:20:08+00:00\",\"dateModified\":\"2025-09-02T05:07:22+00:00\",\"breadcrumb\":{\"@id\":\"https:\/\/www.colorflyprinting.com\/product\/thick-leather-notebook-calendar-planner\/#breadcrumb\"},\"inLanguage\":\"de\",\"potentialAction\":[{\"@type\":\"ReadAction\",\"target\":[\"https:\/\/www.colorflyprinting.com\/product\/thick-leather-notebook-calendar-planner\/\"]}]},{\"@type\":\"ImageObject\",\"inLanguage\":\"de\",\"@id\":\"https:\/\/www.colorflyprinting.com\/product\/thick-leather-notebook-calendar-planner\/#primaryimage\",\"url\":\"https:\/\/www.colorflyprinting.com\/wp-content\/uploads\/2025\/04\/d3f42f81bbd735c32fa08b16e74fb47b_medium-1.jpg\",\"contentUrl\":\"https:\/\/www.colorflyprinting.com\/wp-content\/uploads\/2025\/04\/d3f42f81bbd735c32fa08b16e74fb47b_medium-1.jpg\",\"width\":550,\"height\":550},{\"@type\":\"BreadcrumbList\",\"@id\":\"https:\/\/www.colorflyprinting.com\/product\/thick-leather-notebook-calendar-planner\/#breadcrumb\",\"itemListElement\":[{\"@type\":\"ListItem\",\"position\":1,\"name\":\"Home\",\"item\":\"https:\/\/www.colorflyprinting.com\/\"},{\"@type\":\"ListItem\",\"position\":2,\"name\":\"Product\",\"item\":\"https:\/\/www.colorflyprinting.com\/shop\/\"},{\"@type\":\"ListItem\",\"position\":3,\"name\":\"Thick Leather Notebook Calendar Planner\"}]},{\"@type\":\"WebSite\",\"@id\":\"https:\/\/www.colorflyprinting.com\/#website\",\"url\":\"https:\/\/www.colorflyprinting.com\/\",\"name\":\"Hefei Colorfly Stationery Co.,Ltd.\",\"description\":\"\",\"publisher\":{\"@id\":\"https:\/\/www.colorflyprinting.com\/#organization\"},\"potentialAction\":[{\"@type\":\"SearchAction\",\"target\":{\"@type\":\"EntryPoint\",\"urlTemplate\":\"https:\/\/www.colorflyprinting.com\/?s={search_term_string}\"},\"query-input\":{\"@type\":\"PropertyValueSpecification\",\"valueRequired\":true,\"valueName\":\"search_term_string\"}}],\"inLanguage\":\"de\"},{\"@type\":\"Organization\",\"@id\":\"https:\/\/www.colorflyprinting.com\/#organization\",\"name\":\"Hefei Colorfly Stationery Co.,Ltd.\",\"url\":\"https:\/\/www.colorflyprinting.com\/\",\"logo\":{\"@type\":\"ImageObject\",\"inLanguage\":\"de\",\"@id\":\"https:\/\/www.colorflyprinting.com\/#\/schema\/logo\/image\/\",\"url\":\"https:\/\/www.colorflyprinting.com\/wp-content\/uploads\/2025\/04\/d167665f943610681229e2f4307b9df.jpg\",\"contentUrl\":\"https:\/\/www.colorflyprinting.com\/wp-content\/uploads\/2025\/04\/d167665f943610681229e2f4307b9df.jpg\",\"width\":780,\"height\":780,\"caption\":\"Hefei Colorfly Stationery Co.,Ltd.\"},\"image\":{\"@id\":\"https:\/\/www.colorflyprinting.com\/#\/schema\/logo\/image\/\"}}]}<\/script>\n<!-- \/ Yoast SEO Premium plugin. -->","yoast_head_json":{"title":"Thick Leather Notebook Calendar Planner - colorflyprinting","robots":{"index":"index","follow":"follow","max-snippet":"max-snippet:-1","max-image-preview":"max-image-preview:large","max-video-preview":"max-video-preview:-1"},"canonical":"https:\/\/www.colorflyprinting.com\/de\/produkt\/dicker-leder-notizbuch-kalenderplaner\/","og_locale":"de_DE","og_type":"article","og_title":"Thick Leather Notebook Calendar Planner","og_description":"Custom day planners and notebooks A5 size with French language                                                     Brand:Colorfly                                                   Item NO.:CY-LB002                                                                                                                                                                                                  Type: Calendar notebook                                 Size: A5                                 Binding: Perfect binding                                 Number of pages: Customized                                 Inner printing: Calendar                                 Cover printing: 4 colors printing","og_url":"https:\/\/www.colorflyprinting.com\/de\/produkt\/dicker-leder-notizbuch-kalenderplaner\/","og_site_name":"colorflyprinting","article_modified_time":"2025-09-02T05:07:22+00:00","twitter_card":"summary_large_image","twitter_misc":{"Gesch\u00e4tzte Lesezeit":"1\u00a0Minute"},"schema":{"@context":"https:\/\/schema.org","@graph":[{"@type":"WebPage","@id":"https:\/\/www.colorflyprinting.com\/product\/thick-leather-notebook-calendar-planner\/","url":"https:\/\/www.colorflyprinting.com\/product\/thick-leather-notebook-calendar-planner\/","name":"Thick Leather Notebook Calendar Planner - colorflyprinting","isPartOf":{"@id":"https:\/\/www.colorflyprinting.com\/#website"},"primaryImageOfPage":{"@id":"https:\/\/www.colorflyprinting.com\/product\/thick-leather-notebook-calendar-planner\/#primaryimage"},"image":{"@id":"https:\/\/www.colorflyprinting.com\/product\/thick-leather-notebook-calendar-planner\/#primaryimage"},"thumbnailUrl":"https:\/\/www.colorflyprinting.com\/wp-content\/uploads\/2025\/04\/d3f42f81bbd735c32fa08b16e74fb47b_medium-1.jpg","datePublished":"2025-04-22T01:20:08+00:00","dateModified":"2025-09-02T05:07:22+00:00","breadcrumb":{"@id":"https:\/\/www.colorflyprinting.com\/product\/thick-leather-notebook-calendar-planner\/#breadcrumb"},"inLanguage":"de","potentialAction":[{"@type":"ReadAction","target":["https:\/\/www.colorflyprinting.com\/product\/thick-leather-notebook-calendar-planner\/"]}]},{"@type":"ImageObject","inLanguage":"de","@id":"https:\/\/www.colorflyprinting.com\/product\/thick-leather-notebook-calendar-planner\/#primaryimage","url":"https:\/\/www.colorflyprinting.com\/wp-content\/uploads\/2025\/04\/d3f42f81bbd735c32fa08b16e74fb47b_medium-1.jpg","contentUrl":"https:\/\/www.colorflyprinting.com\/wp-content\/uploads\/2025\/04\/d3f42f81bbd735c32fa08b16e74fb47b_medium-1.jpg","width":550,"height":550},{"@type":"BreadcrumbList","@id":"https:\/\/www.colorflyprinting.com\/product\/thick-leather-notebook-calendar-planner\/#breadcrumb","itemListElement":[{"@type":"ListItem","position":1,"name":"Home","item":"https:\/\/www.colorflyprinting.com\/"},{"@type":"ListItem","position":2,"name":"Product","item":"https:\/\/www.colorflyprinting.com\/shop\/"},{"@type":"ListItem","position":3,"name":"Thick Leather Notebook Calendar Planner"}]},{"@type":"WebSite","@id":"https:\/\/www.colorflyprinting.com\/#website","url":"https:\/\/www.colorflyprinting.com\/","name":"Hefei Colorfly Stationery Co.,Ltd.","description":"","publisher":{"@id":"https:\/\/www.colorflyprinting.com\/#organization"},"potentialAction":[{"@type":"SearchAction","target":{"@type":"EntryPoint","urlTemplate":"https:\/\/www.colorflyprinting.com\/?s={search_term_string}"},"query-input":{"@type":"PropertyValueSpecification","valueRequired":true,"valueName":"search_term_string"}}],"inLanguage":"de"},{"@type":"Organization","@id":"https:\/\/www.colorflyprinting.com\/#organization","name":"Hefei Colorfly Stationery Co.,Ltd.","url":"https:\/\/www.colorflyprinting.com\/","logo":{"@type":"ImageObject","inLanguage":"de","@id":"https:\/\/www.colorflyprinting.com\/#\/schema\/logo\/image\/","url":"https:\/\/www.colorflyprinting.com\/wp-content\/uploads\/2025\/04\/d167665f943610681229e2f4307b9df.jpg","contentUrl":"https:\/\/www.colorflyprinting.com\/wp-content\/uploads\/2025\/04\/d167665f943610681229e2f4307b9df.jpg","width":780,"height":780,"caption":"Hefei Colorfly Stationery Co.,Ltd."},"image":{"@id":"https:\/\/www.colorflyprinting.com\/#\/schema\/logo\/image\/"}}]}},"_links":{"self":[{"href":"https:\/\/www.colorflyprinting.com\/de\/wp-json\/wp\/v2\/product\/11091","targetHints":{"allow":["GET"]}}],"collection":[{"href":"https:\/\/www.colorflyprinting.com\/de\/wp-json\/wp\/v2\/product"}],"about":[{"href":"https:\/\/www.colorflyprinting.com\/de\/wp-json\/wp\/v2\/types\/product"}],"replies":[{"embeddable":true,"href":"https:\/\/www.colorflyprinting.com\/de\/wp-json\/wp\/v2\/comments?post=11091"}],"wp:featuredmedia":[{"embeddable":true,"href":"https:\/\/www.colorflyprinting.com\/de\/wp-json\/wp\/v2\/media\/11124"}],"wp:attachment":[{"href":"https:\/\/www.colorflyprinting.com\/de\/wp-json\/wp\/v2\/media?parent=11091"}],"wp:term":[{"taxonomy":"product_brand","embeddable":true,"href":"https:\/\/www.colorflyprinting.com\/de\/wp-json\/wp\/v2\/product_brand?post=11091"},{"taxonomy":"product_cat","embeddable":true,"href":"https:\/\/www.colorflyprinting.com\/de\/wp-json\/wp\/v2\/product_cat?post=11091"},{"taxonomy":"product_tag","embeddable":true,"href":"https:\/\/www.colorflyprinting.com\/de\/wp-json\/wp\/v2\/product_tag?post=11091"}],"curies":[{"name":"wp","href":"https:\/\/api.w.org\/{rel}","templated":true}]}}