{"id":9660,"date":"2025-04-17T22:08:46","date_gmt":"2025-04-17T22:08:46","guid":{"rendered":"https:\/\/cy.weboho.com\/?page_id=9660"},"modified":"2025-04-17T22:08:46","modified_gmt":"2025-04-17T22:08:46","slug":"faq","status":"publish","type":"page","link":"https:\/\/www.colorflyprinting.com\/de\/haufig-gestellte-fragen\/","title":{"rendered":"H\u00e4ufig gestellte Fragen"},"content":{"rendered":"<p>1. Wie hoch ist der Preis?<br \/>\nDer Preis wird durch 7 Faktoren bestimmt: Material, Gr\u00f6\u00dfe, Farbe, Verarbeitung, Struktur, Menge und Zubeh\u00f6r.<\/p>\n<p>2. Wie w\u00e4re es mit Proben?<br \/>\nMusterlieferzeit: 2 oder 3 Arbeitstage f\u00fcr wei\u00dfe Modellmuster; 5 oder 6 Arbeitstage f\u00fcr Farbmuster (kundenspezifisches Design) nach Genehmigung des Artworks.<\/p>\n<p>Beispiel-Einrichtungsgeb\u00fchr:<br \/>\n1).F\u00fcr einen Stammkunden ist es kostenlos f\u00fcr alle<br \/>\n2) F\u00fcr Neukunden: 100\u2013200 USD f\u00fcr Farbmuster, die Zahlung wird nach Best\u00e4tigung der Bestellung vollst\u00e4ndig zur\u00fcckerstattet.<br \/>\n3) Wei\u00dfe Modellmuster sind kostenlos.<\/p>\n<p>3. Wie viele Tage dauert der Versand?<br \/>\nVersandarten und Lieferzeit:<br \/>\nPer Express: 3\u20135 Werktage bis zu Ihrer T\u00fcr (DHL, UPS, TNT, FedEx\u2026)<br \/>\nMit dem Flugzeug: 5-8 Werktage zu Ihrem Flughafen<br \/>\nAuf dem Seeweg: Bitte geben Sie Ihren Zielhafen an. Die genauen Tage werden von unseren Spediteuren best\u00e4tigt. Die folgende Lieferzeit dient als Referenz.<br \/>\nEuropa und Amerika (25 \u2013 35 Tage), Asien (3-7 Tage), Australien (16-25 Tage)<\/p>\n<p>4. Wie sind die Zahlungsbedingungen?<br \/>\nWestern Union, TT (Bank\u00fcberweisung), L\/C<\/p>\n<p>5. Welche Optionen zur Oberfl\u00e4chenveredelung gibt es?<br \/>\nMatte\/gl\u00e4nzende Laminierung, UV-Beschichtung, Silberfolie, Hei\u00dfpr\u00e4gung, Spot-UV, Beflockung, Tiefpr\u00e4gung, Pr\u00e4gung, Textur, Wasserlackierung, Lackierung \u2026<\/p>\n<p>Wir erf\u00fcllen die Bed\u00fcrfnisse unserer Kunden und maximieren die Effizienz. Wir freuen uns auf eine langfristige Zusammenarbeit mit Ihnen. Besten Service zu bieten ist keine Selbstverst\u00e4ndlichkeit, sondern eine Gewohnheit. Wir sind da und bereit. Gerne gestalten wir Ihr Design nach Ihren W\u00fcnschen, in Gr\u00f6\u00dfe, Material, Logo, Farbe, Verarbeitung und Bestellmenge. Bitte senden Sie uns die detaillierten Spezifikationen per E-Mail an<\/p>","protected":false},"excerpt":{"rendered":"<p>1. Wie hoch ist der Preis? Der Preis wird durch 7 Faktoren bestimmt: Material, Gr\u00f6\u00dfe, Farbe, Verarbeitung,<\/p>","protected":false},"author":1,"featured_media":0,"parent":0,"menu_order":0,"comment_status":"closed","ping_status":"closed","template":"","meta":{"footnotes":""},"class_list":["post-9660","page","type-page","status-publish","hentry"],"yoast_head":"<!-- This site is optimized with the Yoast SEO Premium plugin v23.9 (Yoast SEO v25.2) - https:\/\/yoast.com\/wordpress\/plugins\/seo\/ -->\n<title>FAQ - colorflyprinting<\/title>\n<meta name=\"robots\" content=\"index, follow, max-snippet:-1, max-image-preview:large, max-video-preview:-1\" \/>\n<link rel=\"canonical\" href=\"https:\/\/www.colorflyprinting.com\/de\/haufig-gestellte-fragen\/\" \/>\n<meta property=\"og:locale\" content=\"de_DE\" \/>\n<meta property=\"og:type\" content=\"article\" \/>\n<meta property=\"og:title\" content=\"FAQ\" \/>\n<meta property=\"og:description\" content=\"1. What is the price ? The price is decided by 7 factors: Material , Size, Color , Finishing ,\" \/>\n<meta property=\"og:url\" content=\"https:\/\/www.colorflyprinting.com\/de\/haufig-gestellte-fragen\/\" \/>\n<meta property=\"og:site_name\" content=\"colorflyprinting\" \/>\n<meta name=\"twitter:card\" content=\"summary_large_image\" \/>\n<meta name=\"twitter:label1\" content=\"Gesch\u00e4tzte Lesezeit\" \/>\n\t<meta name=\"twitter:data1\" content=\"1\u00a0Minute\" \/>\n<script type=\"application\/ld+json\" class=\"yoast-schema-graph\">{\"@context\":\"https:\/\/schema.org\",\"@graph\":[{\"@type\":\"WebPage\",\"@id\":\"https:\/\/www.colorflyprinting.com\/faq\/\",\"url\":\"https:\/\/www.colorflyprinting.com\/faq\/\",\"name\":\"FAQ - colorflyprinting\",\"isPartOf\":{\"@id\":\"https:\/\/www.colorflyprinting.com\/#website\"},\"datePublished\":\"2025-04-17T22:08:46+00:00\",\"breadcrumb\":{\"@id\":\"https:\/\/www.colorflyprinting.com\/faq\/#breadcrumb\"},\"inLanguage\":\"de\",\"potentialAction\":[{\"@type\":\"ReadAction\",\"target\":[\"https:\/\/www.colorflyprinting.com\/faq\/\"]}]},{\"@type\":\"BreadcrumbList\",\"@id\":\"https:\/\/www.colorflyprinting.com\/faq\/#breadcrumb\",\"itemListElement\":[{\"@type\":\"ListItem\",\"position\":1,\"name\":\"Home\",\"item\":\"https:\/\/www.colorflyprinting.com\/\"},{\"@type\":\"ListItem\",\"position\":2,\"name\":\"FAQ\"}]},{\"@type\":\"WebSite\",\"@id\":\"https:\/\/www.colorflyprinting.com\/#website\",\"url\":\"https:\/\/www.colorflyprinting.com\/\",\"name\":\"Hefei Colorfly Stationery Co.,Ltd.\",\"description\":\"\",\"publisher\":{\"@id\":\"https:\/\/www.colorflyprinting.com\/#organization\"},\"potentialAction\":[{\"@type\":\"SearchAction\",\"target\":{\"@type\":\"EntryPoint\",\"urlTemplate\":\"https:\/\/www.colorflyprinting.com\/?s={search_term_string}\"},\"query-input\":{\"@type\":\"PropertyValueSpecification\",\"valueRequired\":true,\"valueName\":\"search_term_string\"}}],\"inLanguage\":\"de\"},{\"@type\":\"Organization\",\"@id\":\"https:\/\/www.colorflyprinting.com\/#organization\",\"name\":\"Hefei Colorfly Stationery Co.,Ltd.\",\"url\":\"https:\/\/www.colorflyprinting.com\/\",\"logo\":{\"@type\":\"ImageObject\",\"inLanguage\":\"de\",\"@id\":\"https:\/\/www.colorflyprinting.com\/#\/schema\/logo\/image\/\",\"url\":\"https:\/\/www.colorflyprinting.com\/wp-content\/uploads\/2025\/04\/d167665f943610681229e2f4307b9df.jpg\",\"contentUrl\":\"https:\/\/www.colorflyprinting.com\/wp-content\/uploads\/2025\/04\/d167665f943610681229e2f4307b9df.jpg\",\"width\":780,\"height\":780,\"caption\":\"Hefei Colorfly Stationery Co.,Ltd.\"},\"image\":{\"@id\":\"https:\/\/www.colorflyprinting.com\/#\/schema\/logo\/image\/\"}}]}<\/script>\n<!-- \/ Yoast SEO Premium plugin. -->","yoast_head_json":{"title":"FAQ - colorflyprinting","robots":{"index":"index","follow":"follow","max-snippet":"max-snippet:-1","max-image-preview":"max-image-preview:large","max-video-preview":"max-video-preview:-1"},"canonical":"https:\/\/www.colorflyprinting.com\/de\/haufig-gestellte-fragen\/","og_locale":"de_DE","og_type":"article","og_title":"FAQ","og_description":"1. What is the price ? The price is decided by 7 factors: Material , Size, Color , Finishing ,","og_url":"https:\/\/www.colorflyprinting.com\/de\/haufig-gestellte-fragen\/","og_site_name":"colorflyprinting","twitter_card":"summary_large_image","twitter_misc":{"Gesch\u00e4tzte Lesezeit":"1\u00a0Minute"},"schema":{"@context":"https:\/\/schema.org","@graph":[{"@type":"WebPage","@id":"https:\/\/www.colorflyprinting.com\/faq\/","url":"https:\/\/www.colorflyprinting.com\/faq\/","name":"FAQ - colorflyprinting","isPartOf":{"@id":"https:\/\/www.colorflyprinting.com\/#website"},"datePublished":"2025-04-17T22:08:46+00:00","breadcrumb":{"@id":"https:\/\/www.colorflyprinting.com\/faq\/#breadcrumb"},"inLanguage":"de","potentialAction":[{"@type":"ReadAction","target":["https:\/\/www.colorflyprinting.com\/faq\/"]}]},{"@type":"BreadcrumbList","@id":"https:\/\/www.colorflyprinting.com\/faq\/#breadcrumb","itemListElement":[{"@type":"ListItem","position":1,"name":"Home","item":"https:\/\/www.colorflyprinting.com\/"},{"@type":"ListItem","position":2,"name":"FAQ"}]},{"@type":"WebSite","@id":"https:\/\/www.colorflyprinting.com\/#website","url":"https:\/\/www.colorflyprinting.com\/","name":"Hefei Colorfly Stationery Co.,Ltd.","description":"","publisher":{"@id":"https:\/\/www.colorflyprinting.com\/#organization"},"potentialAction":[{"@type":"SearchAction","target":{"@type":"EntryPoint","urlTemplate":"https:\/\/www.colorflyprinting.com\/?s={search_term_string}"},"query-input":{"@type":"PropertyValueSpecification","valueRequired":true,"valueName":"search_term_string"}}],"inLanguage":"de"},{"@type":"Organization","@id":"https:\/\/www.colorflyprinting.com\/#organization","name":"Hefei Colorfly Stationery Co.,Ltd.","url":"https:\/\/www.colorflyprinting.com\/","logo":{"@type":"ImageObject","inLanguage":"de","@id":"https:\/\/www.colorflyprinting.com\/#\/schema\/logo\/image\/","url":"https:\/\/www.colorflyprinting.com\/wp-content\/uploads\/2025\/04\/d167665f943610681229e2f4307b9df.jpg","contentUrl":"https:\/\/www.colorflyprinting.com\/wp-content\/uploads\/2025\/04\/d167665f943610681229e2f4307b9df.jpg","width":780,"height":780,"caption":"Hefei Colorfly Stationery Co.,Ltd."},"image":{"@id":"https:\/\/www.colorflyprinting.com\/#\/schema\/logo\/image\/"}}]}},"_links":{"self":[{"href":"https:\/\/www.colorflyprinting.com\/de\/wp-json\/wp\/v2\/pages\/9660","targetHints":{"allow":["GET"]}}],"collection":[{"href":"https:\/\/www.colorflyprinting.com\/de\/wp-json\/wp\/v2\/pages"}],"about":[{"href":"https:\/\/www.colorflyprinting.com\/de\/wp-json\/wp\/v2\/types\/page"}],"author":[{"embeddable":true,"href":"https:\/\/www.colorflyprinting.com\/de\/wp-json\/wp\/v2\/users\/1"}],"replies":[{"embeddable":true,"href":"https:\/\/www.colorflyprinting.com\/de\/wp-json\/wp\/v2\/comments?post=9660"}],"version-history":[{"count":0,"href":"https:\/\/www.colorflyprinting.com\/de\/wp-json\/wp\/v2\/pages\/9660\/revisions"}],"wp:attachment":[{"href":"https:\/\/www.colorflyprinting.com\/de\/wp-json\/wp\/v2\/media?parent=9660"}],"curies":[{"name":"wp","href":"https:\/\/api.w.org\/{rel}","templated":true}]}}