{"id":17925,"date":"2025-07-01T05:51:16","date_gmt":"2025-07-01T05:51:16","guid":{"rendered":"https:\/\/www.colorflyprinting.com\/?post_type=product&#038;p=17925"},"modified":"2025-11-28T01:34:16","modified_gmt":"2025-11-28T01:34:16","slug":"60gsm-exercise-book-bulk-custom","status":"publish","type":"product","link":"https:\/\/www.colorflyprinting.com\/ar\/product\/60gsm-exercise-book-bulk-custom\/","title":{"rendered":"60gsm Exercise Book Bulk Custom &#8211; A5 School Notebooks | Africa\/Middle East Supply"},"content":{"rendered":"<table class=\"has-title all magic-1\" style=\"height: 364px;\" width=\"818\">\n<tbody>\n<tr>\n<td colspan=\"1\" rowspan=\"1\">\n<div class=\"magic-2\"><span class=\"magic-3\" style=\"font-family: Arial;\" data-spm-anchor-id=\"a2700.details-description.0.i0.49aeommcommcRG\">\u0627\u0633\u0645 \u0627\u0644\u0645\u0646\u062a\u062c<\/span><\/div>\n<\/td>\n<td colspan=\"5\" rowspan=\"1\">\n<div class=\"magic-4\">\n<div data-spm-anchor-id=\"0.0.0.i3.59844f05Z16MVb\">exercise book a5 custom design notebook<\/div>\n<\/div>\n<\/td>\n<\/tr>\n<tr>\n<td colspan=\"1\" rowspan=\"1\">\n<div class=\"magic-2\"><span style=\"font-family: Arial;\">\u0627\u0644\u0635\u0641\u062d\u0627\u062a<\/span><\/div>\n<\/td>\n<td colspan=\"5\" rowspan=\"1\">\n<div class=\"magic-4\">\n<div data-spm-anchor-id=\"0.0.0.i13.59844f05Z16MVb\">100\/192 pages or customized<\/div>\n<\/div>\n<\/td>\n<\/tr>\n<tr>\n<td colspan=\"1\" rowspan=\"1\">\n<div class=\"magic-2\"><span class=\"magic-3\" style=\"font-family: Arial;\">\u0645\u0644\u0632\u0645<\/span><\/div>\n<\/td>\n<td colspan=\"5\" rowspan=\"1\">\n<div class=\"magic-4\">Staple binding\/Glue binding<\/div>\n<\/td>\n<\/tr>\n<tr>\n<td colspan=\"1\" rowspan=\"1\">\n<div class=\"magic-2\"><span class=\"magic-3\" style=\"font-family: Arial;\">\u0627\u0644\u062d\u062f \u0627\u0644\u0623\u062f\u0646\u0649 \u0644\u0643\u0645\u064a\u0629 \u0627\u0644\u0637\u0644\u0628<\/span><\/div>\n<\/td>\n<td colspan=\"5\" rowspan=\"1\">\n<div class=\"magic-4\">\u062d\u0627\u0648\u064a\u0629 20 \u0642\u062f\u0645\u064b\u0627<\/div>\n<\/td>\n<\/tr>\n<tr>\n<td colspan=\"1\" rowspan=\"1\">\n<div class=\"magic-2\"><span class=\"magic-10\"><span class=\"magic-3\" style=\"font-family: Arial;\">\u0645\u0627\u062f\u0629 \u0627\u0644\u063a\u0644\u0627\u0641\u00a0<\/span><\/span><\/div>\n<\/td>\n<td colspan=\"5\" rowspan=\"1\">\n<div class=\"magic-11\"><span class=\"magic-12\"><span class=\"magic-13\" data-spm-anchor-id=\"0.0.0.i17.659c4f05hpTzMY\"><span class=\"magic-6 magic-13\" data-spm-anchor-id=\"0.0.0.i10.659c4f05hpTzMY\">\u0648\u0631\u0642 \u0641\u0646\u064a (\u0648\u0631\u0642 \u0644\u0627\u0645\u0639)<\/span>\u00a0<\/span><\/span><b class=\"magic-14\" data-spm-anchor-id=\"0.0.0.i2.659c4f05hpTzMY\">\/\u00a0<\/b><span class=\"magic-12\" data-spm-anchor-id=\"0.0.0.i2.659c4f05hpTzMY\">\u0644\u0648\u062d \u0639\u0627\u062c<\/span><span class=\"magic-15\">\u00a0\/<span data-spm-anchor-id=\"a2700.siteadmin.0.i5.5fb7ac40eucAmy\">\u00a0<\/span><\/span><span class=\"magic-16\" data-spm-anchor-id=\"0.0.0.i11.659c4f05hpTzMY\"><span class=\"magic-17\" data-spm-anchor-id=\"0.0.0.i5.659c4f05Mw08yR\"><span class=\"magic-18\">\u0628 \u0628<\/span><\/span><\/span><b class=\"magic-14\" data-spm-anchor-id=\"0.0.0.i12.659c4f05hpTzMY\"><span data-spm-anchor-id=\"a2700.siteadmin.0.i4.5fb7ac40eucAmy\">\u00a0<\/span><\/b><span class=\"magic-15\" data-spm-anchor-id=\"a2700.siteadmin.0.i3.5fb7ac40eucAmy\">\/ \u0643\u0631\u062a\u0648\u0646 \u0631\u0645\u0627\u062f\u064a 2 \u0645\u0645<\/span><\/div>\n<\/td>\n<\/tr>\n<tr>\n<td colspan=\"1\" rowspan=\"1\">\n<div class=\"magic-2\"><span class=\"magic-10\"><span class=\"magic-3\" style=\"font-family: Arial;\">\u062a\u0635\u0645\u064a\u0645 \u0627\u0644\u063a\u0644\u0627\u0641<\/span><\/span><\/div>\n<\/td>\n<td colspan=\"5\" rowspan=\"1\">\n<div class=\"magic-11\"><span class=\"magic-15\">\u0627\u0642\u0628\u0644 \u0634\u0639\u0627\u0631\u0643 \u0648\u062a\u0635\u0645\u064a\u0645\u0643 \u0645\u0639 \u0627\u0644\u0637\u0628\u0627\u0639\u0629 \u0627\u0644\u0645\u0644\u0648\u0646\u0629 \u0628\u0627\u0644\u0643\u0627\u0645\u0644<\/span><\/div>\n<\/td>\n<\/tr>\n<tr>\n<td colspan=\"1\" rowspan=\"1\">\n<div class=\"magic-2\"><span class=\"magic-10\"><span class=\"magic-3\" style=\"font-family: Arial;\">\u0645\u0637\u0628\u0648\u0639 \u0645\u0646 \u0627\u0644\u062f\u0627\u062e\u0644<\/span><\/span><\/div>\n<\/td>\n<td colspan=\"5\" rowspan=\"1\">\n<div class=\"magic-11\"><span class=\"magic-16\" data-spm-anchor-id=\"0.0.0.i3.659c4f052ECamY\"><span data-spm-anchor-id=\"a2700.siteadmin.0.i5.1b1eac40c7SirH\"><span class=\"magic-6 magic-17\" data-spm-anchor-id=\"0.0.0.i4.659c4f05Aw8tDS\"><span class=\"magic-17\" data-spm-anchor-id=\"0.0.0.i2.659c4f052ECamY\"><span class=\"magic-18\">\u062e\u0637 \u0627\u0644\u062d\u0643\u0645 (\u0627\u0644\u0641\u0631\u062f\u064a)<\/span><\/span><\/span>\u00a0<\/span><\/span><span class=\"magic-15\" data-spm-anchor-id=\"a2700.siteadmin.0.i4.1b1eac40c7SirH\">\/\u00a0<\/span><span class=\"magic-6 magic-12\" data-spm-anchor-id=\"0.0.0.i2.659c4f057mTM3v\">\u0627\u0644\u062e\u0637 \u0627\u0644\u0641\u0631\u0646\u0633\u064a<\/span><span class=\"magic-15\">\u00a0\/\u00a0<\/span><span class=\"magic-12\" data-spm-anchor-id=\"0.0.0.i1.659c4f05Mw08yR\">\u0627\u0644\u062e\u0637 \u0627\u0644\u0639\u0631\u0628\u064a<\/span><span class=\"magic-15\">\u00a0\/<\/span><span class=\"magic-16\"><span class=\"magic-25\" data-spm-anchor-id=\"a2700.siteadmin.0.i2.1b1eac40c7SirH\"><b>\u00a0<\/b><\/span><span class=\"magic-17\"><span data-spm-anchor-id=\"a2700.siteadmin.0.i9.5fb7ac40eucAmy\">\u0645\u0631\u0628\u0639<\/span><span class=\"magic-26\" data-spm-anchor-id=\"0.0.0.i5.659c4f05Aw8tDS\">\u00a0<\/span><\/span><\/span><span class=\"magic-15\">\/ \u062e\u0637 \u0645\u0632\u062f\u0648\u062c \/ 4 \u0623\u0633\u0637\u0631 \u0625\u0646\u062c\u0644\u064a\u0632\u064a\u0629<\/span><\/div>\n<\/td>\n<\/tr>\n<tr>\n<td colspan=\"1\" rowspan=\"1\">\n<div class=\"magic-2\"><span class=\"magic-10\"><span class=\"magic-3\" style=\"font-family: Arial;\">\u0627\u0644\u0627\u0633\u062a\u062e\u062f\u0627\u0645<\/span><\/span><\/div>\n<\/td>\n<td colspan=\"5\" rowspan=\"1\">\n<div class=\"magic-11\"><span class=\"magic-15\">\u0627\u0644\u0645\u062f\u0631\u0633\u0629 \/ \u0627\u0644\u0645\u0643\u062a\u0628 \/ \u0627\u0644\u0647\u062f\u064a\u0629<\/span><\/div>\n<\/td>\n<\/tr>\n<tr>\n<td colspan=\"1\" rowspan=\"1\">\n<div class=\"magic-2\"><span class=\"magic-10\"><span class=\"magic-3\" style=\"font-family: Arial;\">\u0627\u0644\u062a\u0639\u0628\u0626\u0629 \u0648\u0627\u0644\u062a\u063a\u0644\u064a\u0641<\/span><\/span><\/div>\n<\/td>\n<td colspan=\"5\" rowspan=\"1\">\n<div class=\"magic-11\"><span class=\"magic-15\" data-spm-anchor-id=\"0.0.0.i15.59844f05Y46zmD\">\u0643\u064a\u0633 \u0627\u0646\u0643\u0645\u0627\u0634 \u0648\u0643\u0631\u062a\u0648\u0646 \u062a\u0635\u062f\u064a\u0631 \u0642\u064a\u0627\u0633\u064a<\/span><\/div>\n<\/td>\n<\/tr>\n<tr>\n<td colspan=\"1\" rowspan=\"1\">\n<div class=\"magic-2\"><span class=\"magic-10\"><span class=\"magic-3\" style=\"font-family: Arial;\">\u0631\u0645\u0632 \u0627\u0644\u0646\u0638\u0627\u0645 \u0627\u0644\u0645\u0646\u0633\u0642<\/span><\/span><\/div>\n<\/td>\n<td colspan=\"3\" rowspan=\"1\">\n<div class=\"magic-11\">\n<div class=\"magic-27\" data-spm-anchor-id=\"0.0.0.i74.59844f05QhGJ25\">48202000<\/div>\n<\/div>\n<\/td>\n<\/tr>\n<tr>\n<td colspan=\"1\" rowspan=\"1\">\n<div class=\"magic-2\"><span class=\"magic-10\"><span class=\"magic-3\" style=\"font-family: Arial;\">\u0641\u064a \u0646\u0641\u0633 \u0627\u0644\u0648\u0642\u062a<\/span><\/span><\/div>\n<\/td>\n<td colspan=\"5\" rowspan=\"1\">\n<div class=\"magic-11\"><span class=\"magic-15\">\u0627\u0644\u0639\u064a\u0646\u0629 \u0645\u062c\u0627\u0646\u064a\u0629 \u0648\u0633\u064a\u062a\u0645 \u0625\u0631\u0633\u0627\u0644\u0647\u0627 \u0625\u0644\u064a\u0643 \u0628\u0639\u062f \u064a\u0648\u0645 \u0648\u0627\u062d\u062f \u0641\u0642\u0637 \u0645\u0646 \u062a\u0623\u0643\u064a\u062f \u0627\u0644\u0645\u0648\u0627\u0635\u0641\u0627\u062a<\/span><\/div>\n<\/td>\n<\/tr>\n<tr>\n<td colspan=\"1\" rowspan=\"1\">\n<div class=\"magic-2\"><span class=\"magic-3\" style=\"font-family: Arial;\">\u062a\u0641\u0627\u0635\u064a\u0644 \u0627\u0644\u062a\u0633\u0644\u064a\u0645<\/span><\/div>\n<\/td>\n<td colspan=\"5\" rowspan=\"1\">\n<div class=\"magic-11\">\u062d\u0648\u0627\u0644\u064a 25 \u064a\u0648\u0645\u0627 \u0628\u0639\u062f \u0627\u0633\u062a\u0644\u0627\u0645 \u0627\u0644\u0648\u062f\u064a\u0639\u0629 \u0627\u0644\u062e\u0627\u0635\u0629 \u0628\u0643.<\/div>\n<\/td>\n<\/tr>\n<\/tbody>\n<\/table>\n<p><b><span class=\"magic-35\">\u0645\u064a\u0632\u0629<\/span><\/b><\/p>\n<div><span class=\"magic-3\">*\u0627\u0644\u0639\u0644\u0627\u0645\u0629 \u0627\u0644\u062a\u062c\u0627\u0631\u064a\u0629: \u0643\u0648\u0644\u0648\u0631\u0641\u0644\u0627\u064a<\/span><\/div>\n<div>*\u0646\u0648\u0639 \u0627\u0644\u0645\u0627\u062f\u0629: \u0648\u0631\u0642 \u062e\u0627\u0644\u064d \u0645\u0646 \u0627\u0644\u062e\u0634\u0628<\/div>\n<div><span class=\"magic-3\">*\u0627\u0644\u0646\u0645\u0637: \u0645\u0637\u0628\u0648\u0639<\/span><\/div>\n<div><span class=\"magic-3\">*\u0627\u0644\u062a\u0635\u0645\u064a\u0645: \u062a\u0635\u0645\u064a\u0645 \u0645\u062e\u0635\u0635 \u0645\u062a\u0627\u062d<\/span><\/div>\n<div data-spm-anchor-id=\"a2700.details-description.0.i1.49aeommcommcRG\"><span class=\"magic-25\"><span class=\"magic-3\">*\u0627\u0644\u0633\u0639\u0631: \u064a\u0639\u062a\u0645\u062f \u0639\u0644\u0649 \u0627\u0644\u0643\u0645\u064a\u0629<\/span><\/span><\/div>\n<div data-spm-anchor-id=\"a2700.details-description.0.i2.49aeommcommcRG\"><span class=\"magic-25\"><span class=\"magic-3\">*\u062f\u0641\u062a\u0631 \u062a\u0645\u0627\u0631\u064a\u0646 \u0648\u0631\u0642\u064a<\/span><\/span><\/div>","protected":false},"excerpt":{"rendered":"<div class=\"paragraph\"><strong class=\"\">Brighten Your School Days with Customizable Notebooks<\/strong><\/div>\n<div class=\"paragraph\">Elevate your study sessions with our vibrant, customizable notebooks, designed to inspire creativity and organization. Perfect for students of all ages, these notebooks are not just tools for note-taking but also colorful companions on your educational journey.<\/div>\n<div class=\"paragraph\"><strong>Product Features:<\/strong><\/div>\n<ul>\n<li>\n<div class=\"paragraph\"><strong>Durable Covers<\/strong>: With a variety of eye-catching designs, each notebook is built to last.<\/div>\n<\/li>\n<li>\n<div class=\"paragraph\"><strong class=\"\">Customizable Interior<\/strong>: Personalize the inside pages with your name, class, and subject for an organized touch.<\/div>\n<\/li>\n<li>\n<div class=\"paragraph\"><strong class=\"\">Quality Paper<\/strong>: Smooth writing experience with high-quality paper that resists bleed-through.<\/div>\n<\/li>\n<\/ul>\n<div class=\"paragraph\"><strong>Why Choose Our Custom Notebooks?<\/strong><\/div>\n<ul>\n<li>\n<div class=\"paragraph\"><strong>Express Yourself<\/strong>: Choose from our designs or bring your own for a truly unique look.<\/div>\n<\/li>\n<li>\n<div class=\"paragraph\"><strong>Perfect for Gifts<\/strong>: Ideal for birthdays, back-to-school, or as a special reward.<\/div>\n<\/li>\n<li>\n<div class=\"paragraph\"><strong class=\"\">Educational Institutions<\/strong>: Perfect for schools looking to provide personalized stationery to their students.<\/div>\n<\/li>\n<\/ul>\n<p><img decoding=\"async\" src=\"https:\/\/www.colorflyprinting.com\/wp-content\/uploads\/2025\/07\/H58877db1997b4cc5be786f328d4c4968I.jpg_720x720q50-150x150.avif\" \/><img decoding=\"async\" src=\"https:\/\/www.colorflyprinting.com\/wp-content\/uploads\/2025\/07\/H9bfef9e501cd4aaa846c0e65b06752cez.jpg_720x720q50-150x150.avif\" \/><img decoding=\"async\" src=\"https:\/\/www.colorflyprinting.com\/wp-content\/uploads\/2025\/07\/H58877db1997b4cc5be786f328d4c4968I.jpg_720x720q50-150x150.avif\" \/><\/p>","protected":false},"featured_media":17928,"comment_status":"open","ping_status":"closed","template":"","meta":[],"product_brand":[],"product_cat":[21],"product_tag":[722,132,432],"class_list":{"0":"post-17925","1":"product","2":"type-product","3":"status-publish","4":"has-post-thumbnail","6":"product_cat-exercise-book","7":"product_tag-60gsm-exercise-book","8":"product_tag-a5-exercise-book-notebook","9":"product_tag-school-exercise-book","11":"first","12":"instock","13":"shipping-taxable","14":"product-type-simple"},"yoast_head":"<!-- This site is optimized with the Yoast SEO Premium plugin v23.9 (Yoast SEO v25.2) - https:\/\/yoast.com\/wordpress\/plugins\/seo\/ -->\n<title>60gsm Exercise Book Bulk - Custom A5 Notebooks Africa<\/title>\n<meta name=\"description\" content=\"Exercise books 60gsm: Cahiers A5 personnalis\u00e9s pour \u00e9coles Afrique. Papier imperm\u00e9able. MOQ 50000. Pages r\u00e9gl\u00e9es Seyes. \u00c9chantillons gratuits\" \/>\n<meta name=\"robots\" content=\"index, follow, max-snippet:-1, max-image-preview:large, max-video-preview:-1\" \/>\n<link rel=\"canonical\" href=\"https:\/\/www.colorflyprinting.com\/ar\/product\/60gsm-exercise-book-bulk-custom\/\" \/>\n<meta property=\"og:locale\" content=\"ar_AR\" \/>\n<meta property=\"og:type\" content=\"article\" \/>\n<meta property=\"og:title\" content=\"60gsm Exercise Book Bulk Custom - A5 School Notebooks | Africa\/Middle East Supply\" \/>\n<meta property=\"og:description\" content=\"Exercise books 60gsm: Cahiers A5 personnalis\u00e9s pour \u00e9coles Afrique. Papier imperm\u00e9able. MOQ 50000. Pages r\u00e9gl\u00e9es Seyes. \u00c9chantillons gratuits\" \/>\n<meta property=\"og:url\" content=\"https:\/\/www.colorflyprinting.com\/ar\/product\/60gsm-exercise-book-bulk-custom\/\" \/>\n<meta property=\"og:site_name\" content=\"colorflyprinting\" \/>\n<meta property=\"article:modified_time\" content=\"2025-11-28T01:34:16+00:00\" \/>\n<meta name=\"twitter:card\" content=\"summary_large_image\" \/>\n<meta name=\"twitter:label1\" content=\"\u0648\u0642\u062a \u0627\u0644\u0642\u0631\u0627\u0621\u0629 \u0627\u0644\u0645\u064f\u0642\u062f\u0651\u0631\" \/>\n\t<meta name=\"twitter:data1\" content=\"\u062f\u0642\u064a\u0642\u0629 \u0648\u0627\u062d\u062f\u0629\" \/>\n<script type=\"application\/ld+json\" class=\"yoast-schema-graph\">{\"@context\":\"https:\/\/schema.org\",\"@graph\":[{\"@type\":\"WebPage\",\"@id\":\"https:\/\/www.colorflyprinting.com\/product\/60gsm-exercise-book-bulk-custom\/\",\"url\":\"https:\/\/www.colorflyprinting.com\/product\/60gsm-exercise-book-bulk-custom\/\",\"name\":\"60gsm Exercise Book Bulk - Custom A5 Notebooks Africa\",\"isPartOf\":{\"@id\":\"https:\/\/www.colorflyprinting.com\/#website\"},\"primaryImageOfPage\":{\"@id\":\"https:\/\/www.colorflyprinting.com\/product\/60gsm-exercise-book-bulk-custom\/#primaryimage\"},\"image\":{\"@id\":\"https:\/\/www.colorflyprinting.com\/product\/60gsm-exercise-book-bulk-custom\/#primaryimage\"},\"thumbnailUrl\":\"https:\/\/www.colorflyprinting.com\/wp-content\/uploads\/2025\/07\/H837b98a9f69a468ba6c47f86f2f01af5r.jpg_720x720q50.avif\",\"datePublished\":\"2025-07-01T05:51:16+00:00\",\"dateModified\":\"2025-11-28T01:34:16+00:00\",\"description\":\"Exercise books 60gsm: Cahiers A5 personnalis\u00e9s pour \u00e9coles Afrique. Papier imperm\u00e9able. MOQ 50000. Pages r\u00e9gl\u00e9es Seyes. \u00c9chantillons gratuits\",\"breadcrumb\":{\"@id\":\"https:\/\/www.colorflyprinting.com\/product\/60gsm-exercise-book-bulk-custom\/#breadcrumb\"},\"inLanguage\":\"ar\",\"potentialAction\":[{\"@type\":\"ReadAction\",\"target\":[\"https:\/\/www.colorflyprinting.com\/product\/60gsm-exercise-book-bulk-custom\/\"]}]},{\"@type\":\"ImageObject\",\"inLanguage\":\"ar\",\"@id\":\"https:\/\/www.colorflyprinting.com\/product\/60gsm-exercise-book-bulk-custom\/#primaryimage\",\"url\":\"https:\/\/www.colorflyprinting.com\/wp-content\/uploads\/2025\/07\/H837b98a9f69a468ba6c47f86f2f01af5r.jpg_720x720q50.avif\",\"contentUrl\":\"https:\/\/www.colorflyprinting.com\/wp-content\/uploads\/2025\/07\/H837b98a9f69a468ba6c47f86f2f01af5r.jpg_720x720q50.avif\",\"width\":720,\"height\":720},{\"@type\":\"BreadcrumbList\",\"@id\":\"https:\/\/www.colorflyprinting.com\/product\/60gsm-exercise-book-bulk-custom\/#breadcrumb\",\"itemListElement\":[{\"@type\":\"ListItem\",\"position\":1,\"name\":\"Home\",\"item\":\"https:\/\/www.colorflyprinting.com\/\"},{\"@type\":\"ListItem\",\"position\":2,\"name\":\"Product\",\"item\":\"https:\/\/www.colorflyprinting.com\/shop\/\"},{\"@type\":\"ListItem\",\"position\":3,\"name\":\"60gsm Exercise Book Bulk Custom &#8211; A5 School Notebooks | Africa\/Middle East Supply\"}]},{\"@type\":\"WebSite\",\"@id\":\"https:\/\/www.colorflyprinting.com\/#website\",\"url\":\"https:\/\/www.colorflyprinting.com\/\",\"name\":\"Hefei Colorfly Stationery Co.,Ltd.\",\"description\":\"\",\"publisher\":{\"@id\":\"https:\/\/www.colorflyprinting.com\/#organization\"},\"potentialAction\":[{\"@type\":\"SearchAction\",\"target\":{\"@type\":\"EntryPoint\",\"urlTemplate\":\"https:\/\/www.colorflyprinting.com\/?s={search_term_string}\"},\"query-input\":{\"@type\":\"PropertyValueSpecification\",\"valueRequired\":true,\"valueName\":\"search_term_string\"}}],\"inLanguage\":\"ar\"},{\"@type\":\"Organization\",\"@id\":\"https:\/\/www.colorflyprinting.com\/#organization\",\"name\":\"Hefei Colorfly Stationery Co.,Ltd.\",\"url\":\"https:\/\/www.colorflyprinting.com\/\",\"logo\":{\"@type\":\"ImageObject\",\"inLanguage\":\"ar\",\"@id\":\"https:\/\/www.colorflyprinting.com\/#\/schema\/logo\/image\/\",\"url\":\"https:\/\/www.colorflyprinting.com\/wp-content\/uploads\/2025\/04\/d167665f943610681229e2f4307b9df.jpg\",\"contentUrl\":\"https:\/\/www.colorflyprinting.com\/wp-content\/uploads\/2025\/04\/d167665f943610681229e2f4307b9df.jpg\",\"width\":780,\"height\":780,\"caption\":\"Hefei Colorfly Stationery Co.,Ltd.\"},\"image\":{\"@id\":\"https:\/\/www.colorflyprinting.com\/#\/schema\/logo\/image\/\"}}]}<\/script>\n<!-- \/ Yoast SEO Premium plugin. -->","yoast_head_json":{"title":"60gsm Exercise Book Bulk - Custom A5 Notebooks Africa","description":"Exercise books 60gsm: Cahiers A5 personnalis\u00e9s pour \u00e9coles Afrique. Papier imperm\u00e9able. MOQ 50000. Pages r\u00e9gl\u00e9es Seyes. \u00c9chantillons gratuits","robots":{"index":"index","follow":"follow","max-snippet":"max-snippet:-1","max-image-preview":"max-image-preview:large","max-video-preview":"max-video-preview:-1"},"canonical":"https:\/\/www.colorflyprinting.com\/ar\/product\/60gsm-exercise-book-bulk-custom\/","og_locale":"ar_AR","og_type":"article","og_title":"60gsm Exercise Book Bulk Custom - A5 School Notebooks | Africa\/Middle East Supply","og_description":"Exercise books 60gsm: Cahiers A5 personnalis\u00e9s pour \u00e9coles Afrique. Papier imperm\u00e9able. MOQ 50000. Pages r\u00e9gl\u00e9es Seyes. \u00c9chantillons gratuits","og_url":"https:\/\/www.colorflyprinting.com\/ar\/product\/60gsm-exercise-book-bulk-custom\/","og_site_name":"colorflyprinting","article_modified_time":"2025-11-28T01:34:16+00:00","twitter_card":"summary_large_image","twitter_misc":{"\u0648\u0642\u062a \u0627\u0644\u0642\u0631\u0627\u0621\u0629 \u0627\u0644\u0645\u064f\u0642\u062f\u0651\u0631":"\u062f\u0642\u064a\u0642\u0629 \u0648\u0627\u062d\u062f\u0629"},"schema":{"@context":"https:\/\/schema.org","@graph":[{"@type":"WebPage","@id":"https:\/\/www.colorflyprinting.com\/product\/60gsm-exercise-book-bulk-custom\/","url":"https:\/\/www.colorflyprinting.com\/product\/60gsm-exercise-book-bulk-custom\/","name":"60gsm Exercise Book Bulk - Custom A5 Notebooks Africa","isPartOf":{"@id":"https:\/\/www.colorflyprinting.com\/#website"},"primaryImageOfPage":{"@id":"https:\/\/www.colorflyprinting.com\/product\/60gsm-exercise-book-bulk-custom\/#primaryimage"},"image":{"@id":"https:\/\/www.colorflyprinting.com\/product\/60gsm-exercise-book-bulk-custom\/#primaryimage"},"thumbnailUrl":"https:\/\/www.colorflyprinting.com\/wp-content\/uploads\/2025\/07\/H837b98a9f69a468ba6c47f86f2f01af5r.jpg_720x720q50.avif","datePublished":"2025-07-01T05:51:16+00:00","dateModified":"2025-11-28T01:34:16+00:00","description":"Exercise books 60gsm: Cahiers A5 personnalis\u00e9s pour \u00e9coles Afrique. Papier imperm\u00e9able. MOQ 50000. Pages r\u00e9gl\u00e9es Seyes. \u00c9chantillons gratuits","breadcrumb":{"@id":"https:\/\/www.colorflyprinting.com\/product\/60gsm-exercise-book-bulk-custom\/#breadcrumb"},"inLanguage":"ar","potentialAction":[{"@type":"ReadAction","target":["https:\/\/www.colorflyprinting.com\/product\/60gsm-exercise-book-bulk-custom\/"]}]},{"@type":"ImageObject","inLanguage":"ar","@id":"https:\/\/www.colorflyprinting.com\/product\/60gsm-exercise-book-bulk-custom\/#primaryimage","url":"https:\/\/www.colorflyprinting.com\/wp-content\/uploads\/2025\/07\/H837b98a9f69a468ba6c47f86f2f01af5r.jpg_720x720q50.avif","contentUrl":"https:\/\/www.colorflyprinting.com\/wp-content\/uploads\/2025\/07\/H837b98a9f69a468ba6c47f86f2f01af5r.jpg_720x720q50.avif","width":720,"height":720},{"@type":"BreadcrumbList","@id":"https:\/\/www.colorflyprinting.com\/product\/60gsm-exercise-book-bulk-custom\/#breadcrumb","itemListElement":[{"@type":"ListItem","position":1,"name":"Home","item":"https:\/\/www.colorflyprinting.com\/"},{"@type":"ListItem","position":2,"name":"Product","item":"https:\/\/www.colorflyprinting.com\/shop\/"},{"@type":"ListItem","position":3,"name":"60gsm Exercise Book Bulk Custom &#8211; A5 School Notebooks | Africa\/Middle East Supply"}]},{"@type":"WebSite","@id":"https:\/\/www.colorflyprinting.com\/#website","url":"https:\/\/www.colorflyprinting.com\/","name":"Hefei Colorfly Stationery Co.,Ltd.","description":"","publisher":{"@id":"https:\/\/www.colorflyprinting.com\/#organization"},"potentialAction":[{"@type":"SearchAction","target":{"@type":"EntryPoint","urlTemplate":"https:\/\/www.colorflyprinting.com\/?s={search_term_string}"},"query-input":{"@type":"PropertyValueSpecification","valueRequired":true,"valueName":"search_term_string"}}],"inLanguage":"ar"},{"@type":"Organization","@id":"https:\/\/www.colorflyprinting.com\/#organization","name":"Hefei Colorfly Stationery Co.,Ltd.","url":"https:\/\/www.colorflyprinting.com\/","logo":{"@type":"ImageObject","inLanguage":"ar","@id":"https:\/\/www.colorflyprinting.com\/#\/schema\/logo\/image\/","url":"https:\/\/www.colorflyprinting.com\/wp-content\/uploads\/2025\/04\/d167665f943610681229e2f4307b9df.jpg","contentUrl":"https:\/\/www.colorflyprinting.com\/wp-content\/uploads\/2025\/04\/d167665f943610681229e2f4307b9df.jpg","width":780,"height":780,"caption":"Hefei Colorfly Stationery Co.,Ltd."},"image":{"@id":"https:\/\/www.colorflyprinting.com\/#\/schema\/logo\/image\/"}}]}},"_links":{"self":[{"href":"https:\/\/www.colorflyprinting.com\/ar\/wp-json\/wp\/v2\/product\/17925","targetHints":{"allow":["GET"]}}],"collection":[{"href":"https:\/\/www.colorflyprinting.com\/ar\/wp-json\/wp\/v2\/product"}],"about":[{"href":"https:\/\/www.colorflyprinting.com\/ar\/wp-json\/wp\/v2\/types\/product"}],"replies":[{"embeddable":true,"href":"https:\/\/www.colorflyprinting.com\/ar\/wp-json\/wp\/v2\/comments?post=17925"}],"wp:featuredmedia":[{"embeddable":true,"href":"https:\/\/www.colorflyprinting.com\/ar\/wp-json\/wp\/v2\/media\/17928"}],"wp:attachment":[{"href":"https:\/\/www.colorflyprinting.com\/ar\/wp-json\/wp\/v2\/media?parent=17925"}],"wp:term":[{"taxonomy":"product_brand","embeddable":true,"href":"https:\/\/www.colorflyprinting.com\/ar\/wp-json\/wp\/v2\/product_brand?post=17925"},{"taxonomy":"product_cat","embeddable":true,"href":"https:\/\/www.colorflyprinting.com\/ar\/wp-json\/wp\/v2\/product_cat?post=17925"},{"taxonomy":"product_tag","embeddable":true,"href":"https:\/\/www.colorflyprinting.com\/ar\/wp-json\/wp\/v2\/product_tag?post=17925"}],"curies":[{"name":"wp","href":"https:\/\/api.w.org\/{rel}","templated":true}]}}